{"id":42,"date":"2022-06-08T13:40:30","date_gmt":"2022-06-08T13:40:30","guid":{"rendered":"https:\/\/bsf-ag.ch\/?page_id=42"},"modified":"2023-02-24T07:43:41","modified_gmt":"2023-02-24T06:43:41","slug":"kontakt","status":"publish","type":"page","link":"https:\/\/bsf-ag.ch\/fr\/kontakt\/","title":{"rendered":"Contact"},"content":{"rendered":"<style type=\"text\/css\" data-created_by=\"avia_inline_auto\" id=\"style-css-av-zg6u-60f308d8bdff43786937393d2c2f384a\">\n.avia-section.av-zg6u-60f308d8bdff43786937393d2c2f384a .av-parallax .av-parallax-inner{\nbackground-repeat:no-repeat;\nbackground-image:url(https:\/\/bsf-ag.ch\/wp-content\/uploads\/2022\/07\/02BSF-drehen.png);\nbackground-position:100% 50%;\nbackground-attachment:scroll;\n}\n.avia-section.av-zg6u-60f308d8bdff43786937393d2c2f384a .av-section-color-overlay{\nopacity:0.4;\nbackground-color:#000000;\n}\n<\/style>\n<div id='av_section_1'  class='avia-section av-zg6u-60f308d8bdff43786937393d2c2f384a main_color avia-section-default avia-no-border-styling  avia-builder-el-0  el_before_av_one_half  avia-builder-el-first  av-parallax-section avia-bg-style-parallax av-section-color-overlay-active container_wrap fullsize'  data-section-bg-repeat='no-repeat'><div class='av-parallax' data-avia-parallax-ratio='0.3' ><div class='av-parallax-inner main_color avia-full-stretch'><\/div><\/div><div class=\"av-section-color-overlay-wrap\"><div class=\"av-section-color-overlay\"><\/div><div class='container av-section-cont-open' ><main  role=\"main\" itemprop=\"mainContentOfPage\"  class='template-page content  av-content-full alpha units'><div class='post-entry post-entry-type-page post-entry-42'><div class='entry-content-wrapper clearfix'>\n\n<style type=\"text\/css\" data-created_by=\"avia_inline_auto\" id=\"style-css-av-l5h7g55u-fa17558b241e3b96bc7e08033d80108c\">\n#top .av-special-heading.av-l5h7g55u-fa17558b241e3b96bc7e08033d80108c{\npadding-bottom:10px;\ncolor:#ffffff;\n}\nbody .av-special-heading.av-l5h7g55u-fa17558b241e3b96bc7e08033d80108c .av-special-heading-tag .heading-char{\nfont-size:25px;\n}\n.av-special-heading.av-l5h7g55u-fa17558b241e3b96bc7e08033d80108c .special-heading-inner-border{\nborder-color:#ffffff;\n}\n.av-special-heading.av-l5h7g55u-fa17558b241e3b96bc7e08033d80108c .av-subheading{\nfont-size:15px;\n}\n<\/style>\n<div  class='av-special-heading av-l5h7g55u-fa17558b241e3b96bc7e08033d80108c av-special-heading-h1 custom-color-heading blockquote modern-quote modern-centered  avia-builder-el-1  avia-builder-el-no-sibling'><h1 class='av-special-heading-tag'  itemprop=\"headline\"  >Contact<\/h1><div class=\"special-heading-border\"><div class=\"special-heading-inner-border\"><\/div><\/div><\/div>\n<\/div><\/div><\/main><!-- close content main element --><\/div><\/div><\/div><div id='after_section_1'  class='main_color av_default_container_wrap container_wrap fullsize'  ><div class='container av-section-cont-open' ><div class='template-page content  av-content-full alpha units'><div class='post-entry post-entry-type-page post-entry-42'><div class='entry-content-wrapper clearfix'>\n<div  class='flex_column av-b6vy-d45d125a773fd146faa0e37771b281b4 av_one_half  avia-builder-el-2  el_after_av_section  el_before_av_one_half  avia-builder-el-first  first flex_column_div'     ><p>\n<style type=\"text\/css\" data-created_by=\"avia_inline_auto\" id=\"style-css-av-l5h7t98l-72d7557e2f3b64ec6ef36f609fb1f8a3\">\n#top .av-special-heading.av-l5h7t98l-72d7557e2f3b64ec6ef36f609fb1f8a3{\npadding-bottom:10px;\n}\nbody .av-special-heading.av-l5h7t98l-72d7557e2f3b64ec6ef36f609fb1f8a3 .av-special-heading-tag .heading-char{\nfont-size:25px;\n}\n.av-special-heading.av-l5h7t98l-72d7557e2f3b64ec6ef36f609fb1f8a3 .av-subheading{\nfont-size:15px;\n}\n<\/style>\n<div  class='av-special-heading av-l5h7t98l-72d7557e2f3b64ec6ef36f609fb1f8a3 av-special-heading-h2 blockquote modern-quote  avia-builder-el-3  el_before_av_hr  avia-builder-el-first'><h2 class='av-special-heading-tag'  itemprop=\"headline\"  >Demande sans engagement<\/h2><div class=\"special-heading-border\"><div class=\"special-heading-inner-border\"><\/div><\/div><\/div><br \/>\n\n<style type=\"text\/css\" data-created_by=\"avia_inline_auto\" id=\"style-css-av-ygdy-27f393c7bdee791bb32aed0e56f34a07\">\n#top .hr.av-ygdy-27f393c7bdee791bb32aed0e56f34a07{\nmargin-top:1px;\nmargin-bottom:20px;\n}\n.hr.av-ygdy-27f393c7bdee791bb32aed0e56f34a07 .hr-inner{\nwidth:60px;\nborder-color:#67ad23;\n}\n<\/style>\n<div  class='hr av-ygdy-27f393c7bdee791bb32aed0e56f34a07 hr-custom  avia-builder-el-4  el_after_av_heading  el_before_av_textblock  hr-left hr-icon-no'><span class='hr-inner inner-border-av-border-fat'><span class=\"hr-inner-style\"><\/span><\/span><\/div><br \/>\n<section  class='av_textblock_section av-l5h7tupb-fd206870555332e2f2bd2bb03ed906c8'   itemscope=\"itemscope\" itemtype=\"https:\/\/schema.org\/CreativeWork\" ><div class='avia_textblock'  itemprop=\"text\" ><p>N'h\u00e9sitez pas \u00e0 nous envoyer un e-mail et nous vous contacterons dans les plus brefs d\u00e9lais.<\/p>\n<\/div><\/section><br \/>\n<form action=\"https:\/\/bsf-ag.ch\/fr\/kontakt\/\" method=\"post\" data-fields-with-error=\"Erreurs trouv\u00e9es dans les champs suivants :\" class=\"avia_ajax_form av-form-labels-visible   avia-builder-el-6  el_after_av_textblock  avia-builder-el-last\" data-avia-form-id=\"1\" data-avia-redirect='' data-trp-original-action=\"https:\/\/bsf-ag.ch\/fr\/kontakt\/\" ><fieldset><p class='first_form  form_element form_element_half' id='element_avia_1_1'><label for=\"avia_1_1\">Pr\u00e9nom <abbr class=\"required\" title=\"requis(e)\">*<\/abbr><\/label> <input name=\"avia_1_1\" class=\"text_input is_empty\" type=\"text\" id=\"avia_1_1\" value=\"\" \/><\/p><p class='form_element form_element_half' id='element_avia_2_1'><label for=\"avia_2_1\">Nom de famille<\/label> <input name=\"avia_2_1\" class=\"text_input\" type=\"text\" id=\"avia_2_1\" value=\"\" \/><\/p><p class='first_form  form_element form_element_half' id='element_avia_3_1'><label for=\"avia_3_1\">Courrier \u00e9lectronique <abbr class=\"required\" title=\"requis(e)\">*<\/abbr><\/label> <input name=\"avia_3_1\" class=\"text_input is_email\" type=\"text\" id=\"avia_3_1\" value=\"\" \/><\/p><p class='form_element form_element_half' id='element_avia_4_1'><label for=\"avia_4_1\">Soci\u00e9t\u00e9<\/label> <input name=\"avia_4_1\" class=\"text_input\" type=\"text\" id=\"avia_4_1\" value=\"\" \/><\/p><p class='first_form  form_element form_element_half' id='element_avia_5_1'><label for=\"avia_5_1\">Num\u00e9ro de t\u00e9l\u00e9phone<\/label> <input name=\"avia_5_1\" class=\"text_input\" type=\"text\" id=\"avia_5_1\" value=\"\" \/><\/p><p class='form_element form_element_half' id='element_avia_6_1'><label for=\"avia_6_1\">Sujet <abbr class=\"required\" title=\"requis(e)\">*<\/abbr><\/label> <input name=\"avia_6_1\" class=\"text_input is_empty\" type=\"text\" id=\"avia_6_1\" value=\"\" \/><\/p><p class='first_form  form_element form_fullwidth' id='element_avia_7_1'><label for=\"avia_7_1\" class=\"textare_label hidden textare_label_avia_7_1\">Message <abbr class=\"required\" title=\"requis(e)\">*<\/abbr><\/label><textarea  name=\"avia_7_1\" class=\"text_area is_empty\" cols=\"40\" rows=\"7\" id=\"avia_7_1\" ><\/textarea><\/p><p class=\"hidden\"><input type=\"text\" name=\"avia_8_1\" class=\"hidden\" id=\"avia_8_1\" value=\"\" \/><\/p><div id='avia_9_1' class='av-recaptcha-area  first_form  form_element form_fullwidth'  data-container_class=\"\" data-custom_class=\"\" data-context=\"av_contact_form\" data-token_input=\"av_recaptcha_token\" data-version=\"avia_recaptcha_v3\" data-theme=\"light\" data-size=\"normal\" data-score=\"0.5\" data-text_to_preview=\"\" data-value=\"\"><div class=\"av-google-badge-message hidden\">Ce site est prot\u00e9g\u00e9 par reCAPTCHA et la <a href=\"https:\/\/policies.google.com\/privacy\">politique de confidentialit\u00e9<\/a> de Google et <a href=\"https:\/\/policies.google.com\/terms\">leurs conditions d'utilisation<\/a> s'appliquent.<\/div><\/div><p class=\"form_element\"><input type=\"hidden\" value=\"1\" name=\"avia_generated_form1\" \/><input type=\"submit\" value=\"Envoyer\" class=\"button\"  data-sending-label=\"Envoi\"\/><\/p><\/fieldset><div class=\"avia-disabled-form\">Ce formulaire est d\u00e9sactiv\u00e9 dans la mesure o\u00f9 vous refusez d'accepter le service Google reCAPTCHA n\u00e9cessaire pour valider toute exp\u00e9dition de message depuis celui-ci.<\/div><input type=\"hidden\" name=\"trp-form-language\" value=\"fr\"\/><\/form><div id=\"ajaxresponse_1\" class=\"ajaxresponse ajaxresponse_1 hidden\"><\/div><\/p><\/div><div  class='flex_column av-2nk2-014b86f207442c5a44c9e4402b2d75d3 av_one_half  avia-builder-el-7  el_after_av_one_half  avia-builder-el-last  flex_column_div'     ><p>\n<style type=\"text\/css\" data-created_by=\"avia_inline_auto\" id=\"style-css-av-l5h7rsgu-960585772c154ce80aa336c45fde15c1\">\n#top .av-special-heading.av-l5h7rsgu-960585772c154ce80aa336c45fde15c1{\npadding-bottom:10px;\n}\nbody .av-special-heading.av-l5h7rsgu-960585772c154ce80aa336c45fde15c1 .av-special-heading-tag .heading-char{\nfont-size:25px;\n}\n.av-special-heading.av-l5h7rsgu-960585772c154ce80aa336c45fde15c1 .av-subheading{\nfont-size:15px;\n}\n<\/style>\n<div  class='av-special-heading av-l5h7rsgu-960585772c154ce80aa336c45fde15c1 av-special-heading-h2 blockquote modern-quote  avia-builder-el-8  el_before_av_hr  avia-builder-el-first'><h2 class='av-special-heading-tag'  itemprop=\"headline\"  >Contact<\/h2><div class=\"special-heading-border\"><div class=\"special-heading-inner-border\"><\/div><\/div><\/div><br \/>\n\n<style type=\"text\/css\" data-created_by=\"avia_inline_auto\" id=\"style-css-av-l5h7s3ee-2bc092b86908ca75f81752aa9a2fc9d9\">\n#top .hr.av-l5h7s3ee-2bc092b86908ca75f81752aa9a2fc9d9{\nmargin-top:1px;\nmargin-bottom:20px;\n}\n.hr.av-l5h7s3ee-2bc092b86908ca75f81752aa9a2fc9d9 .hr-inner{\nwidth:60px;\nborder-color:#67ad23;\n}\n<\/style>\n<div  class='hr av-l5h7s3ee-2bc092b86908ca75f81752aa9a2fc9d9 hr-custom  avia-builder-el-9  el_after_av_heading  el_before_av_textblock  hr-left hr-icon-no'><span class='hr-inner inner-border-av-border-fat'><span class=\"hr-inner-style\"><\/span><\/span><\/div><br \/>\n<section  class='av_textblock_section av-l4gx3iyp-80e78e40635db4bf66b148e63dc5fa5c'   itemscope=\"itemscope\" itemtype=\"https:\/\/schema.org\/CreativeWork\" ><div class='avia_textblock'  itemprop=\"text\" ><p>BSF B\u00fcnter AG<br \/>\n3, rue du barrage<br \/>\n9435 Heerbrugg<br \/>\nCH-Suisse<\/p>\n<p>T :\u00a0<a href=\"tel:0041715207420\">+41 71 520 74 20<\/a><br \/>\nE :\u00a0<a href=\"mailto:info@bsf-ag.ch\">info@bsf-ag.ch<\/a><\/p>\n<div id=\"gtx-trans\" style=\"position: absolute; left: -62px; top: 179.188px;\">\n<div class=\"gtx-trans-icon\"><\/div>\n<\/div>\n<\/div><\/section><br \/>\n\n<style type=\"text\/css\" data-created_by=\"avia_inline_auto\" id=\"style-css-av-l5h7snrv-27b24fcf813e69e7817f4d1c05015af4\">\n#top .av-special-heading.av-l5h7snrv-27b24fcf813e69e7817f4d1c05015af4{\npadding-bottom:10px;\n}\nbody .av-special-heading.av-l5h7snrv-27b24fcf813e69e7817f4d1c05015af4 .av-special-heading-tag .heading-char{\nfont-size:25px;\n}\n.av-special-heading.av-l5h7snrv-27b24fcf813e69e7817f4d1c05015af4 .av-subheading{\nfont-size:15px;\n}\n<\/style>\n<div  class='av-special-heading av-l5h7snrv-27b24fcf813e69e7817f4d1c05015af4 av-special-heading-h2 blockquote modern-quote  avia-builder-el-11  el_after_av_textblock  el_before_av_hr'><h2 class='av-special-heading-tag'  itemprop=\"headline\"  >Heures d'ouverture<\/h2><div class=\"special-heading-border\"><div class=\"special-heading-inner-border\"><\/div><\/div><\/div><br \/>\n\n<style type=\"text\/css\" data-created_by=\"avia_inline_auto\" id=\"style-css-av-1eylm-efc8a5ed0a9d9e4e3b3b2342511c34b7\">\n#top .hr.av-1eylm-efc8a5ed0a9d9e4e3b3b2342511c34b7{\nmargin-top:1px;\nmargin-bottom:20px;\n}\n.hr.av-1eylm-efc8a5ed0a9d9e4e3b3b2342511c34b7 .hr-inner{\nwidth:60px;\nborder-color:#67ad23;\n}\n<\/style>\n<div  class='hr av-1eylm-efc8a5ed0a9d9e4e3b3b2342511c34b7 hr-custom  avia-builder-el-12  el_after_av_heading  el_before_av_textblock  hr-left hr-icon-no'><span class='hr-inner inner-border-av-border-fat'><span class=\"hr-inner-style\"><\/span><\/span><\/div><br \/>\n<section  class='av_textblock_section av-l4gx3zp3-536559f630301c26028ae5aa304d8f78'   itemscope=\"itemscope\" itemtype=\"https:\/\/schema.org\/CreativeWork\" ><div class='avia_textblock'  itemprop=\"text\" ><p>Lu - Ve : 07:00-17:00 heures<br \/>\nSa &amp; Di : Ferm\u00e9<\/p>\n<div id=\"gtx-trans\" style=\"position: absolute; left: -92px; top: -1.40625px;\">\n<div class=\"gtx-trans-icon\"><\/div>\n<\/div>\n<\/div><\/section><br \/>\n<div  class='av_gmaps_sc_main_wrap av_gmaps_main_wrap'><div id='av_gmap_0' class='avia-google-map-container avia-google-map-sc av_gmaps_show_unconditionally av-no-fallback-img' data-mapid='av_gmap_0'  style='height: 400px;'><a class=\"av_gmaps_browser_disabled av_text_confirm_link av_text_confirm_link_visible\" href=\"https:\/\/www.google.com\/maps\/search\/?api=1&#038;query=Dammstrasse%209435%20Heerbrugg%20St.%20Gallen%20Schweiz\" target=\"_blank\" rel=\"noopener\">Les cartes ont \u00e9t\u00e9 d\u00e9sactiv\u00e9es par le visiteur sur ce site. Cliquer pour ouvrir la carte dans une nouvelle fen\u00eatre.<\/a><\/div><\/div><\/p><\/div><\/p>","protected":false},"excerpt":{"rendered":"","protected":false},"author":1,"featured_media":0,"parent":0,"menu_order":6000,"comment_status":"closed","ping_status":"closed","template":"","meta":{"inline_featured_image":false,"footnotes":""},"class_list":["post-42","page","type-page","status-publish","hentry"],"aioseo_notices":[],"_links":{"self":[{"href":"https:\/\/bsf-ag.ch\/fr\/wp-json\/wp\/v2\/pages\/42","targetHints":{"allow":["GET"]}}],"collection":[{"href":"https:\/\/bsf-ag.ch\/fr\/wp-json\/wp\/v2\/pages"}],"about":[{"href":"https:\/\/bsf-ag.ch\/fr\/wp-json\/wp\/v2\/types\/page"}],"author":[{"embeddable":true,"href":"https:\/\/bsf-ag.ch\/fr\/wp-json\/wp\/v2\/users\/1"}],"replies":[{"embeddable":true,"href":"https:\/\/bsf-ag.ch\/fr\/wp-json\/wp\/v2\/comments?post=42"}],"version-history":[{"count":50,"href":"https:\/\/bsf-ag.ch\/fr\/wp-json\/wp\/v2\/pages\/42\/revisions"}],"predecessor-version":[{"id":1713,"href":"https:\/\/bsf-ag.ch\/fr\/wp-json\/wp\/v2\/pages\/42\/revisions\/1713"}],"wp:attachment":[{"href":"https:\/\/bsf-ag.ch\/fr\/wp-json\/wp\/v2\/media?parent=42"}],"curies":[{"name":"wp","href":"https:\/\/api.w.org\/{rel}","templated":true}]}}