{"id":38,"date":"2022-06-08T13:37:14","date_gmt":"2022-06-08T13:37:14","guid":{"rendered":"https:\/\/bsf-ag.ch\/?page_id=38"},"modified":"2022-07-12T06:17:30","modified_gmt":"2022-07-12T06:17:30","slug":"service","status":"publish","type":"page","link":"https:\/\/bsf-ag.ch\/fr\/service\/","title":{"rendered":"Service"},"content":{"rendered":"<style type=\"text\/css\" data-created_by=\"avia_inline_auto\" id=\"style-css-av-yj0a-3714d7c3059a0a9d7d4a360fac783a7c\">\n.avia-section.av-yj0a-3714d7c3059a0a9d7d4a360fac783a7c .av-parallax .av-parallax-inner{\nbackground-repeat:no-repeat;\nbackground-image:url(https:\/\/bsf-ag.ch\/wp-content\/uploads\/2022\/07\/02BSF-drehen.png);\nbackground-position:100% 50%;\nbackground-attachment:scroll;\n}\n.avia-section.av-yj0a-3714d7c3059a0a9d7d4a360fac783a7c .av-section-color-overlay{\nopacity:0.4;\nbackground-color:#000000;\n}\n<\/style>\n<div id='av_section_1'  class='avia-section av-yj0a-3714d7c3059a0a9d7d4a360fac783a7c main_color avia-section-default avia-no-border-styling  avia-builder-el-0  el_before_av_section  avia-builder-el-first  av-parallax-section avia-bg-style-parallax av-section-color-overlay-active container_wrap fullsize'  data-section-bg-repeat='no-repeat'><div class='av-parallax' data-avia-parallax-ratio='0.3' ><div class='av-parallax-inner main_color avia-full-stretch'><\/div><\/div><div class=\"av-section-color-overlay-wrap\"><div class=\"av-section-color-overlay\"><\/div><div class='container av-section-cont-open' ><main  role=\"main\" itemprop=\"mainContentOfPage\"  class='template-page content  av-content-full alpha units'><div class='post-entry post-entry-type-page post-entry-38'><div class='entry-content-wrapper clearfix'>\n\n<style type=\"text\/css\" data-created_by=\"avia_inline_auto\" id=\"style-css-av-l5h5it7e-da7bcfebe9a882b23cb0f412ab34985a\">\n#top .av-special-heading.av-l5h5it7e-da7bcfebe9a882b23cb0f412ab34985a{\npadding-bottom:10px;\ncolor:#ffffff;\n}\nbody .av-special-heading.av-l5h5it7e-da7bcfebe9a882b23cb0f412ab34985a .av-special-heading-tag .heading-char{\nfont-size:25px;\n}\n.av-special-heading.av-l5h5it7e-da7bcfebe9a882b23cb0f412ab34985a .special-heading-inner-border{\nborder-color:#ffffff;\n}\n.av-special-heading.av-l5h5it7e-da7bcfebe9a882b23cb0f412ab34985a .av-subheading{\nfont-size:15px;\n}\n<\/style>\n<div  class='av-special-heading av-l5h5it7e-da7bcfebe9a882b23cb0f412ab34985a av-special-heading-h1 custom-color-heading blockquote modern-quote modern-centered  avia-builder-el-1  avia-builder-el-no-sibling'><h1 class='av-special-heading-tag'  itemprop=\"headline\"  >Service<\/h1><div class=\"special-heading-border\"><div class=\"special-heading-inner-border\"><\/div><\/div><\/div>\n\n<\/div><\/div><\/main><!-- close content main element --><\/div><\/div><\/div><div id='av_section_2'  class='avia-section av-5m772-94f1af25fac97e913d2861ffbd5e8010 main_color avia-section-default avia-no-border-styling  avia-builder-el-2  el_after_av_section  avia-builder-el-last  avia-bg-style-scroll container_wrap fullsize'  ><div class='container av-section-cont-open' ><div class='template-page content  av-content-full alpha units'><div class='post-entry post-entry-type-page post-entry-38'><div class='entry-content-wrapper clearfix'>\n<div class='flex_column_table av-3p9si-03cfc65484565fc8c5eaba6bfbaa7ca5 sc-av_one_third av-equal-height-column-flextable'><div  class='flex_column av-3p9si-03cfc65484565fc8c5eaba6bfbaa7ca5 av_one_third  avia-builder-el-3  el_before_av_one_third  avia-builder-el-first  first flex_column_table_cell av-equal-height-column av-align-top'     ><style type=\"text\/css\" data-created_by=\"avia_inline_auto\" id=\"style-css-av-3cdd2-1d72554fc921c5840315c0261ff5233f\">\n.iconbox.av-3cdd2-1d72554fc921c5840315c0261ff5233f .iconbox_icon{\nbackground-color:#68ad23;\ncolor:#ffffff;\n}\n<\/style>\n<article  class='iconbox iconbox_top av-3cdd2-1d72554fc921c5840315c0261ff5233f av-no-box  avia-builder-el-4  avia-builder-el-no-sibling'  itemscope=\"itemscope\" itemtype=\"https:\/\/schema.org\/CreativeWork\" ><div class=\"iconbox_content\"><header class=\"entry-content-header\"><div class=\"iconbox_icon heading-color\" aria-hidden='true' data-av_icon='\ue862' data-av_iconfont='entypo-fontello'><\/div><h3 class='iconbox_content_title'  itemprop=\"headline\" >Temps de traitement courts<\/h3><\/header><div class='iconbox_content_container'  itemprop=\"text\" ><p style=\"text-align: center;\">En plus de la sous-traitance de haute qualit\u00e9, BSF B\u00fcnter AG offre encore d'autres avantages. Afin d'\u00eatre pr\u00eate \u00e0 r\u00e9pondre aux commandes urgentes, l'entreprise familiale dispose d'un vaste entrep\u00f4t de mat\u00e9riaux. Tout le sous-sol est rempli d'\u00e9tag\u00e8res soigneusement \u00e9tiquet\u00e9es, dans lesquelles des blocs et des barres tri\u00e9s sont pr\u00eats \u00e0 \u00eatre utilis\u00e9s imm\u00e9diatement.<\/p>\n<\/div><\/div><footer class=\"entry-footer\"><\/footer><\/article><\/div><div class='av-flex-placeholder'><\/div><div  class='flex_column av-2oesa-2bda5533b7d3703e25f7837ab0431af3 av_one_third  avia-builder-el-5  el_after_av_one_third  el_before_av_one_third  flex_column_table_cell av-equal-height-column av-align-top'     ><style type=\"text\/css\" data-created_by=\"avia_inline_auto\" id=\"style-css-av-26m1m-912b73d394e2dc67169e8814ae933f2e\">\n.iconbox.av-26m1m-912b73d394e2dc67169e8814ae933f2e .iconbox_icon{\nbackground-color:#68ad23;\ncolor:#ffffff;\n}\n<\/style>\n<article  class='iconbox iconbox_top av-26m1m-912b73d394e2dc67169e8814ae933f2e av-no-box  avia-builder-el-6  avia-builder-el-no-sibling'  itemscope=\"itemscope\" itemtype=\"https:\/\/schema.org\/CreativeWork\" ><div class=\"iconbox_content\"><header class=\"entry-content-header\"><div class=\"iconbox_icon heading-color\" aria-hidden='true' data-av_icon='\ue827' data-av_iconfont='entypo-fontello'><\/div><h3 class='iconbox_content_title'  itemprop=\"headline\" >Transparence des prix<\/h3><\/header><div class='iconbox_content_container'  itemprop=\"text\" ><p style=\"text-align: center;\">Chez BSF B\u00fcnter AG, la transparence des prix est de mise. Afin que les clients n'aient pas \u00e0 craindre de frais cach\u00e9s, la livraison des composants command\u00e9s est toujours gratuite. Pour les grandes distances, la marchandise est livr\u00e9e par la poste, bien emball\u00e9e. Pour les distances de livraison plus courtes, la voiture de l'entreprise BSF est utilis\u00e9e comme moyen de transport.<\/p>\n<\/div><\/div><footer class=\"entry-footer\"><\/footer><\/article><\/div><div class='av-flex-placeholder'><\/div><div  class='flex_column av-1h7oy-4479d2a900ff4005f7119e85e0b36bfa av_one_third  avia-builder-el-7  el_after_av_one_third  avia-builder-el-last  flex_column_table_cell av-equal-height-column av-align-top'     ><style type=\"text\/css\" data-created_by=\"avia_inline_auto\" id=\"style-css-av-3isy-29db68a2dba417006c557ebe2057bcb0\">\n.iconbox.av-3isy-29db68a2dba417006c557ebe2057bcb0 .iconbox_icon{\nbackground-color:#68ad23;\ncolor:#ffffff;\n}\n<\/style>\n<article  class='iconbox iconbox_top av-3isy-29db68a2dba417006c557ebe2057bcb0 av-no-box  avia-builder-el-8  avia-builder-el-no-sibling'  itemscope=\"itemscope\" itemtype=\"https:\/\/schema.org\/CreativeWork\" ><div class=\"iconbox_content\"><header class=\"entry-content-header\"><div class=\"iconbox_icon heading-color\" aria-hidden='true' data-av_icon='\ue83f' data-av_iconfont='entypo-fontello'><\/div><h3 class='iconbox_content_title'  itemprop=\"headline\" >Laser CUSING<\/h3><\/header><div class='iconbox_content_container'  itemprop=\"text\" ><p style=\"text-align: center;\">Le dernier service de BSF B\u00fcnter AG, le LaserCUSING, prend de plus en plus d'importance dans le secteur de la m\u00e9tallurgie. Pour de nombreuses entreprises, il y a encore des incertitudes sur le fonctionnement de ce proc\u00e9d\u00e9, sur les avantages qu'il peut apporter et sur les points auxquels il faut faire attention lors de la construction adapt\u00e9e \u00e0 l'additif. Vous pouvez fixer un rendez-vous avec nous pour une pr\u00e9sentation.<\/p>\n<\/div><\/div><footer class=\"entry-footer\"><\/footer><\/article><\/div><\/div><!--close column table wrapper. Autoclose: 1 -->","protected":false},"excerpt":{"rendered":"","protected":false},"author":1,"featured_media":0,"parent":0,"menu_order":3000,"comment_status":"closed","ping_status":"closed","template":"","meta":{"inline_featured_image":false,"footnotes":""},"class_list":["post-38","page","type-page","status-publish","hentry"],"aioseo_notices":[],"_links":{"self":[{"href":"https:\/\/bsf-ag.ch\/fr\/wp-json\/wp\/v2\/pages\/38","targetHints":{"allow":["GET"]}}],"collection":[{"href":"https:\/\/bsf-ag.ch\/fr\/wp-json\/wp\/v2\/pages"}],"about":[{"href":"https:\/\/bsf-ag.ch\/fr\/wp-json\/wp\/v2\/types\/page"}],"author":[{"embeddable":true,"href":"https:\/\/bsf-ag.ch\/fr\/wp-json\/wp\/v2\/users\/1"}],"replies":[{"embeddable":true,"href":"https:\/\/bsf-ag.ch\/fr\/wp-json\/wp\/v2\/comments?post=38"}],"version-history":[{"count":45,"href":"https:\/\/bsf-ag.ch\/fr\/wp-json\/wp\/v2\/pages\/38\/revisions"}],"predecessor-version":[{"id":1888,"href":"https:\/\/bsf-ag.ch\/fr\/wp-json\/wp\/v2\/pages\/38\/revisions\/1888"}],"wp:attachment":[{"href":"https:\/\/bsf-ag.ch\/fr\/wp-json\/wp\/v2\/media?parent=38"}],"curies":[{"name":"wp","href":"https:\/\/api.w.org\/{rel}","templated":true}]}}