{"id":36,"date":"2022-06-08T13:37:00","date_gmt":"2022-06-08T13:37:00","guid":{"rendered":"https:\/\/bsf-ag.ch\/?page_id=36"},"modified":"2022-10-12T16:51:44","modified_gmt":"2022-10-12T14:51:44","slug":"kompetenzen","status":"publish","type":"page","link":"https:\/\/bsf-ag.ch\/fr\/kompetenzen\/","title":{"rendered":"Comp\u00e9tences"},"content":{"rendered":"<style type=\"text\/css\" data-created_by=\"avia_inline_auto\" id=\"style-css-av-u4r0-3b01061b294110fa001fba8f8005d2c6\">\n.avia-section.av-u4r0-3b01061b294110fa001fba8f8005d2c6 .av-parallax .av-parallax-inner{\nbackground-repeat:no-repeat;\nbackground-image:url(https:\/\/bsf-ag.ch\/wp-content\/uploads\/2022\/07\/02BSF-drehen.png);\nbackground-position:100% 50%;\nbackground-attachment:scroll;\n}\n.avia-section.av-u4r0-3b01061b294110fa001fba8f8005d2c6 .av-section-color-overlay{\nopacity:0.4;\nbackground-color:#000000;\n}\n<\/style>\n<div id='av_section_1'  class='avia-section av-u4r0-3b01061b294110fa001fba8f8005d2c6 main_color avia-section-default avia-no-border-styling  avia-builder-el-0  el_before_av_submenu  avia-builder-el-first  av-parallax-section avia-bg-style-parallax av-section-color-overlay-active container_wrap fullsize'  data-section-bg-repeat='no-repeat'><div class='av-parallax' data-avia-parallax-ratio='0.3' ><div class='av-parallax-inner main_color avia-full-stretch'><\/div><\/div><div class=\"av-section-color-overlay-wrap\"><div class=\"av-section-color-overlay\"><\/div><div class='container av-section-cont-open' ><main  role=\"main\" itemprop=\"mainContentOfPage\"  class='template-page content  av-content-full alpha units'><div class='post-entry post-entry-type-page post-entry-36'><div class='entry-content-wrapper clearfix'>\n\n<style type=\"text\/css\" data-created_by=\"avia_inline_auto\" id=\"style-css-av-l5h5mcm8-53771f5b44a486db736fb2fa937fda58\">\n#top .av-special-heading.av-l5h5mcm8-53771f5b44a486db736fb2fa937fda58{\npadding-bottom:10px;\ncolor:#ffffff;\n}\nbody .av-special-heading.av-l5h5mcm8-53771f5b44a486db736fb2fa937fda58 .av-special-heading-tag .heading-char{\nfont-size:25px;\n}\n.av-special-heading.av-l5h5mcm8-53771f5b44a486db736fb2fa937fda58 .special-heading-inner-border{\nborder-color:#ffffff;\n}\n.av-special-heading.av-l5h5mcm8-53771f5b44a486db736fb2fa937fda58 .av-subheading{\nfont-size:15px;\n}\n<\/style>\n<div  class='av-special-heading av-l5h5mcm8-53771f5b44a486db736fb2fa937fda58 av-special-heading-h1 custom-color-heading blockquote modern-quote modern-centered  avia-builder-el-1  avia-builder-el-no-sibling'><h1 class='av-special-heading-tag'  itemprop=\"headline\"  >Comp\u00e9tences<\/h1><div class=\"special-heading-border\"><div class=\"special-heading-inner-border\"><\/div><\/div><\/div>\n\n<\/div><\/div><\/main><!-- close content main element --><\/div><\/div><\/div><div class='clear'><\/div><div id='sub_menu1'  class='av-submenu-container av-65mqc-cd4aba00f94b43891f4b4483e79bcd47 main_color av-switch-990  avia-builder-el-2  el_after_av_section  el_before_av_one_full  av-sticky-submenu submenu-not-first container_wrap fullsize' style='z-index:301' ><div class='container av-menu-mobile-active av-submenu-pos-center av-submenu-hidden'><a href=\"#\" class=\"mobile_menu_toggle\" aria-hidden='true' data-av_icon='\ue8a5' data-av_iconfont='entypo-fontello'><span class=\"av-current-placeholder\">Menu<\/span><\/a><ul id=\"menu-kompetenzen\" class=\"av-subnav-menu\" role=\"menu\"><li role=\"menuitem\" id=\"menu-item-1582\" class=\"menu-item menu-item-type-post_type menu-item-object-page menu-item-top-level menu-item-top-level-1\"><a href=\"https:\/\/bsf-ag.ch\/fr\/kompetenzen\/konstruktion\/\" itemprop=\"url\" tabindex=\"0\"><span class=\"avia-bullet\"><\/span><span class=\"avia-menu-text\">Construction<\/span><span class=\"avia-menu-fx\"><span class=\"avia-arrow-wrap\"><span class=\"avia-arrow\"><\/span><\/span><\/span><\/a><\/li>\n<li role=\"menuitem\" id=\"menu-item-1583\" class=\"menu-item menu-item-type-post_type menu-item-object-page menu-item-top-level menu-item-top-level-2\"><a href=\"https:\/\/bsf-ag.ch\/fr\/kompetenzen\/lasercusing\/\" itemprop=\"url\" tabindex=\"0\"><span class=\"avia-bullet\"><\/span><span class=\"avia-menu-text\">LaserCUSING<\/span><span class=\"avia-menu-fx\"><span class=\"avia-arrow-wrap\"><span class=\"avia-arrow\"><\/span><\/span><\/span><\/a><\/li>\n<li role=\"menuitem\" id=\"menu-item-1584\" class=\"menu-item menu-item-type-post_type menu-item-object-page menu-item-top-level menu-item-top-level-3\"><a href=\"https:\/\/bsf-ag.ch\/fr\/kompetenzen\/cnc-fraesen\/\" itemprop=\"url\" tabindex=\"0\"><span class=\"avia-bullet\"><\/span><span class=\"avia-menu-text\">Fraisage CNC<\/span><span class=\"avia-menu-fx\"><span class=\"avia-arrow-wrap\"><span class=\"avia-arrow\"><\/span><\/span><\/span><\/a><\/li>\n<li role=\"menuitem\" id=\"menu-item-1585\" class=\"menu-item menu-item-type-post_type menu-item-object-page menu-item-top-level menu-item-top-level-4\"><a href=\"https:\/\/bsf-ag.ch\/fr\/kompetenzen\/cnc-drehen\/\" itemprop=\"url\" tabindex=\"0\"><span class=\"avia-bullet\"><\/span><span class=\"avia-menu-text\">Tournage CNC<\/span><span class=\"avia-menu-fx\"><span class=\"avia-arrow-wrap\"><span class=\"avia-arrow\"><\/span><\/span><\/span><\/a><\/li>\n<li role=\"menuitem\" id=\"menu-item-1586\" class=\"menu-item menu-item-type-post_type menu-item-object-page menu-item-top-level menu-item-top-level-5\"><a href=\"https:\/\/bsf-ag.ch\/fr\/kompetenzen\/schleifen\/\" itemprop=\"url\" tabindex=\"0\"><span class=\"avia-bullet\"><\/span><span class=\"avia-menu-text\">Pon\u00e7age<\/span><span class=\"avia-menu-fx\"><span class=\"avia-arrow-wrap\"><span class=\"avia-arrow\"><\/span><\/span><\/span><\/a><\/li>\n<li role=\"menuitem\" id=\"menu-item-1587\" class=\"menu-item menu-item-type-post_type menu-item-object-page menu-item-top-level menu-item-top-level-6\"><a href=\"https:\/\/bsf-ag.ch\/fr\/kompetenzen\/drahterodieren\/\" itemprop=\"url\" tabindex=\"0\"><span class=\"avia-bullet\"><\/span><span class=\"avia-menu-text\">Electro-\u00e9rosion \u00e0 fil<\/span><span class=\"avia-menu-fx\"><span class=\"avia-arrow-wrap\"><span class=\"avia-arrow\"><\/span><\/span><\/span><\/a><\/li>\n<li role=\"menuitem\" id=\"menu-item-1588\" class=\"menu-item menu-item-type-post_type menu-item-object-page menu-item-top-level menu-item-top-level-7\"><a href=\"https:\/\/bsf-ag.ch\/fr\/kompetenzen\/messen\/\" itemprop=\"url\" tabindex=\"0\"><span class=\"avia-bullet\"><\/span><span class=\"avia-menu-text\">Foires et salons<\/span><span class=\"avia-menu-fx\"><span class=\"avia-arrow-wrap\"><span class=\"avia-arrow\"><\/span><\/span><\/span><\/a><\/li>\n<li role=\"menuitem\" id=\"menu-item-1589\" class=\"menu-item menu-item-type-post_type menu-item-object-page menu-item-top-level menu-item-top-level-8\"><a href=\"https:\/\/bsf-ag.ch\/fr\/kompetenzen\/laserbeschriften\/\" itemprop=\"url\" tabindex=\"0\"><span class=\"avia-bullet\"><\/span><span class=\"avia-menu-text\">Marquage au laser<\/span><span class=\"avia-menu-fx\"><span class=\"avia-arrow-wrap\"><span class=\"avia-arrow\"><\/span><\/span><\/span><\/a><\/li>\n<li role=\"menuitem\" id=\"menu-item-1590\" class=\"menu-item menu-item-type-post_type menu-item-object-page menu-item-top-level menu-item-top-level-9\"><a href=\"https:\/\/bsf-ag.ch\/fr\/kompetenzen\/gleitschleifen\/\" itemprop=\"url\" tabindex=\"0\"><span class=\"avia-bullet\"><\/span><span class=\"avia-menu-text\">Tribofinition<\/span><span class=\"avia-menu-fx\"><span class=\"avia-arrow-wrap\"><span class=\"avia-arrow\"><\/span><\/span><\/span><\/a><\/li>\n<\/ul><\/div><\/div><div class='sticky_placeholder'><\/div><div id='after_submenu_1'  class='main_color av_default_container_wrap container_wrap fullsize'  ><div class='container av-section-cont-open' ><div class='template-page content  av-content-full alpha units'><div class='post-entry post-entry-type-page post-entry-36'><div class='entry-content-wrapper clearfix'>\n<div  class='flex_column av-scpg-dea6e1d58295a86efc839725f34abbac av_one_full  avia-builder-el-3  el_after_av_submenu  avia-builder-el-no-sibling  first flex_column_div'     ><p>\n<style type=\"text\/css\" data-created_by=\"avia_inline_auto\" id=\"style-css-av-l56t0x4b-a0b5880fd718723e3fade191f42ef252\">\n#top .av-special-heading.av-l56t0x4b-a0b5880fd718723e3fade191f42ef252{\npadding-bottom:10px;\n}\nbody .av-special-heading.av-l56t0x4b-a0b5880fd718723e3fade191f42ef252 .av-special-heading-tag .heading-char{\nfont-size:25px;\n}\n.av-special-heading.av-l56t0x4b-a0b5880fd718723e3fade191f42ef252 .av-subheading{\nfont-size:15px;\n}\n<\/style>\n<div  class='av-special-heading av-l56t0x4b-a0b5880fd718723e3fade191f42ef252 av-special-heading-h2 blockquote modern-quote modern-centered  avia-builder-el-4  el_before_av_hr  avia-builder-el-first'><h2 class='av-special-heading-tag'  itemprop=\"headline\"  >Qualit\u00e9 Par la pr\u00e9cision.<br \/>\nNotre marque de fabrique.<\/h2><div class=\"special-heading-border\"><div class=\"special-heading-inner-border\"><\/div><\/div><\/div><br \/>\n\n<style type=\"text\/css\" data-created_by=\"avia_inline_auto\" id=\"style-css-av-s2ag-97fd8467cc56b4e7f8fb01d490154cca\">\n#top .hr.av-s2ag-97fd8467cc56b4e7f8fb01d490154cca{\nmargin-top:1px;\nmargin-bottom:20px;\n}\n.hr.av-s2ag-97fd8467cc56b4e7f8fb01d490154cca .hr-inner{\nwidth:60px;\nborder-color:#67ad23;\n}\n<\/style>\n<div  class='hr av-s2ag-97fd8467cc56b4e7f8fb01d490154cca hr-custom  avia-builder-el-5  el_after_av_heading  el_before_av_textblock  hr-center hr-icon-no'><span class='hr-inner inner-border-av-border-fat'><span class=\"hr-inner-style\"><\/span><\/span><\/div><br \/>\n<section  class='av_textblock_section av-l50rf7oo-43d636a97386ce78de1cc71a5c8494f6'   itemscope=\"itemscope\" itemtype=\"https:\/\/schema.org\/CreativeWork\" ><div class='avia_textblock'  itemprop=\"text\" ><p style=\"text-align: center;\">BSF B\u00fcnter AG est synonyme de qualit\u00e9 et de pr\u00e9cision au plus haut niveau. L'activit\u00e9 principale de BSF B\u00fcnter AG comprend la programmation avec la technologie CAD-CAM ainsi que la fabrication \u00e0 fa\u00e7on dans les domaines du fraisage, du tournage, de la rectification et de l'\u00e9lectro\u00e9rosion \u00e0 fil. Avec le LaserCUSING - un proc\u00e9d\u00e9 sp\u00e9cial de fusion de mat\u00e9riaux en poudre (Selective Laser Melting SLM) - l'entreprise propose en outre la technique la plus r\u00e9cente en mati\u00e8re de fabrication additive sans outillage, \u00e9galement connue sous le nom d'impression 3D. Avec ses collaborateurs hautement qualifi\u00e9s et ses machines high-tech, BSF B\u00fcnter AG est le meilleur partenaire pour la m\u00e9canique de pr\u00e9cision.<\/p>\n<\/div><\/section><br \/>\n<div id='av-masonry-1' class='av-masonry av-wqvw-7a50e5e4919d100e2ebaba5f98052d38 noHover av-fixed-size av-large-gap av-hover-overlay-fade_out av-masonry-animation-active av-masonry-col-3 av-caption-always av-caption-style- av-masonry-gallery' data-post_id=\"36\"><div class=\"av-masonry-container isotope av-js-disabled\"><div class='av-masonry-entry isotope-item av-masonry-item-no-image'><\/div><a href=\"https:\/\/bsf-ag.ch\/fr\/kompetenzen\/konstruktion\/\"  aria-label=\"image CONSTRUCTION\"  id='av-masonry-1-item-1484' data-av-masonry-item='1484' class='av-masonry-entry isotope-item post-1484 attachment type-attachment status-inherit hentry  av-masonry-item-with-image' title=\"CONSTRUCTION\" alt=\"\"  data-av-masonry-custom-link=\"https:\/\/bsf-ag.ch\/kompetenzen\/konstruktion\"  itemprop=\"thumbnailUrl\" ><div class='av-inner-masonry-sizer'><\/div><figure class='av-inner-masonry main_color'><div class=\"av-masonry-outerimage-container\"><div class='av-masonry-image-container' style=\"background-image: url(https:\/\/bsf-ag.ch\/wp-content\/uploads\/2022\/09\/BSF-konstruktion-1030x682.jpg);\"  title=\"CONSTRUCTION\" ><\/div><\/div><figcaption class='av-inner-masonry-content site-background'><div class='av-inner-masonry-content-pos'><div class='av-inner-masonry-content-pos-content'><div class='avia-arrow'><\/div><h3 class='av-masonry-entry-title entry-title'  itemprop=\"headline\" >CONSTRUCTION<\/h3><\/div><\/div><\/figcaption><\/figure><\/a><!--end av-masonry entry--><a href=\"https:\/\/bsf-ag.ch\/fr\/kompetenzen\/lasercusing\/\"  aria-label=\"image LASERCUSING\"  id='av-masonry-1-item-625' data-av-masonry-item='625' class='av-masonry-entry isotope-item post-625 attachment type-attachment status-inherit hentry  av-masonry-item-with-image' title=\"LASERCUSING\" alt=\"\"  data-av-masonry-custom-link=\"https:\/\/bsf-ag.ch\/kompetenzen\/lasercusing\/\"  itemprop=\"thumbnailUrl\" ><div class='av-inner-masonry-sizer'><\/div><figure class='av-inner-masonry main_color'><div class=\"av-masonry-outerimage-container\"><div class='av-masonry-image-container' style=\"background-image: url(https:\/\/bsf-ag.ch\/wp-content\/uploads\/2022\/06\/BSF-lasercusing-1030x747.png);\"  title=\"LASERCUSING\" ><\/div><\/div><figcaption class='av-inner-masonry-content site-background'><div class='av-inner-masonry-content-pos'><div class='av-inner-masonry-content-pos-content'><div class='avia-arrow'><\/div><h3 class='av-masonry-entry-title entry-title'  itemprop=\"headline\" >LASERCUSING<\/h3><\/div><\/div><\/figcaption><\/figure><\/a><!--end av-masonry entry--><a href=\"https:\/\/bsf-ag.ch\/fr\/kompetenzen\/cnc-fraesen\/\"  aria-label=\"image CNC FRAISAGE\"  id='av-masonry-1-item-627' data-av-masonry-item='627' class='av-masonry-entry isotope-item post-627 attachment type-attachment status-inherit hentry  av-masonry-item-with-image' title=\"FRAISAGE CNC\" alt=\"\"  data-av-masonry-custom-link=\"https:\/\/bsf-ag.ch\/kompetenzen\/cnc-fraesen\"  itemprop=\"thumbnailUrl\" ><div class='av-inner-masonry-sizer'><\/div><figure class='av-inner-masonry main_color'><div class=\"av-masonry-outerimage-container\"><div class='av-masonry-image-container' style=\"background-image: url(https:\/\/bsf-ag.ch\/wp-content\/uploads\/2022\/06\/BSF-fraesen-1030x575.jpg);\"  title=\"FRAISAGE CNC\" ><\/div><\/div><figcaption class='av-inner-masonry-content site-background'><div class='av-inner-masonry-content-pos'><div class='av-inner-masonry-content-pos-content'><div class='avia-arrow'><\/div><h3 class='av-masonry-entry-title entry-title'  itemprop=\"headline\" >FRAISAGE CNC<\/h3><\/div><\/div><\/figcaption><\/figure><\/a><!--end av-masonry entry--><a href=\"https:\/\/bsf-ag.ch\/fr\/kompetenzen\/cnc-drehen\/\"  aria-label=\"image TREINAGE CNC\"  id='av-masonry-1-item-629' data-av-masonry-item='629' class='av-masonry-entry isotope-item post-629 attachment type-attachment status-inherit hentry  av-masonry-item-with-image' title=\"TOURNAGE CNC\" alt=\"\"  data-av-masonry-custom-link=\"https:\/\/bsf-ag.ch\/kompetenzen\/cnc-drehen\/\"  itemprop=\"thumbnailUrl\" ><div class='av-inner-masonry-sizer'><\/div><figure class='av-inner-masonry main_color'><div class=\"av-masonry-outerimage-container\"><div class='av-masonry-image-container' style=\"background-image: url(https:\/\/bsf-ag.ch\/wp-content\/uploads\/2022\/06\/BSF-drehen-1030x575.jpg);\"  title=\"TOURNAGE CNC\" ><\/div><\/div><figcaption class='av-inner-masonry-content site-background'><div class='av-inner-masonry-content-pos'><div class='av-inner-masonry-content-pos-content'><div class='avia-arrow'><\/div><h3 class='av-masonry-entry-title entry-title'  itemprop=\"headline\" >TOURNAGE CNC<\/h3><\/div><\/div><\/figcaption><\/figure><\/a><!--end av-masonry entry--><a href=\"https:\/\/bsf-ag.ch\/fr\/kompetenzen\/schleifen\/\"  aria-label=\"image MEULAGE PLAT\"  id='av-masonry-1-item-631' data-av-masonry-item='631' class='av-masonry-entry isotope-item post-631 attachment type-attachment status-inherit hentry  av-masonry-item-with-image' title=\"RECTIFICATION PLANE\" alt=\"\"  data-av-masonry-custom-link=\"https:\/\/bsf-ag.ch\/kompetenzen\/schleifen\/\"  itemprop=\"thumbnailUrl\" ><div class='av-inner-masonry-sizer'><\/div><figure class='av-inner-masonry main_color'><div class=\"av-masonry-outerimage-container\"><div class='av-masonry-image-container' style=\"background-image: url(https:\/\/bsf-ag.ch\/wp-content\/uploads\/2022\/06\/BSF-flachschleifen_b-1030x575.jpg);\"  title=\"RECTIFICATION PLANE\" ><\/div><\/div><figcaption class='av-inner-masonry-content site-background'><div class='av-inner-masonry-content-pos'><div class='av-inner-masonry-content-pos-content'><div class='avia-arrow'><\/div><h3 class='av-masonry-entry-title entry-title'  itemprop=\"headline\" >RECTIFICATION PLANE<\/h3><\/div><\/div><\/figcaption><\/figure><\/a><!--end av-masonry entry--><a href=\"https:\/\/bsf-ag.ch\/fr\/kompetenzen\/drahterodieren\/\"  aria-label=\"image DRAHTERODIEREN\"  id='av-masonry-1-item-632' data-av-masonry-item='632' class='av-masonry-entry isotope-item post-632 attachment type-attachment status-inherit hentry  av-masonry-item-with-image' title=\"\u00c9LECTRO-\u00c9ROSION \u00c0 FIL\" alt=\"\"  data-av-masonry-custom-link=\"https:\/\/bsf-ag.ch\/kompetenzen\/drahterodieren\/\"  itemprop=\"thumbnailUrl\" ><div class='av-inner-masonry-sizer'><\/div><figure class='av-inner-masonry main_color'><div class=\"av-masonry-outerimage-container\"><div class='av-masonry-image-container' style=\"background-image: url(https:\/\/bsf-ag.ch\/wp-content\/uploads\/2022\/06\/BSF-erodieren_b-1030x575.jpg);\"  title=\"\u00c9LECTRO-\u00c9ROSION \u00c0 FIL\" ><\/div><\/div><figcaption class='av-inner-masonry-content site-background'><div class='av-inner-masonry-content-pos'><div class='av-inner-masonry-content-pos-content'><div class='avia-arrow'><\/div><h3 class='av-masonry-entry-title entry-title'  itemprop=\"headline\" >\u00c9LECTRO-\u00c9ROSION \u00c0 FIL<\/h3><\/div><\/div><\/figcaption><\/figure><\/a><!--end av-masonry entry--><a href=\"https:\/\/bsf-ag.ch\/fr\/kompetenzen\/messen\/\"  aria-label=\"image MESURER\"  id='av-masonry-1-item-1491' data-av-masonry-item='1491' class='av-masonry-entry isotope-item post-1491 attachment type-attachment status-inherit hentry  av-masonry-item-with-image' title=\"MESURES\" alt=\"\"  data-av-masonry-custom-link=\"https:\/\/bsf-ag.ch\/kompetenzen\/messen\"  itemprop=\"thumbnailUrl\" ><div class='av-inner-masonry-sizer'><\/div><figure class='av-inner-masonry main_color'><div class=\"av-masonry-outerimage-container\"><div class='av-masonry-image-container' style=\"background-image: url(https:\/\/bsf-ag.ch\/wp-content\/uploads\/2022\/09\/BSF-messtisch-1030x753.jpg);\"  title=\"MESURES\" ><\/div><\/div><figcaption class='av-inner-masonry-content site-background'><div class='av-inner-masonry-content-pos'><div class='av-inner-masonry-content-pos-content'><div class='avia-arrow'><\/div><h3 class='av-masonry-entry-title entry-title'  itemprop=\"headline\" >MESURES<\/h3><\/div><\/div><\/figcaption><\/figure><\/a><!--end av-masonry entry--><a href=\"https:\/\/bsf-ag.ch\/fr\/kompetenzen\/laserbeschriften\/\"  aria-label=\"image LASERBECHRIFTEN\"  id='av-masonry-1-item-1490' data-av-masonry-item='1490' class='av-masonry-entry isotope-item post-1490 attachment type-attachment status-inherit hentry  av-masonry-item-with-image' title=\"MARQUAGE AU LASER\" alt=\"\"  data-av-masonry-custom-link=\"https:\/\/bsf-ag.ch\/kompetenzen\/laserbeschriften\"  itemprop=\"thumbnailUrl\" ><div class='av-inner-masonry-sizer'><\/div><figure class='av-inner-masonry main_color'><div class=\"av-masonry-outerimage-container\"><div class='av-masonry-image-container' style=\"background-image: url(https:\/\/bsf-ag.ch\/wp-content\/uploads\/2022\/09\/BSF-laserbeschriften-1-1030x683.jpg);\"  title=\"MARQUAGE AU LASER\" ><\/div><\/div><figcaption class='av-inner-masonry-content site-background'><div class='av-inner-masonry-content-pos'><div class='av-inner-masonry-content-pos-content'><div class='avia-arrow'><\/div><h3 class='av-masonry-entry-title entry-title'  itemprop=\"headline\" >MARQUAGE AU LASER<\/h3><\/div><\/div><\/figcaption><\/figure><\/a><!--end av-masonry entry--><a href=\"https:\/\/bsf-ag.ch\/fr\/kompetenzen\/gleitschleifen\/\"  aria-label=\"image GLEITSCHLEIFEN\"  id='av-masonry-1-item-1488' data-av-masonry-item='1488' class='av-masonry-entry isotope-item post-1488 attachment type-attachment status-inherit hentry  av-masonry-item-with-image' title=\"BOUCLES DE GLISSEMENT\" alt=\"\"  data-av-masonry-custom-link=\"https:\/\/bsf-ag.ch\/kompetenzen\/gleitschleifen\"  itemprop=\"thumbnailUrl\" ><div class='av-inner-masonry-sizer'><\/div><figure class='av-inner-masonry main_color'><div class=\"av-masonry-outerimage-container\"><div class='av-masonry-image-container' style=\"background-image: url(https:\/\/bsf-ag.ch\/wp-content\/uploads\/2022\/09\/BSF-gleitschleifen-1030x696.jpg);\"  title=\"BOUCLES DE GLISSEMENT\" ><\/div><\/div><figcaption class='av-inner-masonry-content site-background'><div class='av-inner-masonry-content-pos'><div class='av-inner-masonry-content-pos-content'><div class='avia-arrow'><\/div><h3 class='av-masonry-entry-title entry-title'  itemprop=\"headline\" >BOUCLES DE GLISSEMENT<\/h3><\/div><\/div><\/figcaption><\/figure><\/a><!--end av-masonry entry--><a href=\"https:\/\/bsf-ag.ch\/fr\/kompetenzen\/schleifen\/\"  aria-label=\"image RECTIFICATION\"  id='av-masonry-1-item-1486' data-av-masonry-item='1486' class='av-masonry-entry isotope-item post-1486 attachment type-attachment status-inherit hentry  av-masonry-item-with-image' title=\"RECTIFICATION CIRCULAIRE\" alt=\"\"  data-av-masonry-custom-link=\"https:\/\/bsf-ag.ch\/kompetenzen\/schleifen\/\"  itemprop=\"thumbnailUrl\" ><div class='av-inner-masonry-sizer'><\/div><figure class='av-inner-masonry main_color'><div class=\"av-masonry-outerimage-container\"><div class='av-masonry-image-container' style=\"background-image: url(https:\/\/bsf-ag.ch\/wp-content\/uploads\/2022\/09\/BSF-rundschleifen-1-1030x742.jpg);\"  title=\"RECTIFICATION CIRCULAIRE\" ><\/div><\/div><figcaption class='av-inner-masonry-content site-background'><div class='av-inner-masonry-content-pos'><div class='av-inner-masonry-content-pos-content'><div class='avia-arrow'><\/div><h3 class='av-masonry-entry-title entry-title'  itemprop=\"headline\" >RECTIFICATION CIRCULAIRE<\/h3><\/div><\/div><\/figcaption><\/figure><\/a><!--end av-masonry entry--><\/div><\/div><\/p><\/div>","protected":false},"excerpt":{"rendered":"","protected":false},"author":1,"featured_media":0,"parent":0,"menu_order":4000,"comment_status":"closed","ping_status":"closed","template":"","meta":{"inline_featured_image":false,"footnotes":""},"class_list":["post-36","page","type-page","status-publish","hentry"],"aioseo_notices":[],"_links":{"self":[{"href":"https:\/\/bsf-ag.ch\/fr\/wp-json\/wp\/v2\/pages\/36","targetHints":{"allow":["GET"]}}],"collection":[{"href":"https:\/\/bsf-ag.ch\/fr\/wp-json\/wp\/v2\/pages"}],"about":[{"href":"https:\/\/bsf-ag.ch\/fr\/wp-json\/wp\/v2\/types\/page"}],"author":[{"embeddable":true,"href":"https:\/\/bsf-ag.ch\/fr\/wp-json\/wp\/v2\/users\/1"}],"replies":[{"embeddable":true,"href":"https:\/\/bsf-ag.ch\/fr\/wp-json\/wp\/v2\/comments?post=36"}],"version-history":[{"count":27,"href":"https:\/\/bsf-ag.ch\/fr\/wp-json\/wp\/v2\/pages\/36\/revisions"}],"predecessor-version":[{"id":1591,"href":"https:\/\/bsf-ag.ch\/fr\/wp-json\/wp\/v2\/pages\/36\/revisions\/1591"}],"wp:attachment":[{"href":"https:\/\/bsf-ag.ch\/fr\/wp-json\/wp\/v2\/media?parent=36"}],"curies":[{"name":"wp","href":"https:\/\/api.w.org\/{rel}","templated":true}]}}