{"id":34,"date":"2022-06-08T13:36:36","date_gmt":"2022-06-08T13:36:36","guid":{"rendered":"https:\/\/bsf-ag.ch\/?page_id=34"},"modified":"2024-10-10T16:06:59","modified_gmt":"2024-10-10T14:06:59","slug":"ueber-uns","status":"publish","type":"page","link":"https:\/\/bsf-ag.ch\/fr\/ueber-uns\/","title":{"rendered":"\u00c0 propos de nous"},"content":{"rendered":"<style type=\"text\/css\" data-created_by=\"avia_inline_auto\" id=\"style-css-av-15eue-4cf8a3911075bf76fe89216f00165c0b\">\n.avia-section.av-15eue-4cf8a3911075bf76fe89216f00165c0b .av-parallax .av-parallax-inner{\nbackground-repeat:no-repeat;\nbackground-image:url(https:\/\/bsf-ag.ch\/wp-content\/uploads\/2022\/07\/02BSF-drehen.png);\nbackground-position:100% 50%;\nbackground-attachment:scroll;\n}\n.avia-section.av-15eue-4cf8a3911075bf76fe89216f00165c0b .av-section-color-overlay{\nopacity:0.4;\nbackground-color:#000000;\n}\n<\/style>\n<div id='av_section_1'  class='avia-section av-15eue-4cf8a3911075bf76fe89216f00165c0b main_color avia-section-default avia-no-border-styling  avia-builder-el-0  el_before_av_section  avia-builder-el-first  av-parallax-section avia-bg-style-parallax av-section-color-overlay-active container_wrap fullsize'  data-section-bg-repeat='no-repeat'><div class='av-parallax' data-avia-parallax-ratio='0.3' ><div class='av-parallax-inner main_color avia-full-stretch'><\/div><\/div><div class=\"av-section-color-overlay-wrap\"><div class=\"av-section-color-overlay\"><\/div><div class='container av-section-cont-open' ><main  role=\"main\" itemprop=\"mainContentOfPage\"  class='template-page content  av-content-full alpha units'><div class='post-entry post-entry-type-page post-entry-34'><div class='entry-content-wrapper clearfix'>\n\n<style type=\"text\/css\" data-created_by=\"avia_inline_auto\" id=\"style-css-av-l4gy9lqt-434cbd20bda24e0fe4404c7506892563\">\n#top .av-special-heading.av-l4gy9lqt-434cbd20bda24e0fe4404c7506892563{\npadding-bottom:10px;\ncolor:#ffffff;\n}\nbody .av-special-heading.av-l4gy9lqt-434cbd20bda24e0fe4404c7506892563 .av-special-heading-tag .heading-char{\nfont-size:25px;\n}\n.av-special-heading.av-l4gy9lqt-434cbd20bda24e0fe4404c7506892563 .special-heading-inner-border{\nborder-color:#ffffff;\n}\n.av-special-heading.av-l4gy9lqt-434cbd20bda24e0fe4404c7506892563 .av-subheading{\nfont-size:15px;\n}\n<\/style>\n<div  class='av-special-heading av-l4gy9lqt-434cbd20bda24e0fe4404c7506892563 av-special-heading-h1 custom-color-heading blockquote modern-quote modern-centered  avia-builder-el-1  avia-builder-el-no-sibling'><h1 class='av-special-heading-tag'  itemprop=\"headline\"  >\u00c0 propos de nous<\/h1><div class=\"special-heading-border\"><div class=\"special-heading-inner-border\"><\/div><\/div><\/div>\n\n<\/div><\/div><\/main><!-- close content main element --><\/div><\/div><\/div><div id='av_section_2'  class='avia-section av-1zebi-e06feb6eeae1b98bb965746a6e3dd115 main_color avia-section-default avia-no-border-styling  avia-builder-el-2  el_after_av_section  avia-builder-el-last  avia-bg-style-scroll container_wrap fullsize'  ><div class='container av-section-cont-open' ><div class='template-page content  av-content-full alpha units'><div class='post-entry post-entry-type-page post-entry-34'><div class='entry-content-wrapper clearfix'>\n<div  class='flex_column av-2o4oa-c362d1afd47b28944c0405d9b88d36d7 av_one_half  avia-builder-el-3  el_before_av_one_half  avia-builder-el-first  first flex_column_div'     ><p>\n<style type=\"text\/css\" data-created_by=\"avia_inline_auto\" id=\"style-css-av-l56rl1uz-52e112da3c1dd79c30d885fad9de7535\">\n#top .av-special-heading.av-l56rl1uz-52e112da3c1dd79c30d885fad9de7535{\npadding-bottom:10px;\n}\nbody .av-special-heading.av-l56rl1uz-52e112da3c1dd79c30d885fad9de7535 .av-special-heading-tag .heading-char{\nfont-size:25px;\n}\n.av-special-heading.av-l56rl1uz-52e112da3c1dd79c30d885fad9de7535 .av-subheading{\nfont-size:15px;\n}\n<\/style>\n<div  class='av-special-heading av-l56rl1uz-52e112da3c1dd79c30d885fad9de7535 av-special-heading-h2 blockquote modern-quote  avia-builder-el-4  el_before_av_hr  avia-builder-el-first'><h2 class='av-special-heading-tag'  itemprop=\"headline\"  >Notre entreprise<\/h2><div class=\"special-heading-border\"><div class=\"special-heading-inner-border\"><\/div><\/div><\/div><br \/>\n\n<style type=\"text\/css\" data-created_by=\"avia_inline_auto\" id=\"style-css-av-1nhoy-352105750d94eaad7b8d0ee35872b58e\">\n#top .hr.av-1nhoy-352105750d94eaad7b8d0ee35872b58e{\nmargin-top:1px;\nmargin-bottom:20px;\n}\n.hr.av-1nhoy-352105750d94eaad7b8d0ee35872b58e .hr-inner{\nwidth:60px;\nborder-color:#67ad23;\n}\n<\/style>\n<div  class='hr av-1nhoy-352105750d94eaad7b8d0ee35872b58e hr-custom  avia-builder-el-5  el_after_av_heading  el_before_av_textblock  hr-left hr-icon-no'><span class='hr-inner inner-border-av-border-fat'><span class=\"hr-inner-style\"><\/span><\/span><\/div><br \/>\n<section  class='av_textblock_section av-l52i9sum-ac44a63f770f91af65a3d178fee3010d'   itemscope=\"itemscope\" itemtype=\"https:\/\/schema.org\/CreativeWork\" ><div class='avia_textblock'  itemprop=\"text\" ><p>BSF B\u00fcnter AG est le sp\u00e9cialiste de la technique de fabrication. Que ce soit pour des prototypes, des petites s\u00e9ries ou des ensembles complets. Gr\u00e2ce \u00e0 une longue exp\u00e9rience en tant que sous-traitant dans les domaines de l'industrie optique, de la technique m\u00e9dicale, de la construction de prototypes, de la construction d'outils, de la technique d'estampage, de la construction de machines sp\u00e9ciales, de la construction de moules et de la construction de moules sous pression, il est possible de r\u00e9pondre sans probl\u00e8me aux souhaits sp\u00e9ciaux. Le vaste stock de mat\u00e9riaux de BSF B\u00fcnter AG permet de traiter les commandes urgentes dans les plus brefs d\u00e9lais. Et la taille optimale de l'entreprise garantit en outre une flexibilit\u00e9 maximale et une mise en \u0153uvre tr\u00e8s rapide. La qualit\u00e9 la plus \u00e9lev\u00e9e et le respect absolu des d\u00e9lais sont des standards pour l'entreprise de la vall\u00e9e du Rhin et constituent une priorit\u00e9 absolue.<\/p>\n<\/div><\/section><br \/>\n\n<style type=\"text\/css\" data-created_by=\"avia_inline_auto\" id=\"style-css-av-l56rntwj-6fbf368dd78e9b6da2ba0a23bacc97f5\">\n#top .av-special-heading.av-l56rntwj-6fbf368dd78e9b6da2ba0a23bacc97f5{\npadding-bottom:10px;\n}\nbody .av-special-heading.av-l56rntwj-6fbf368dd78e9b6da2ba0a23bacc97f5 .av-special-heading-tag .heading-char{\nfont-size:25px;\n}\n.av-special-heading.av-l56rntwj-6fbf368dd78e9b6da2ba0a23bacc97f5 .av-subheading{\nfont-size:15px;\n}\n<\/style>\n<div  class='av-special-heading av-l56rntwj-6fbf368dd78e9b6da2ba0a23bacc97f5 av-special-heading-h2 blockquote modern-quote  avia-builder-el-7  el_after_av_textblock  el_before_av_hr'><h2 class='av-special-heading-tag'  itemprop=\"headline\"  >Un r\u00e9glage fin pour les exigences les plus \u00e9lev\u00e9es. Nous nous en portons garants.<\/h2><div class=\"special-heading-border\"><div class=\"special-heading-inner-border\"><\/div><\/div><\/div><br \/>\n\n<style type=\"text\/css\" data-created_by=\"avia_inline_auto\" id=\"style-css-av-wu4i-7e8221b67d7e83ac8d3624eeea35ebc4\">\n#top .hr.av-wu4i-7e8221b67d7e83ac8d3624eeea35ebc4{\nmargin-top:1px;\nmargin-bottom:20px;\n}\n.hr.av-wu4i-7e8221b67d7e83ac8d3624eeea35ebc4 .hr-inner{\nwidth:60px;\nborder-color:#67ad23;\n}\n<\/style>\n<div  class='hr av-wu4i-7e8221b67d7e83ac8d3624eeea35ebc4 hr-custom  avia-builder-el-8  el_after_av_heading  el_before_av_textblock  hr-left hr-icon-no'><span class='hr-inner inner-border-av-border-fat'><span class=\"hr-inner-style\"><\/span><\/span><\/div><br \/>\n<section  class='av_textblock_section av-l4ie1kwc-4c458071a45a1ab655eb1c000e7ab2f6'   itemscope=\"itemscope\" itemtype=\"https:\/\/schema.org\/CreativeWork\" ><div class='avia_textblock'  itemprop=\"text\" ><p>L'entreprise BSF B\u00fcnter AG, situ\u00e9e en Suisse orientale, est un partenaire fiable pour la m\u00e9canique sp\u00e9ciale et de pr\u00e9cision. BSF B\u00fcnter AG se caract\u00e9rise par une qualit\u00e9 sup\u00e9rieure et une grande pr\u00e9cision dans le traitement des commandes. L'entreprise familiale fabrique des pi\u00e8ces complexes de m\u00e9canique de pr\u00e9cision en sous-traitance. L'offre s'\u00e9tend de la construction de machines sp\u00e9ciales avec des prototypes pr\u00eats \u00e0 \u00eatre mont\u00e9s au montage de modules complets en passant par les petites s\u00e9ries.<\/p>\n<div id=\"text\">\n<p>La soci\u00e9t\u00e9 BSF B\u00fcnter AG a \u00e9t\u00e9 fond\u00e9e en 1984 par Josef B\u00fcnter. Le fondateur de l'entreprise a dirig\u00e9 cette entreprise familiale florissante jusqu'en 2002, date \u00e0 laquelle il a transmis l'entreprise \u00e0 Kurt Graber, l'actuel pr\u00e9sident du conseil d'administration. Depuis d\u00e9cembre 2021, le nouveau directeur s'appelle Fabian Graber, le fils de Kurt Graber. Il dirige volontiers l'entreprise avec une grande motivation vers un nouvel avenir. Afin de r\u00e9pondre \u00e0 la polyvalence demand\u00e9e pour la fabrication sur commande, BSF B\u00fcnter AG actualise constamment son parc de machines et peut aujourd'hui affirmer avec fiert\u00e9 qu'elle est en mesure de proposer les technologies les plus r\u00e9centes gr\u00e2ce \u00e0 un parc de machines ultramoderne.<\/p>\n<p>BSF B\u00fcnter AG accorde une grande importance \u00e0 la formation continue. L'entreprise est orient\u00e9e vers l'avenir, reconna\u00eet le potentiel et les diff\u00e9rents collaborateurs se forment en permanence. De plus, plusieurs apprentis sont \u00e9galement form\u00e9s pour devenir des professionnels qualifi\u00e9s.<\/p>\n<p>La r\u00e9flexion ax\u00e9e sur la qualit\u00e9 se refl\u00e8te \u00e9galement dans le syst\u00e8me de gestion. Les processus sont optimis\u00e9s en permanence et r\u00e9pondent aux exigences internationales en vigueur selon la norme ISO 9001:2015. Nous vous invitons volontiers \u00e0 t\u00e9l\u00e9charger le certificat dont le lien figure ci-dessous et \u00e0 l'utiliser \u00e0 des fins internes.<\/p>\n<\/div>\n<div id=\"text\"><\/div>\n<p><img loading=\"lazy\" decoding=\"async\" class=\"alignnone wp-image-556\" src=\"http:\/\/bsf-ag.ch\/wp-content\/uploads\/2022\/06\/9001_gm_de.jpeg\" alt=\"\" width=\"182\" height=\"182\" srcset=\"https:\/\/bsf-ag.ch\/wp-content\/uploads\/2022\/06\/9001_gm_de.jpeg 794w, https:\/\/bsf-ag.ch\/wp-content\/uploads\/2022\/06\/9001_gm_de-300x300.jpeg 300w, https:\/\/bsf-ag.ch\/wp-content\/uploads\/2022\/06\/9001_gm_de-80x80.jpeg 80w, https:\/\/bsf-ag.ch\/wp-content\/uploads\/2022\/06\/9001_gm_de-768x768.jpeg 768w, https:\/\/bsf-ag.ch\/wp-content\/uploads\/2022\/06\/9001_gm_de-36x36.jpeg 36w, https:\/\/bsf-ag.ch\/wp-content\/uploads\/2022\/06\/9001_gm_de-180x180.jpeg 180w, https:\/\/bsf-ag.ch\/wp-content\/uploads\/2022\/06\/9001_gm_de-705x705.jpeg 705w\" sizes=\"auto, (max-width: 182px) 100vw, 182px\" \/>\u00a0 \u00a0 \u00a0 <img loading=\"lazy\" decoding=\"async\" class=\"alignnone wp-image-2246\" src=\"http:\/\/bsf-ag.ch\/wp-content\/uploads\/2024\/10\/AF-CERT_MARKS_NEGATIVE_IQNET_Assoc_CMYK.png\" alt=\"\" width=\"179\" height=\"179\" srcset=\"https:\/\/bsf-ag.ch\/wp-content\/uploads\/2024\/10\/AF-CERT_MARKS_NEGATIVE_IQNET_Assoc_CMYK.png 840w, https:\/\/bsf-ag.ch\/wp-content\/uploads\/2024\/10\/AF-CERT_MARKS_NEGATIVE_IQNET_Assoc_CMYK-300x300.png 300w, https:\/\/bsf-ag.ch\/wp-content\/uploads\/2024\/10\/AF-CERT_MARKS_NEGATIVE_IQNET_Assoc_CMYK-80x80.png 80w, https:\/\/bsf-ag.ch\/wp-content\/uploads\/2024\/10\/AF-CERT_MARKS_NEGATIVE_IQNET_Assoc_CMYK-768x768.png 768w, https:\/\/bsf-ag.ch\/wp-content\/uploads\/2024\/10\/AF-CERT_MARKS_NEGATIVE_IQNET_Assoc_CMYK-12x12.png 12w, https:\/\/bsf-ag.ch\/wp-content\/uploads\/2024\/10\/AF-CERT_MARKS_NEGATIVE_IQNET_Assoc_CMYK-36x36.png 36w, https:\/\/bsf-ag.ch\/wp-content\/uploads\/2024\/10\/AF-CERT_MARKS_NEGATIVE_IQNET_Assoc_CMYK-180x180.png 180w, https:\/\/bsf-ag.ch\/wp-content\/uploads\/2024\/10\/AF-CERT_MARKS_NEGATIVE_IQNET_Assoc_CMYK-705x705.png 705w\" sizes=\"auto, (max-width: 179px) 100vw, 179px\" \/><\/p>\n<div id=\"text\"><\/div>\n<\/div><\/section><br \/>\n<div  class='avia-button-wrap av-l50sk05b-08778b0f4cca875b1707e5dd89911159-wrap avia-button-left  avia-builder-el-10  el_after_av_textblock  el_before_av_button'><a href='http:\/\/bsf-ag.ch\/wp-content\/uploads\/2024\/10\/Zertifikat-ISO-9001_2015-2024-27.pdf' class='avia-button av-l50sk05b-08778b0f4cca875b1707e5dd89911159 av-link-btn avia-icon_select-no avia-size-small avia-position-left avia-color-theme-color' target=\"_blank\" rel=\"noopener noreferrer\" aria-label=\"Certificat SQS ISO 9001:2024\"><span class='avia_iconbox_title' >Certificat SQS ISO 9001:2024<\/span><\/a><\/div><br \/>\n<div  class='avia-button-wrap av-l50tq0ar-e5864ada0756c43b203b55d34fb37e49-wrap avia-button-left  avia-builder-el-11  el_after_av_button  el_before_av_button'><a href='http:\/\/bsf-ag.ch\/wp-content\/uploads\/2024\/10\/349771_iq_46609.pdf' class='avia-button av-l50tq0ar-e5864ada0756c43b203b55d34fb37e49 av-link-btn avia-icon_select-no avia-size-small avia-position-left avia-color-theme-color' target=\"_blank\" rel=\"noopener noreferrer\" aria-label=\"Certificat IQ Net ISO 9001:2024\"><span class='avia_iconbox_title' >Certificat IQ Net ISO 9001:2024<\/span><\/a><\/div><br \/>\n<div  class='avia-button-wrap av-l56rp65r-b7cdb8dd380c248f0c0c1fe00c73d82f-wrap avia-button-left  avia-builder-el-12  el_after_av_button  avia-builder-el-last'><a href='https:\/\/issuu.com\/bsf-ag\/docs\/brosch__re_unternehmen_bsf_b__nter' class='avia-button av-l56rp65r-b7cdb8dd380c248f0c0c1fe00c73d82f av-link-btn avia-icon_select-no avia-size-small avia-position-left avia-color-theme-color' target=\"_blank\" rel=\"noopener noreferrer\" aria-label=\"Brochure de l&#039;entreprise\"><span class='avia_iconbox_title' >Brochure de l'entreprise<\/span><\/a><\/div><\/p><\/div><div  class='flex_column av-29c9m-c64586d004c859565862389339ae8e7c av_one_half  avia-builder-el-13  el_after_av_one_half  avia-builder-el-last  flex_column_div'     ><div  class='avia-slideshow av-l4ie2xuk-e858011b1e31df8b3122d36b067bf3e5 avia-slideshow-no scaling av_slideshow avia-slide-slider  avia-builder-el-14  avia-builder-el-no-sibling  av-slideshow-ui av-control-default av-slideshow-manual av-loop-once av-loop-manual-endless av-default-height-applied avia-slideshow-1' data-slideshow-options=\"{&quot;animation&quot;:&quot;slide&quot;,&quot;autoplay&quot;:false,&quot;loop_autoplay&quot;:&quot;once&quot;,&quot;interval&quot;:5,&quot;loop_manual&quot;:&quot;manual-endless&quot;,&quot;autoplay_stopper&quot;:false,&quot;noNavigation&quot;:false,&quot;bg_slider&quot;:false,&quot;keep_padding&quot;:false,&quot;hoverpause&quot;:false,&quot;show_slide_delay&quot;:0}\"  itemprop=\"image\" itemscope=\"itemscope\" itemtype=\"https:\/\/schema.org\/ImageObject\" ><ul class='avia-slideshow-inner' style='padding-bottom: 141.45161290323%;'><li  class='avia-slideshow-slide av-l4ie2xuk-e858011b1e31df8b3122d36b067bf3e5__0  slide-1 slide-odd'><div data-rel='slideshow-1' class='avia-slide-wrap'   ><img decoding=\"async\" fetchpriority=\"high\" class=\"wp-image-650 avia-img-lazy-loading-not-650\"  src=\"https:\/\/bsf-ag.ch\/wp-content\/uploads\/2022\/06\/BSF-aussen.jpg\" width=\"1240\" height=\"1754\" title='BSF-ext\u00e9rieur' alt=''  itemprop=\"thumbnailUrl\" srcset=\"https:\/\/bsf-ag.ch\/wp-content\/uploads\/2022\/06\/BSF-aussen.jpg 1240w, https:\/\/bsf-ag.ch\/wp-content\/uploads\/2022\/06\/BSF-aussen-212x300.jpg 212w, https:\/\/bsf-ag.ch\/wp-content\/uploads\/2022\/06\/BSF-aussen-728x1030.jpg 728w, https:\/\/bsf-ag.ch\/wp-content\/uploads\/2022\/06\/BSF-aussen-768x1086.jpg 768w, https:\/\/bsf-ag.ch\/wp-content\/uploads\/2022\/06\/BSF-aussen-1086x1536.jpg 1086w, https:\/\/bsf-ag.ch\/wp-content\/uploads\/2022\/06\/BSF-aussen-1060x1500.jpg 1060w, https:\/\/bsf-ag.ch\/wp-content\/uploads\/2022\/06\/BSF-aussen-498x705.jpg 498w\" sizes=\"(max-width: 1240px) 100vw, 1240px\" \/><\/div><\/li><li  class='avia-slideshow-slide av-l4ie2xuk-e858011b1e31df8b3122d36b067bf3e5__1  slide-2 slide-even'><div data-rel='slideshow-1' class='avia-slide-wrap'   ><img decoding=\"async\" fetchpriority=\"high\" class=\"wp-image-328 avia-img-lazy-loading-not-328\"  src=\"https:\/\/bsf-ag.ch\/wp-content\/uploads\/2022\/06\/bsf-team_2021-490x-519.jpeg\" width=\"490\" height=\"704\" title='bsf-team_2021-490x-519' alt=''  itemprop=\"thumbnailUrl\" srcset=\"https:\/\/bsf-ag.ch\/wp-content\/uploads\/2022\/06\/bsf-team_2021-490x-519.jpeg 490w, https:\/\/bsf-ag.ch\/wp-content\/uploads\/2022\/06\/bsf-team_2021-490x-519-209x300.jpeg 209w\" sizes=\"(max-width: 490px) 100vw, 490px\" \/><\/div><\/li><\/ul><div class='avia-slideshow-arrows avia-slideshow-controls' ><a href='#prev' class='prev-slide' aria-hidden='true' data-av_icon='\ue87c' data-av_iconfont='entypo-fontello'  tabindex='-1'>Pr\u00e9c\u00e9dent<\/a><a href='#next' class='next-slide' aria-hidden='true' data-av_icon='\ue87d' data-av_iconfont='entypo-fontello'  tabindex='-1'>Suivant<\/a><\/div><div class='avia-slideshow-dots avia-slideshow-controls'><a href='#1' class='goto-slide active' >1<\/a><a href='#2' class='goto-slide' >2<\/a><\/div><\/div><\/div>","protected":false},"excerpt":{"rendered":"","protected":false},"author":1,"featured_media":0,"parent":0,"menu_order":2000,"comment_status":"closed","ping_status":"closed","template":"","meta":{"inline_featured_image":false,"footnotes":""},"class_list":["post-34","page","type-page","status-publish","hentry"],"aioseo_notices":[],"_links":{"self":[{"href":"https:\/\/bsf-ag.ch\/fr\/wp-json\/wp\/v2\/pages\/34","targetHints":{"allow":["GET"]}}],"collection":[{"href":"https:\/\/bsf-ag.ch\/fr\/wp-json\/wp\/v2\/pages"}],"about":[{"href":"https:\/\/bsf-ag.ch\/fr\/wp-json\/wp\/v2\/types\/page"}],"author":[{"embeddable":true,"href":"https:\/\/bsf-ag.ch\/fr\/wp-json\/wp\/v2\/users\/1"}],"replies":[{"embeddable":true,"href":"https:\/\/bsf-ag.ch\/fr\/wp-json\/wp\/v2\/comments?post=34"}],"version-history":[{"count":63,"href":"https:\/\/bsf-ag.ch\/fr\/wp-json\/wp\/v2\/pages\/34\/revisions"}],"predecessor-version":[{"id":2248,"href":"https:\/\/bsf-ag.ch\/fr\/wp-json\/wp\/v2\/pages\/34\/revisions\/2248"}],"wp:attachment":[{"href":"https:\/\/bsf-ag.ch\/fr\/wp-json\/wp\/v2\/media?parent=34"}],"curies":[{"name":"wp","href":"https:\/\/api.w.org\/{rel}","templated":true}]}}