{"id":308,"date":"2022-06-17T10:57:01","date_gmt":"2022-06-17T10:57:01","guid":{"rendered":"https:\/\/bsf-ag.ch\/?page_id=308"},"modified":"2022-07-11T21:28:36","modified_gmt":"2022-07-11T21:28:36","slug":"rechtliches","status":"publish","type":"page","link":"https:\/\/bsf-ag.ch\/fr\/rechtliches\/","title":{"rendered":"Mentions l\u00e9gales"},"content":{"rendered":"<style type=\"text\/css\" data-created_by=\"avia_inline_auto\" id=\"style-css-av-av_section-0ea1f642b1e701b43edd2db258fddc32\">\n.avia-section.av-av_section-0ea1f642b1e701b43edd2db258fddc32 .av-parallax .av-parallax-inner{\nbackground-repeat:no-repeat;\nbackground-image:url(https:\/\/bsf-ag.ch\/wp-content\/uploads\/2022\/07\/02BSF-drehen.png);\nbackground-position:100% 50%;\nbackground-attachment:scroll;\n}\n.avia-section.av-av_section-0ea1f642b1e701b43edd2db258fddc32 .av-section-color-overlay{\nopacity:0.4;\nbackground-color:#000000;\n}\n<\/style>\n<div id='av_section_1'  class='avia-section av-av_section-0ea1f642b1e701b43edd2db258fddc32 main_color avia-section-default avia-no-border-styling  avia-builder-el-0  el_before_av_one_full  avia-builder-el-first  av-parallax-section avia-bg-style-parallax av-section-color-overlay-active container_wrap fullsize'  data-section-bg-repeat='no-repeat'><div class='av-parallax' data-avia-parallax-ratio='0.3' ><div class='av-parallax-inner main_color avia-full-stretch'><\/div><\/div><div class=\"av-section-color-overlay-wrap\"><div class=\"av-section-color-overlay\"><\/div><div class='container av-section-cont-open' ><main  role=\"main\" itemprop=\"mainContentOfPage\"  class='template-page content  av-content-full alpha units'><div class='post-entry post-entry-type-page post-entry-308'><div class='entry-content-wrapper clearfix'>\n\n<style type=\"text\/css\" data-created_by=\"avia_inline_auto\" id=\"style-css-av-l5h98sz4-6d687537bd719be9c3d15d3af84b8267\">\n#top .av-special-heading.av-l5h98sz4-6d687537bd719be9c3d15d3af84b8267{\npadding-bottom:10px;\ncolor:#ffffff;\n}\nbody .av-special-heading.av-l5h98sz4-6d687537bd719be9c3d15d3af84b8267 .av-special-heading-tag .heading-char{\nfont-size:25px;\n}\n.av-special-heading.av-l5h98sz4-6d687537bd719be9c3d15d3af84b8267 .special-heading-inner-border{\nborder-color:#ffffff;\n}\n.av-special-heading.av-l5h98sz4-6d687537bd719be9c3d15d3af84b8267 .av-subheading{\nfont-size:15px;\n}\n<\/style>\n<div  class='av-special-heading av-l5h98sz4-6d687537bd719be9c3d15d3af84b8267 av-special-heading-h1 custom-color-heading blockquote modern-quote modern-centered  avia-builder-el-1  avia-builder-el-no-sibling'><h1 class='av-special-heading-tag'  itemprop=\"headline\"  >Mentions l\u00e9gales<\/h1><div class=\"special-heading-border\"><div class=\"special-heading-inner-border\"><\/div><\/div><\/div>\n<\/div><\/div><\/main><!-- close content main element --><\/div><\/div><\/div><div id='after_section_1'  class='main_color av_default_container_wrap container_wrap fullsize'  ><div class='container av-section-cont-open' ><div class='template-page content  av-content-full alpha units'><div class='post-entry post-entry-type-page post-entry-308'><div class='entry-content-wrapper clearfix'><div  class='flex_column av-8lhfw-80096799619804ba77dc514a4cbcd1d1 av_one_full  avia-builder-el-2  el_after_av_section  avia-builder-el-no-sibling  first flex_column_div'     ><p>\n<style type=\"text\/css\" data-created_by=\"avia_inline_auto\" id=\"style-css-av-l5h97a3f-a899498ac69e6ade64f405e7d78bf3fe\">\n#top .av-special-heading.av-l5h97a3f-a899498ac69e6ade64f405e7d78bf3fe{\npadding-bottom:10px;\n}\nbody .av-special-heading.av-l5h97a3f-a899498ac69e6ade64f405e7d78bf3fe .av-special-heading-tag .heading-char{\nfont-size:25px;\n}\n.av-special-heading.av-l5h97a3f-a899498ac69e6ade64f405e7d78bf3fe .av-subheading{\nfont-size:15px;\n}\n<\/style>\n<div  class='av-special-heading av-l5h97a3f-a899498ac69e6ade64f405e7d78bf3fe av-special-heading-h2 blockquote modern-quote  avia-builder-el-3  el_before_av_hr  avia-builder-el-first'><h2 class='av-special-heading-tag'  itemprop=\"headline\"  >Pas de garantie <span class='special_amp'>&amp;<\/span> Pas de responsabilit\u00e9<\/h2><div class=\"special-heading-border\"><div class=\"special-heading-inner-border\"><\/div><\/div><\/div><br \/>\n\n<style type=\"text\/css\" data-created_by=\"avia_inline_auto\" id=\"style-css-av-av_hr-b15d22e2b2d7ad4175fb3c9c466d9b3d\">\n#top .hr.av-av_hr-b15d22e2b2d7ad4175fb3c9c466d9b3d{\nmargin-top:1px;\nmargin-bottom:20px;\n}\n.hr.av-av_hr-b15d22e2b2d7ad4175fb3c9c466d9b3d .hr-inner{\nwidth:60px;\nborder-color:#67ad23;\n}\n<\/style>\n<div  class='hr av-av_hr-b15d22e2b2d7ad4175fb3c9c466d9b3d hr-custom  avia-builder-el-4  el_after_av_heading  el_before_av_textblock  hr-left hr-icon-no'><span class='hr-inner inner-border-av-border-fat'><span class=\"hr-inner-style\"><\/span><\/span><\/div><br \/>\n<section  class='av_textblock_section av-l4id5lj3-0d66420532bf530043578529eeebb35a'   itemscope=\"itemscope\" itemtype=\"https:\/\/schema.org\/CreativeWork\" ><div class='avia_textblock'  itemprop=\"text\" ><p>Bien que BSF B\u00fcnter AG mette tout en \u0153uvre pour fournir des informations exactes et actuelles, nous ne donnons aucune garantie, expresse ou implicite, quant \u00e0 l'exactitude et \u00e0 l'exhaustivit\u00e9 des informations contenues dans ce site Web et d\u00e9clinons toute responsabilit\u00e9 quant \u00e0 l'utilisation de ce site Web ou des sites Web qui y sont reli\u00e9s par un lien. BSF B\u00fcnter AG se r\u00e9serve le droit de modifier le pr\u00e9sent site \u00e0 tout moment et sans pr\u00e9avis, mais n'assume aucune responsabilit\u00e9 quant \u00e0 sa mise \u00e0 jour. En tant qu'utilisateur, vous acceptez que tous les acc\u00e8s \u00e0 ce site web et \u00e0 son utilisation, ainsi qu'aux sites web et \u00e0 leur contenu reli\u00e9s \u00e0 ce site web par un lien, se fassent sous votre responsabilit\u00e9. Ni BSF B\u00fcnter AG, ni aucune autre partie impliqu\u00e9e dans la conception, la production ou la mise \u00e0 disposition de ce site Internet ou de tout site Internet li\u00e9 \u00e0 celui-ci, ne peut \u00eatre tenue responsable de quelque mani\u00e8re que ce soit de tout dommage direct, accidentel, indirect ou intentionnel r\u00e9sultant de votre acc\u00e8s, de votre utilisation r\u00e9ussie ou non de ce site Internet ou de tout site Internet li\u00e9 \u00e0 celui-ci, ou de toute erreur ou omission dans son contenu.<\/p>\n<\/div><\/section><br \/>\n\n<style type=\"text\/css\" data-created_by=\"avia_inline_auto\" id=\"style-css-av-l5h98h2u-e961c43276c3ca1409907c0b879c7dcc\">\n#top .av-special-heading.av-l5h98h2u-e961c43276c3ca1409907c0b879c7dcc{\npadding-bottom:10px;\n}\nbody .av-special-heading.av-l5h98h2u-e961c43276c3ca1409907c0b879c7dcc .av-special-heading-tag .heading-char{\nfont-size:25px;\n}\n.av-special-heading.av-l5h98h2u-e961c43276c3ca1409907c0b879c7dcc .av-subheading{\nfont-size:15px;\n}\n<\/style>\n<div  class='av-special-heading av-l5h98h2u-e961c43276c3ca1409907c0b879c7dcc av-special-heading-h2 blockquote modern-quote  avia-builder-el-6  el_after_av_textblock  el_before_av_hr'><h2 class='av-special-heading-tag'  itemprop=\"headline\"  >Liens<\/h2><div class=\"special-heading-border\"><div class=\"special-heading-inner-border\"><\/div><\/div><\/div><br \/>\n\n<style type=\"text\/css\" data-created_by=\"avia_inline_auto\" id=\"style-css-av-av_hr-b15d22e2b2d7ad4175fb3c9c466d9b3d\">\n#top .hr.av-av_hr-b15d22e2b2d7ad4175fb3c9c466d9b3d{\nmargin-top:1px;\nmargin-bottom:20px;\n}\n.hr.av-av_hr-b15d22e2b2d7ad4175fb3c9c466d9b3d .hr-inner{\nwidth:60px;\nborder-color:#67ad23;\n}\n<\/style>\n<div  class='hr av-av_hr-b15d22e2b2d7ad4175fb3c9c466d9b3d hr-custom  avia-builder-el-7  el_after_av_heading  el_before_av_textblock  hr-left hr-icon-no'><span class='hr-inner inner-border-av-border-fat'><span class=\"hr-inner-style\"><\/span><\/span><\/div><br \/>\n<section  class='av_textblock_section av-l5h98c2n-f62f9c7ddc240263c070d2d9ffbea6bd'   itemscope=\"itemscope\" itemtype=\"https:\/\/schema.org\/CreativeWork\" ><div class='avia_textblock'  itemprop=\"text\" ><p>Les liens vers des sites tiers sont propos\u00e9s \u00e0 titre de commodit\u00e9. Nous n'exprimons aucune opinion sur le contenu des sites web de tiers et d\u00e9clinons express\u00e9ment toute responsabilit\u00e9 quant aux informations de tiers et \u00e0 leur utilisation.<\/p>\n<\/div><\/section><br \/>\n\n<style type=\"text\/css\" data-created_by=\"avia_inline_auto\" id=\"style-css-av-l5h99f8m-2d8b3ed2211eca1bb1e4b03ab6c77763\">\n#top .av-special-heading.av-l5h99f8m-2d8b3ed2211eca1bb1e4b03ab6c77763{\npadding-bottom:10px;\n}\nbody .av-special-heading.av-l5h99f8m-2d8b3ed2211eca1bb1e4b03ab6c77763 .av-special-heading-tag .heading-char{\nfont-size:25px;\n}\n.av-special-heading.av-l5h99f8m-2d8b3ed2211eca1bb1e4b03ab6c77763 .av-subheading{\nfont-size:15px;\n}\n<\/style>\n<div  class='av-special-heading av-l5h99f8m-2d8b3ed2211eca1bb1e4b03ab6c77763 av-special-heading-h2 blockquote modern-quote  avia-builder-el-9  el_after_av_textblock  el_before_av_hr'><h2 class='av-special-heading-tag'  itemprop=\"headline\"  >Noms de marque<\/h2><div class=\"special-heading-border\"><div class=\"special-heading-inner-border\"><\/div><\/div><\/div><br \/>\n\n<style type=\"text\/css\" data-created_by=\"avia_inline_auto\" id=\"style-css-av-l5h9aguh-94e74005b954865f520c1cfc0d6d4630\">\n#top .hr.av-l5h9aguh-94e74005b954865f520c1cfc0d6d4630{\nmargin-top:1px;\nmargin-bottom:20px;\n}\n.hr.av-l5h9aguh-94e74005b954865f520c1cfc0d6d4630 .hr-inner{\nwidth:60px;\nborder-color:#67ad23;\n}\n<\/style>\n<div  class='hr av-l5h9aguh-94e74005b954865f520c1cfc0d6d4630 hr-custom  avia-builder-el-10  el_after_av_heading  el_before_av_textblock  hr-left hr-icon-no'><span class='hr-inner inner-border-av-border-fat'><span class=\"hr-inner-style\"><\/span><\/span><\/div><br \/>\n<section  class='av_textblock_section av-l5h99ai4-451de11b03438eb86f1ec67f4a486fca'   itemscope=\"itemscope\" itemtype=\"https:\/\/schema.org\/CreativeWork\" ><div class='avia_textblock'  itemprop=\"text\" ><p>Tous les noms de marque cit\u00e9s appartiennent \u00e0 BSF B\u00fcnter AG ou sont sous licence de BSF B\u00fcnter AG.<\/p>\n<\/div><\/section><br \/>\n\n<style type=\"text\/css\" data-created_by=\"avia_inline_auto\" id=\"style-css-av-l5h9a8ak-978918b7df16a3969d4acb9f5213235f\">\n#top .av-special-heading.av-l5h9a8ak-978918b7df16a3969d4acb9f5213235f{\npadding-bottom:10px;\n}\nbody .av-special-heading.av-l5h9a8ak-978918b7df16a3969d4acb9f5213235f .av-special-heading-tag .heading-char{\nfont-size:25px;\n}\n.av-special-heading.av-l5h9a8ak-978918b7df16a3969d4acb9f5213235f .av-subheading{\nfont-size:15px;\n}\n<\/style>\n<div  class='av-special-heading av-l5h9a8ak-978918b7df16a3969d4acb9f5213235f av-special-heading-h2 blockquote modern-quote  avia-builder-el-12  el_after_av_textblock  el_before_av_hr'><h2 class='av-special-heading-tag'  itemprop=\"headline\"  >Droits d'auteur<\/h2><div class=\"special-heading-border\"><div class=\"special-heading-inner-border\"><\/div><\/div><\/div><br \/>\n\n<style type=\"text\/css\" data-created_by=\"avia_inline_auto\" id=\"style-css-av-av_hr-b15d22e2b2d7ad4175fb3c9c466d9b3d\">\n#top .hr.av-av_hr-b15d22e2b2d7ad4175fb3c9c466d9b3d{\nmargin-top:1px;\nmargin-bottom:20px;\n}\n.hr.av-av_hr-b15d22e2b2d7ad4175fb3c9c466d9b3d .hr-inner{\nwidth:60px;\nborder-color:#67ad23;\n}\n<\/style>\n<div  class='hr av-av_hr-b15d22e2b2d7ad4175fb3c9c466d9b3d hr-custom  avia-builder-el-13  el_after_av_heading  el_before_av_textblock  hr-left hr-icon-no'><span class='hr-inner inner-border-av-border-fat'><span class=\"hr-inner-style\"><\/span><\/span><\/div><br \/>\n<section  class='av_textblock_section av-l5h99vnf-6d516d20ff8dec886e261515e27d6104'   itemscope=\"itemscope\" itemtype=\"https:\/\/schema.org\/CreativeWork\" ><div class='avia_textblock'  itemprop=\"text\" ><p>Le site Internet de BSF B\u00fcnter AG et les donn\u00e9es qu'il contient et auxquelles il renvoie sont exclusivement destin\u00e9s \u00e0 des fins d'information. La reproduction, la diffusion et toute autre utilisation sont strictement interdites. Les demandes d'autorisation de reproduction d'informations contenues dans ce site doivent \u00eatre adress\u00e9es au webmaster de la BSF B\u00fcnter AG.<\/p>\n<\/div><\/section><\/p><\/div><\/p>","protected":false},"excerpt":{"rendered":"","protected":false},"author":1,"featured_media":0,"parent":0,"menu_order":11000,"comment_status":"closed","ping_status":"closed","template":"","meta":{"inline_featured_image":false,"footnotes":""},"class_list":["post-308","page","type-page","status-publish","hentry"],"aioseo_notices":[],"_links":{"self":[{"href":"https:\/\/bsf-ag.ch\/fr\/wp-json\/wp\/v2\/pages\/308","targetHints":{"allow":["GET"]}}],"collection":[{"href":"https:\/\/bsf-ag.ch\/fr\/wp-json\/wp\/v2\/pages"}],"about":[{"href":"https:\/\/bsf-ag.ch\/fr\/wp-json\/wp\/v2\/types\/page"}],"author":[{"embeddable":true,"href":"https:\/\/bsf-ag.ch\/fr\/wp-json\/wp\/v2\/users\/1"}],"replies":[{"embeddable":true,"href":"https:\/\/bsf-ag.ch\/fr\/wp-json\/wp\/v2\/comments?post=308"}],"version-history":[{"count":7,"href":"https:\/\/bsf-ag.ch\/fr\/wp-json\/wp\/v2\/pages\/308\/revisions"}],"predecessor-version":[{"id":986,"href":"https:\/\/bsf-ag.ch\/fr\/wp-json\/wp\/v2\/pages\/308\/revisions\/986"}],"wp:attachment":[{"href":"https:\/\/bsf-ag.ch\/fr\/wp-json\/wp\/v2\/media?parent=308"}],"curies":[{"name":"wp","href":"https:\/\/api.w.org\/{rel}","templated":true}]}}