{"id":148,"date":"2022-06-16T12:08:05","date_gmt":"2022-06-16T12:08:05","guid":{"rendered":"https:\/\/bsf-ag.ch\/?page_id=148"},"modified":"2023-06-27T23:22:55","modified_gmt":"2023-06-27T21:22:55","slug":"gleitschleifen","status":"publish","type":"page","link":"https:\/\/bsf-ag.ch\/fr\/kompetenzen\/gleitschleifen\/","title":{"rendered":"Tribofinition"},"content":{"rendered":"<style type=\"text\/css\" data-created_by=\"avia_inline_auto\" id=\"style-css-av-8acus-2239baca0efb02090d110dff446147ad\">\n.avia-section.av-8acus-2239baca0efb02090d110dff446147ad .av-parallax .av-parallax-inner{\nbackground-repeat:no-repeat;\nbackground-image:url(https:\/\/bsf-ag.ch\/wp-content\/uploads\/2022\/07\/02BSF-drehen.png);\nbackground-position:100% 50%;\nbackground-attachment:scroll;\n}\n.avia-section.av-8acus-2239baca0efb02090d110dff446147ad .av-section-color-overlay{\nopacity:0.4;\nbackground-color:#000000;\n}\n<\/style>\n<div id='av_section_1'  class='avia-section av-8acus-2239baca0efb02090d110dff446147ad main_color avia-section-default avia-no-border-styling  avia-builder-el-0  el_before_av_submenu  avia-builder-el-first  av-parallax-section avia-bg-style-parallax av-section-color-overlay-active container_wrap fullsize'  data-section-bg-repeat='no-repeat'><div class='av-parallax' data-avia-parallax-ratio='0.3' ><div class='av-parallax-inner main_color avia-full-stretch'><\/div><\/div><div class=\"av-section-color-overlay-wrap\"><div class=\"av-section-color-overlay\"><\/div><div class='container av-section-cont-open' ><main  role=\"main\" itemprop=\"mainContentOfPage\"  class='template-page content  av-content-full alpha units'><div class='post-entry post-entry-type-page post-entry-148'><div class='entry-content-wrapper clearfix'>\n\n<style type=\"text\/css\" data-created_by=\"avia_inline_auto\" id=\"style-css-av-l5h70p8i-96109399bed283064d804a91ac7c7bb8\">\n#top .av-special-heading.av-l5h70p8i-96109399bed283064d804a91ac7c7bb8{\npadding-bottom:10px;\ncolor:#ffffff;\n}\nbody .av-special-heading.av-l5h70p8i-96109399bed283064d804a91ac7c7bb8 .av-special-heading-tag .heading-char{\nfont-size:25px;\n}\n.av-special-heading.av-l5h70p8i-96109399bed283064d804a91ac7c7bb8 .special-heading-inner-border{\nborder-color:#ffffff;\n}\n.av-special-heading.av-l5h70p8i-96109399bed283064d804a91ac7c7bb8 .av-subheading{\nfont-size:15px;\n}\n<\/style>\n<div  class='av-special-heading av-l5h70p8i-96109399bed283064d804a91ac7c7bb8 av-special-heading-h1 custom-color-heading blockquote modern-quote modern-centered  avia-builder-el-1  avia-builder-el-no-sibling'><h1 class='av-special-heading-tag'  itemprop=\"headline\"  >Tribofinition<\/h1><div class=\"special-heading-border\"><div class=\"special-heading-inner-border\"><\/div><\/div><\/div>\n\n<\/div><\/div><\/main><!-- close content main element --><\/div><\/div><\/div><div class='clear'><\/div><div id='sub_menu1'  class='av-submenu-container av-av_submenu-ef05e9dedff25f735e7e44eaa52b7e56 main_color av-switch-990  avia-builder-el-2  el_after_av_section  el_before_av_one_half  av-sticky-submenu submenu-not-first container_wrap fullsize' style='z-index:301' ><div class='container av-menu-mobile-active av-submenu-pos-center av-submenu-hidden'><a href=\"#\" class=\"mobile_menu_toggle\" aria-hidden='true' data-av_icon='\ue8a5' data-av_iconfont='entypo-fontello'><span class=\"av-current-placeholder\">Menu<\/span><\/a><ul id=\"menu-kompetenzen\" class=\"av-subnav-menu\" role=\"menu\"><li role=\"menuitem\" id=\"menu-item-1582\" class=\"menu-item menu-item-type-post_type menu-item-object-page menu-item-top-level menu-item-top-level-1\"><a href=\"https:\/\/bsf-ag.ch\/fr\/kompetenzen\/konstruktion\/\" itemprop=\"url\" tabindex=\"0\"><span class=\"avia-bullet\"><\/span><span class=\"avia-menu-text\">Construction<\/span><span class=\"avia-menu-fx\"><span class=\"avia-arrow-wrap\"><span class=\"avia-arrow\"><\/span><\/span><\/span><\/a><\/li>\n<li role=\"menuitem\" id=\"menu-item-1583\" class=\"menu-item menu-item-type-post_type menu-item-object-page menu-item-top-level menu-item-top-level-2\"><a href=\"https:\/\/bsf-ag.ch\/fr\/kompetenzen\/lasercusing\/\" itemprop=\"url\" tabindex=\"0\"><span class=\"avia-bullet\"><\/span><span class=\"avia-menu-text\">LaserCUSING<\/span><span class=\"avia-menu-fx\"><span class=\"avia-arrow-wrap\"><span class=\"avia-arrow\"><\/span><\/span><\/span><\/a><\/li>\n<li role=\"menuitem\" id=\"menu-item-1584\" class=\"menu-item menu-item-type-post_type menu-item-object-page menu-item-top-level menu-item-top-level-3\"><a href=\"https:\/\/bsf-ag.ch\/fr\/kompetenzen\/cnc-fraesen\/\" itemprop=\"url\" tabindex=\"0\"><span class=\"avia-bullet\"><\/span><span class=\"avia-menu-text\">Fraisage CNC<\/span><span class=\"avia-menu-fx\"><span class=\"avia-arrow-wrap\"><span class=\"avia-arrow\"><\/span><\/span><\/span><\/a><\/li>\n<li role=\"menuitem\" id=\"menu-item-1585\" class=\"menu-item menu-item-type-post_type menu-item-object-page menu-item-top-level menu-item-top-level-4\"><a href=\"https:\/\/bsf-ag.ch\/fr\/kompetenzen\/cnc-drehen\/\" itemprop=\"url\" tabindex=\"0\"><span class=\"avia-bullet\"><\/span><span class=\"avia-menu-text\">Tournage CNC<\/span><span class=\"avia-menu-fx\"><span class=\"avia-arrow-wrap\"><span class=\"avia-arrow\"><\/span><\/span><\/span><\/a><\/li>\n<li role=\"menuitem\" id=\"menu-item-1586\" class=\"menu-item menu-item-type-post_type menu-item-object-page menu-item-top-level menu-item-top-level-5\"><a href=\"https:\/\/bsf-ag.ch\/fr\/kompetenzen\/schleifen\/\" itemprop=\"url\" tabindex=\"0\"><span class=\"avia-bullet\"><\/span><span class=\"avia-menu-text\">Pon\u00e7age<\/span><span class=\"avia-menu-fx\"><span class=\"avia-arrow-wrap\"><span class=\"avia-arrow\"><\/span><\/span><\/span><\/a><\/li>\n<li role=\"menuitem\" id=\"menu-item-1587\" class=\"menu-item menu-item-type-post_type menu-item-object-page menu-item-top-level menu-item-top-level-6\"><a href=\"https:\/\/bsf-ag.ch\/fr\/kompetenzen\/drahterodieren\/\" itemprop=\"url\" tabindex=\"0\"><span class=\"avia-bullet\"><\/span><span class=\"avia-menu-text\">Electro-\u00e9rosion \u00e0 fil<\/span><span class=\"avia-menu-fx\"><span class=\"avia-arrow-wrap\"><span class=\"avia-arrow\"><\/span><\/span><\/span><\/a><\/li>\n<li role=\"menuitem\" id=\"menu-item-1588\" class=\"menu-item menu-item-type-post_type menu-item-object-page menu-item-top-level menu-item-top-level-7\"><a href=\"https:\/\/bsf-ag.ch\/fr\/kompetenzen\/messen\/\" itemprop=\"url\" tabindex=\"0\"><span class=\"avia-bullet\"><\/span><span class=\"avia-menu-text\">Foires et salons<\/span><span class=\"avia-menu-fx\"><span class=\"avia-arrow-wrap\"><span class=\"avia-arrow\"><\/span><\/span><\/span><\/a><\/li>\n<li role=\"menuitem\" id=\"menu-item-1589\" class=\"menu-item menu-item-type-post_type menu-item-object-page menu-item-top-level menu-item-top-level-8\"><a href=\"https:\/\/bsf-ag.ch\/fr\/kompetenzen\/laserbeschriften\/\" itemprop=\"url\" tabindex=\"0\"><span class=\"avia-bullet\"><\/span><span class=\"avia-menu-text\">Marquage au laser<\/span><span class=\"avia-menu-fx\"><span class=\"avia-arrow-wrap\"><span class=\"avia-arrow\"><\/span><\/span><\/span><\/a><\/li>\n<li role=\"menuitem\" id=\"menu-item-1590\" class=\"menu-item menu-item-type-post_type menu-item-object-page menu-item-top-level menu-item-top-level-9\"><a href=\"https:\/\/bsf-ag.ch\/fr\/kompetenzen\/gleitschleifen\/\" itemprop=\"url\" tabindex=\"0\"><span class=\"avia-bullet\"><\/span><span class=\"avia-menu-text\">Tribofinition<\/span><span class=\"avia-menu-fx\"><span class=\"avia-arrow-wrap\"><span class=\"avia-arrow\"><\/span><\/span><\/span><\/a><\/li>\n<\/ul><\/div><\/div><div class='sticky_placeholder'><\/div><div id='after_submenu_1'  class='main_color av_default_container_wrap container_wrap fullsize'  ><div class='container av-section-cont-open' ><div class='template-page content  av-content-full alpha units'><div class='post-entry post-entry-type-page post-entry-148'><div class='entry-content-wrapper clearfix'>\n<div  class='flex_column av-ujyvo-d8d29b153f957111e9c0df3d72c5e0c9 av_one_half  avia-builder-el-3  el_after_av_submenu  el_before_av_one_half  avia-builder-el-first  first flex_column_div'     ><p>\n<style type=\"text\/css\" data-created_by=\"avia_inline_auto\" id=\"style-css-av-l56turh0-652d10b493237d03ee297c2343af5ee9\">\n#top .av-special-heading.av-l56turh0-652d10b493237d03ee297c2343af5ee9{\npadding-bottom:10px;\n}\nbody .av-special-heading.av-l56turh0-652d10b493237d03ee297c2343af5ee9 .av-special-heading-tag .heading-char{\nfont-size:25px;\n}\n.av-special-heading.av-l56turh0-652d10b493237d03ee297c2343af5ee9 .av-subheading{\nfont-size:15px;\n}\n<\/style>\n<div  class='av-special-heading av-l56turh0-652d10b493237d03ee297c2343af5ee9 av-special-heading-h2 blockquote modern-quote  avia-builder-el-4  el_before_av_hr  avia-builder-el-first'><h2 class='av-special-heading-tag'  itemprop=\"headline\"  >La meilleure finition possible. Automatis\u00e9 et \u00e9conomique.<\/h2><div class=\"special-heading-border\"><div class=\"special-heading-inner-border\"><\/div><\/div><\/div><br \/>\n\n<style type=\"text\/css\" data-created_by=\"avia_inline_auto\" id=\"style-css-av-l5h70zt2-d82bcfd20880d2676c684424a91a7bfc\">\n#top .hr.av-l5h70zt2-d82bcfd20880d2676c684424a91a7bfc{\nmargin-top:1px;\nmargin-bottom:20px;\n}\n.hr.av-l5h70zt2-d82bcfd20880d2676c684424a91a7bfc .hr-inner{\nwidth:60px;\nborder-color:#67ad23;\n}\n<\/style>\n<div  class='hr av-l5h70zt2-d82bcfd20880d2676c684424a91a7bfc hr-custom  avia-builder-el-5  el_after_av_heading  el_before_av_textblock  hr-left hr-icon-no'><span class='hr-inner inner-border-av-border-fat'><span class=\"hr-inner-style\"><\/span><\/span><\/div><br \/>\n<section  class='av_textblock_section av-l4i70a7h-f09c06bb988740c8ce4bb935f33abb6c'   itemscope=\"itemscope\" itemtype=\"https:\/\/schema.org\/CreativeWork\" ><div class='avia_textblock'  itemprop=\"text\" ><div id=\"text\">\n<p>Lors de la tribofinition (\u00e9galement appel\u00e9e trowalisation), les composants sont secou\u00e9s dans un tambour avec de petites pierres abrasives. Cela permet d'\u00e9liminer les petites bavures et d'obtenir une finition uniforme sur les surfaces.<\/p>\n<p>L'installation moderne de BSF B\u00fcnter AG s'en charge de mani\u00e8re automatis\u00e9e et \u00e9conomique. De plus, les pi\u00e8ces sont nettoy\u00e9es et s\u00e9ch\u00e9es automatiquement dans une deuxi\u00e8me \u00e9tape. Ainsi, une partie du travail manuel est supprim\u00e9e et les collaborateurs peuvent se concentrer sur leur comp\u00e9tence principale.<\/p>\n<\/div>\n<\/div><\/section><\/p><\/div>\n<div  class='flex_column av-pye8c-d0407764d3eaab4cd4b86708d7ba4a65 av_one_half  avia-builder-el-7  el_after_av_one_half  avia-builder-el-last  flex_column_div'     ><div  class='avia-slideshow av-l4i70t3h-02abc47ce4617570b50d287ed1079e3a avia-slideshow-large av_slideshow avia-slide-slider  avia-builder-el-8  avia-builder-el-no-sibling  av-slideshow-ui av-control-default av-slideshow-autoplay av-loop-endless av-loop-manual-endless av-default-height-applied avia-slideshow-1' data-slideshow-options=\"{&quot;animation&quot;:&quot;slide&quot;,&quot;autoplay&quot;:true,&quot;loop_autoplay&quot;:&quot;endless&quot;,&quot;interval&quot;:6,&quot;loop_manual&quot;:&quot;manual-endless&quot;,&quot;autoplay_stopper&quot;:false,&quot;noNavigation&quot;:false,&quot;bg_slider&quot;:false,&quot;keep_padding&quot;:false,&quot;hoverpause&quot;:false,&quot;show_slide_delay&quot;:0}\"  itemprop=\"image\" itemscope=\"itemscope\" itemtype=\"https:\/\/schema.org\/ImageObject\" ><ul class='avia-slideshow-inner' style='padding-bottom: 67.572815533981%;'><li  class='avia-slideshow-slide av-l4i70t3h-02abc47ce4617570b50d287ed1079e3a__0  slide-1 slide-odd'><div data-rel='slideshow-1' class='avia-slide-wrap'   ><img decoding=\"async\" fetchpriority=\"high\" class=\"wp-image-1488 avia-img-lazy-loading-not-1488\"  src=\"https:\/\/bsf-ag.ch\/wp-content\/uploads\/2022\/09\/BSF-gleitschleifen-1030x696.jpg\" width=\"1030\" height=\"696\" title='BOUCLES DE GLISSEMENT' alt=''  itemprop=\"thumbnailUrl\" srcset=\"https:\/\/bsf-ag.ch\/wp-content\/uploads\/2022\/09\/BSF-gleitschleifen-1030x696.jpg 1030w, https:\/\/bsf-ag.ch\/wp-content\/uploads\/2022\/09\/BSF-gleitschleifen-300x203.jpg 300w, https:\/\/bsf-ag.ch\/wp-content\/uploads\/2022\/09\/BSF-gleitschleifen-768x519.jpg 768w, https:\/\/bsf-ag.ch\/wp-content\/uploads\/2022\/09\/BSF-gleitschleifen-1536x1039.jpg 1536w, https:\/\/bsf-ag.ch\/wp-content\/uploads\/2022\/09\/BSF-gleitschleifen-2048x1385.jpg 2048w, https:\/\/bsf-ag.ch\/wp-content\/uploads\/2022\/09\/BSF-gleitschleifen-1500x1014.jpg 1500w, https:\/\/bsf-ag.ch\/wp-content\/uploads\/2022\/09\/BSF-gleitschleifen-705x477.jpg 705w\" sizes=\"(max-width: 1030px) 100vw, 1030px\" \/><\/div><\/li><li  class='avia-slideshow-slide av-l4i70t3h-02abc47ce4617570b50d287ed1079e3a__1  slide-2 slide-even'><div data-rel='slideshow-1' class='avia-slide-wrap'   ><img decoding=\"async\" fetchpriority=\"high\" class=\"wp-image-259 avia-img-lazy-loading-not-259\"  src=\"https:\/\/bsf-ag.ch\/wp-content\/uploads\/2022\/06\/newsletter-2019-12-schleifmittel-490x-eb6-1.jpeg\" width=\"490\" height=\"368\" title='' alt=''  itemprop=\"thumbnailUrl\" srcset=\"https:\/\/bsf-ag.ch\/wp-content\/uploads\/2022\/06\/newsletter-2019-12-schleifmittel-490x-eb6-1.jpeg 490w, https:\/\/bsf-ag.ch\/wp-content\/uploads\/2022\/06\/newsletter-2019-12-schleifmittel-490x-eb6-1-300x225.jpeg 300w\" sizes=\"(max-width: 490px) 100vw, 490px\" \/><\/div><\/li><li  class='avia-slideshow-slide av-l4i70t3h-02abc47ce4617570b50d287ed1079e3a__2  slide-3 slide-odd'><div data-rel='slideshow-1' class='avia-slide-wrap'   ><img decoding=\"async\" fetchpriority=\"high\" class=\"wp-image-262 avia-img-lazy-loading-not-262\"  src=\"https:\/\/bsf-ag.ch\/wp-content\/uploads\/2022\/06\/newsletter-2019-12-trowal-anlage-490x-952-1.jpeg\" width=\"490\" height=\"368\" title='' alt=''  itemprop=\"thumbnailUrl\" srcset=\"https:\/\/bsf-ag.ch\/wp-content\/uploads\/2022\/06\/newsletter-2019-12-trowal-anlage-490x-952-1.jpeg 490w, https:\/\/bsf-ag.ch\/wp-content\/uploads\/2022\/06\/newsletter-2019-12-trowal-anlage-490x-952-1-300x225.jpeg 300w\" sizes=\"(max-width: 490px) 100vw, 490px\" \/><\/div><\/li><\/ul><div class='avia-slideshow-arrows avia-slideshow-controls' ><a href='#prev' class='prev-slide' aria-hidden='true' data-av_icon='\ue87c' data-av_iconfont='entypo-fontello'  tabindex='-1'>Pr\u00e9c\u00e9dent<\/a><a href='#next' class='next-slide' aria-hidden='true' data-av_icon='\ue87d' data-av_iconfont='entypo-fontello'  tabindex='-1'>Suivant<\/a><\/div><div class='avia-slideshow-dots avia-slideshow-controls'><a href='#1' class='goto-slide active' >1<\/a><a href='#2' class='goto-slide' >2<\/a><\/div><\/div><\/div>","protected":false},"excerpt":{"rendered":"","protected":false},"author":1,"featured_media":0,"parent":36,"menu_order":4900,"comment_status":"closed","ping_status":"closed","template":"","meta":{"inline_featured_image":false,"footnotes":""},"class_list":["post-148","page","type-page","status-publish","hentry"],"aioseo_notices":[],"_links":{"self":[{"href":"https:\/\/bsf-ag.ch\/fr\/wp-json\/wp\/v2\/pages\/148","targetHints":{"allow":["GET"]}}],"collection":[{"href":"https:\/\/bsf-ag.ch\/fr\/wp-json\/wp\/v2\/pages"}],"about":[{"href":"https:\/\/bsf-ag.ch\/fr\/wp-json\/wp\/v2\/types\/page"}],"author":[{"embeddable":true,"href":"https:\/\/bsf-ag.ch\/fr\/wp-json\/wp\/v2\/users\/1"}],"replies":[{"embeddable":true,"href":"https:\/\/bsf-ag.ch\/fr\/wp-json\/wp\/v2\/comments?post=148"}],"version-history":[{"count":16,"href":"https:\/\/bsf-ag.ch\/fr\/wp-json\/wp\/v2\/pages\/148\/revisions"}],"predecessor-version":[{"id":1846,"href":"https:\/\/bsf-ag.ch\/fr\/wp-json\/wp\/v2\/pages\/148\/revisions\/1846"}],"up":[{"embeddable":true,"href":"https:\/\/bsf-ag.ch\/fr\/wp-json\/wp\/v2\/pages\/36"}],"wp:attachment":[{"href":"https:\/\/bsf-ag.ch\/fr\/wp-json\/wp\/v2\/media?parent=148"}],"curies":[{"name":"wp","href":"https:\/\/api.w.org\/{rel}","templated":true}]}}