{"id":146,"date":"2022-06-16T12:07:51","date_gmt":"2022-06-16T12:07:51","guid":{"rendered":"https:\/\/bsf-ag.ch\/?page_id=146"},"modified":"2023-06-27T23:05:39","modified_gmt":"2023-06-27T21:05:39","slug":"laserbeschriften","status":"publish","type":"page","link":"https:\/\/bsf-ag.ch\/fr\/kompetenzen\/laserbeschriften\/","title":{"rendered":"Marquage au laser"},"content":{"rendered":"<style type=\"text\/css\" data-created_by=\"avia_inline_auto\" id=\"style-css-av-b24oa-c68a61f7d5c720952b678c31009c70a8\">\n.avia-section.av-b24oa-c68a61f7d5c720952b678c31009c70a8 .av-parallax .av-parallax-inner{\nbackground-repeat:no-repeat;\nbackground-image:url(https:\/\/bsf-ag.ch\/wp-content\/uploads\/2022\/07\/02BSF-drehen.png);\nbackground-position:100% 50%;\nbackground-attachment:scroll;\n}\n.avia-section.av-b24oa-c68a61f7d5c720952b678c31009c70a8 .av-section-color-overlay{\nopacity:0.4;\nbackground-color:#000000;\n}\n<\/style>\n<div id='av_section_1'  class='avia-section av-b24oa-c68a61f7d5c720952b678c31009c70a8 main_color avia-section-default avia-no-border-styling  avia-builder-el-0  el_before_av_submenu  avia-builder-el-first  av-parallax-section avia-bg-style-parallax av-section-color-overlay-active container_wrap fullsize'  data-section-bg-repeat='no-repeat'><div class='av-parallax' data-avia-parallax-ratio='0.3' ><div class='av-parallax-inner main_color avia-full-stretch'><\/div><\/div><div class=\"av-section-color-overlay-wrap\"><div class=\"av-section-color-overlay\"><\/div><div class='container av-section-cont-open' ><main  role=\"main\" itemprop=\"mainContentOfPage\"  class='template-page content  av-content-full alpha units'><div class='post-entry post-entry-type-page post-entry-146'><div class='entry-content-wrapper clearfix'>\n\n<style type=\"text\/css\" data-created_by=\"avia_inline_auto\" id=\"style-css-av-l5h6rrfu-dbde1c58c407662756e74fa83c81775e\">\n#top .av-special-heading.av-l5h6rrfu-dbde1c58c407662756e74fa83c81775e{\npadding-bottom:10px;\ncolor:#ffffff;\n}\nbody .av-special-heading.av-l5h6rrfu-dbde1c58c407662756e74fa83c81775e .av-special-heading-tag .heading-char{\nfont-size:25px;\n}\n.av-special-heading.av-l5h6rrfu-dbde1c58c407662756e74fa83c81775e .special-heading-inner-border{\nborder-color:#ffffff;\n}\n.av-special-heading.av-l5h6rrfu-dbde1c58c407662756e74fa83c81775e .av-subheading{\nfont-size:15px;\n}\n<\/style>\n<div  class='av-special-heading av-l5h6rrfu-dbde1c58c407662756e74fa83c81775e av-special-heading-h1 custom-color-heading blockquote modern-quote modern-centered  avia-builder-el-1  avia-builder-el-no-sibling'><h1 class='av-special-heading-tag'  itemprop=\"headline\"  >Marquage au laser<\/h1><div class=\"special-heading-border\"><div class=\"special-heading-inner-border\"><\/div><\/div><\/div>\n\n<\/div><\/div><\/main><!-- close content main element --><\/div><\/div><\/div><div class='clear'><\/div><div id='sub_menu1'  class='av-submenu-container av-av_submenu-ef05e9dedff25f735e7e44eaa52b7e56 main_color av-switch-990  avia-builder-el-2  el_after_av_section  el_before_av_one_half  av-sticky-submenu submenu-not-first container_wrap fullsize' style='z-index:301' ><div class='container av-menu-mobile-active av-submenu-pos-center av-submenu-hidden'><a href=\"#\" class=\"mobile_menu_toggle\" aria-hidden='true' data-av_icon='\ue8a5' data-av_iconfont='entypo-fontello'><span class=\"av-current-placeholder\">Menu<\/span><\/a><ul id=\"menu-kompetenzen\" class=\"av-subnav-menu\" role=\"menu\"><li role=\"menuitem\" id=\"menu-item-1582\" class=\"menu-item menu-item-type-post_type menu-item-object-page menu-item-top-level menu-item-top-level-1\"><a href=\"https:\/\/bsf-ag.ch\/fr\/kompetenzen\/konstruktion\/\" itemprop=\"url\" tabindex=\"0\"><span class=\"avia-bullet\"><\/span><span class=\"avia-menu-text\">Construction<\/span><span class=\"avia-menu-fx\"><span class=\"avia-arrow-wrap\"><span class=\"avia-arrow\"><\/span><\/span><\/span><\/a><\/li>\n<li role=\"menuitem\" id=\"menu-item-1583\" class=\"menu-item menu-item-type-post_type menu-item-object-page menu-item-top-level menu-item-top-level-2\"><a href=\"https:\/\/bsf-ag.ch\/fr\/kompetenzen\/lasercusing\/\" itemprop=\"url\" tabindex=\"0\"><span class=\"avia-bullet\"><\/span><span class=\"avia-menu-text\">LaserCUSING<\/span><span class=\"avia-menu-fx\"><span class=\"avia-arrow-wrap\"><span class=\"avia-arrow\"><\/span><\/span><\/span><\/a><\/li>\n<li role=\"menuitem\" id=\"menu-item-1584\" class=\"menu-item menu-item-type-post_type menu-item-object-page menu-item-top-level menu-item-top-level-3\"><a href=\"https:\/\/bsf-ag.ch\/fr\/kompetenzen\/cnc-fraesen\/\" itemprop=\"url\" tabindex=\"0\"><span class=\"avia-bullet\"><\/span><span class=\"avia-menu-text\">Fraisage CNC<\/span><span class=\"avia-menu-fx\"><span class=\"avia-arrow-wrap\"><span class=\"avia-arrow\"><\/span><\/span><\/span><\/a><\/li>\n<li role=\"menuitem\" id=\"menu-item-1585\" class=\"menu-item menu-item-type-post_type menu-item-object-page menu-item-top-level menu-item-top-level-4\"><a href=\"https:\/\/bsf-ag.ch\/fr\/kompetenzen\/cnc-drehen\/\" itemprop=\"url\" tabindex=\"0\"><span class=\"avia-bullet\"><\/span><span class=\"avia-menu-text\">Tournage CNC<\/span><span class=\"avia-menu-fx\"><span class=\"avia-arrow-wrap\"><span class=\"avia-arrow\"><\/span><\/span><\/span><\/a><\/li>\n<li role=\"menuitem\" id=\"menu-item-1586\" class=\"menu-item menu-item-type-post_type menu-item-object-page menu-item-top-level menu-item-top-level-5\"><a href=\"https:\/\/bsf-ag.ch\/fr\/kompetenzen\/schleifen\/\" itemprop=\"url\" tabindex=\"0\"><span class=\"avia-bullet\"><\/span><span class=\"avia-menu-text\">Pon\u00e7age<\/span><span class=\"avia-menu-fx\"><span class=\"avia-arrow-wrap\"><span class=\"avia-arrow\"><\/span><\/span><\/span><\/a><\/li>\n<li role=\"menuitem\" id=\"menu-item-1587\" class=\"menu-item menu-item-type-post_type menu-item-object-page menu-item-top-level menu-item-top-level-6\"><a href=\"https:\/\/bsf-ag.ch\/fr\/kompetenzen\/drahterodieren\/\" itemprop=\"url\" tabindex=\"0\"><span class=\"avia-bullet\"><\/span><span class=\"avia-menu-text\">Electro-\u00e9rosion \u00e0 fil<\/span><span class=\"avia-menu-fx\"><span class=\"avia-arrow-wrap\"><span class=\"avia-arrow\"><\/span><\/span><\/span><\/a><\/li>\n<li role=\"menuitem\" id=\"menu-item-1588\" class=\"menu-item menu-item-type-post_type menu-item-object-page menu-item-top-level menu-item-top-level-7\"><a href=\"https:\/\/bsf-ag.ch\/fr\/kompetenzen\/messen\/\" itemprop=\"url\" tabindex=\"0\"><span class=\"avia-bullet\"><\/span><span class=\"avia-menu-text\">Foires et salons<\/span><span class=\"avia-menu-fx\"><span class=\"avia-arrow-wrap\"><span class=\"avia-arrow\"><\/span><\/span><\/span><\/a><\/li>\n<li role=\"menuitem\" id=\"menu-item-1589\" class=\"menu-item menu-item-type-post_type menu-item-object-page menu-item-top-level menu-item-top-level-8\"><a href=\"https:\/\/bsf-ag.ch\/fr\/kompetenzen\/laserbeschriften\/\" itemprop=\"url\" tabindex=\"0\"><span class=\"avia-bullet\"><\/span><span class=\"avia-menu-text\">Marquage au laser<\/span><span class=\"avia-menu-fx\"><span class=\"avia-arrow-wrap\"><span class=\"avia-arrow\"><\/span><\/span><\/span><\/a><\/li>\n<li role=\"menuitem\" id=\"menu-item-1590\" class=\"menu-item menu-item-type-post_type menu-item-object-page menu-item-top-level menu-item-top-level-9\"><a href=\"https:\/\/bsf-ag.ch\/fr\/kompetenzen\/gleitschleifen\/\" itemprop=\"url\" tabindex=\"0\"><span class=\"avia-bullet\"><\/span><span class=\"avia-menu-text\">Tribofinition<\/span><span class=\"avia-menu-fx\"><span class=\"avia-arrow-wrap\"><span class=\"avia-arrow\"><\/span><\/span><\/span><\/a><\/li>\n<\/ul><\/div><\/div><div class='sticky_placeholder'><\/div><div id='after_submenu_1'  class='main_color av_default_container_wrap container_wrap fullsize'  ><div class='container av-section-cont-open' ><div class='template-page content  av-content-full alpha units'><div class='post-entry post-entry-type-page post-entry-146'><div class='entry-content-wrapper clearfix'>\n<div  class='flex_column av-rwix6-fb8164850bae6d71ffbffebcbf261120 av_one_half  avia-builder-el-3  el_after_av_submenu  el_before_av_one_half  avia-builder-el-first  first flex_column_div'     ><p>\n<style type=\"text\/css\" data-created_by=\"avia_inline_auto\" id=\"style-css-av-l56tt7co-ccfb9919ea8af7dc8bae4d5cdf404a74\">\n#top .av-special-heading.av-l56tt7co-ccfb9919ea8af7dc8bae4d5cdf404a74{\npadding-bottom:10px;\n}\nbody .av-special-heading.av-l56tt7co-ccfb9919ea8af7dc8bae4d5cdf404a74 .av-special-heading-tag .heading-char{\nfont-size:25px;\n}\n.av-special-heading.av-l56tt7co-ccfb9919ea8af7dc8bae4d5cdf404a74 .av-subheading{\nfont-size:15px;\n}\n<\/style>\n<div  class='av-special-heading av-l56tt7co-ccfb9919ea8af7dc8bae4d5cdf404a74 av-special-heading-h2 blockquote modern-quote  avia-builder-el-4  el_before_av_hr  avia-builder-el-first'><h2 class='av-special-heading-tag'  itemprop=\"headline\"  >D'une grande nettet\u00e9. Chaque ligne.<\/h2><div class=\"special-heading-border\"><div class=\"special-heading-inner-border\"><\/div><\/div><\/div><br \/>\n\n<style type=\"text\/css\" data-created_by=\"avia_inline_auto\" id=\"style-css-av-l5h6uy9k-6d92a4e0b149187474024c118ddf35a3\">\n#top .hr.av-l5h6uy9k-6d92a4e0b149187474024c118ddf35a3{\nmargin-top:1px;\nmargin-bottom:20px;\n}\n.hr.av-l5h6uy9k-6d92a4e0b149187474024c118ddf35a3 .hr-inner{\nwidth:60px;\nborder-color:#67ad23;\n}\n<\/style>\n<div  class='hr av-l5h6uy9k-6d92a4e0b149187474024c118ddf35a3 hr-custom  avia-builder-el-5  el_after_av_heading  el_before_av_textblock  hr-left hr-icon-no'><span class='hr-inner inner-border-av-border-fat'><span class=\"hr-inner-style\"><\/span><\/span><\/div><br \/>\n<section  class='av_textblock_section av-l4i6wpq5-998ab3b87725a40e2c1ae7a4039ce01c'   itemscope=\"itemscope\" itemtype=\"https:\/\/schema.org\/CreativeWork\" ><div class='avia_textblock'  itemprop=\"text\" ><p>Lors de la gravure au laser, vos pi\u00e8ces peuvent \u00eatre pourvues de n'importe quelle police de caract\u00e8res, fl\u00e8ches, \u00e9chelles, logos de clients ou autres marquages. Des gravures de haute qualit\u00e9 et rapides sont possibles \u00e0 la profondeur souhait\u00e9e.<\/p>\n<ul>\n<li>quelques dixi\u00e8mes de profondeur ou seulement en surface<\/li>\n<li>sur des pi\u00e8ces rondes et cubiques<\/li>\n<li>tous les m\u00e9taux, de l'aluminium \u00e0 l'acier ou au laiton<\/li>\n<\/ul>\n<p>BSF B\u00fcnter AG s'en charge volontiers pour vous, \"en interne\" et \u00e0 l'\u00e8re du num\u00e9rique !<\/p>\n<\/div><\/section><\/p><\/div>\n<div  class='flex_column av-lwouy-8a3182e99ec65f22a2b0a3420bdaf488 av_one_half  avia-builder-el-7  el_after_av_one_half  avia-builder-el-last  flex_column_div'     ><div  class='avia-slideshow av-l4i6x7fp-9fa91b462d358ccdef0194ad90b500f8 avia-slideshow-large av_slideshow avia-slide-slider  avia-builder-el-8  avia-builder-el-no-sibling  av-slideshow-ui av-control-default av-slideshow-autoplay av-loop-endless av-loop-manual-endless av-default-height-applied avia-slideshow-1' data-slideshow-options=\"{&quot;animation&quot;:&quot;slide&quot;,&quot;autoplay&quot;:true,&quot;loop_autoplay&quot;:&quot;endless&quot;,&quot;interval&quot;:6,&quot;loop_manual&quot;:&quot;manual-endless&quot;,&quot;autoplay_stopper&quot;:false,&quot;noNavigation&quot;:false,&quot;bg_slider&quot;:false,&quot;keep_padding&quot;:false,&quot;hoverpause&quot;:false,&quot;show_slide_delay&quot;:0}\"  itemprop=\"image\" itemscope=\"itemscope\" itemtype=\"https:\/\/schema.org\/ImageObject\" ><ul class='avia-slideshow-inner' style='padding-bottom: 66.31067961165%;'><li  class='avia-slideshow-slide av-l4i6x7fp-9fa91b462d358ccdef0194ad90b500f8__0  slide-1 slide-odd'><div data-rel='slideshow-1' class='avia-slide-wrap'   ><img decoding=\"async\" fetchpriority=\"high\" class=\"wp-image-1490 avia-img-lazy-loading-not-1490\"  src=\"https:\/\/bsf-ag.ch\/wp-content\/uploads\/2022\/09\/BSF-laserbeschriften-1-1030x683.jpg\" width=\"1030\" height=\"683\" title='MARQUAGE AU LASER' alt=''  itemprop=\"thumbnailUrl\" srcset=\"https:\/\/bsf-ag.ch\/wp-content\/uploads\/2022\/09\/BSF-laserbeschriften-1-1030x683.jpg 1030w, https:\/\/bsf-ag.ch\/wp-content\/uploads\/2022\/09\/BSF-laserbeschriften-1-300x199.jpg 300w, https:\/\/bsf-ag.ch\/wp-content\/uploads\/2022\/09\/BSF-laserbeschriften-1-768x509.jpg 768w, https:\/\/bsf-ag.ch\/wp-content\/uploads\/2022\/09\/BSF-laserbeschriften-1-1536x1018.jpg 1536w, https:\/\/bsf-ag.ch\/wp-content\/uploads\/2022\/09\/BSF-laserbeschriften-1-2048x1358.jpg 2048w, https:\/\/bsf-ag.ch\/wp-content\/uploads\/2022\/09\/BSF-laserbeschriften-1-1500x994.jpg 1500w, https:\/\/bsf-ag.ch\/wp-content\/uploads\/2022\/09\/BSF-laserbeschriften-1-705x467.jpg 705w\" sizes=\"(max-width: 1030px) 100vw, 1030px\" \/><\/div><\/li><li  class='avia-slideshow-slide av-l4i6x7fp-9fa91b462d358ccdef0194ad90b500f8__1  slide-2 slide-even'><div data-rel='slideshow-1' class='avia-slide-wrap'   ><img decoding=\"async\" fetchpriority=\"high\" class=\"wp-image-254 avia-img-lazy-loading-not-254\"  src=\"https:\/\/bsf-ag.ch\/wp-content\/uploads\/2022\/06\/lasergravieren-2_1-490x-0b2.jpeg\" width=\"400\" height=\"300\" title='lasergravieren-2_1-490x-0b2' alt=''  itemprop=\"thumbnailUrl\" srcset=\"https:\/\/bsf-ag.ch\/wp-content\/uploads\/2022\/06\/lasergravieren-2_1-490x-0b2.jpeg 400w, https:\/\/bsf-ag.ch\/wp-content\/uploads\/2022\/06\/lasergravieren-2_1-490x-0b2-300x225.jpeg 300w\" sizes=\"(max-width: 400px) 100vw, 400px\" \/><\/div><\/li><\/ul><div class='avia-slideshow-arrows avia-slideshow-controls' ><a href='#prev' class='prev-slide' aria-hidden='true' data-av_icon='\ue87c' data-av_iconfont='entypo-fontello'  tabindex='-1'>Pr\u00e9c\u00e9dent<\/a><a href='#next' class='next-slide' aria-hidden='true' data-av_icon='\ue87d' data-av_iconfont='entypo-fontello'  tabindex='-1'>Suivant<\/a><\/div><div class='avia-slideshow-dots avia-slideshow-controls'><a href='#1' class='goto-slide active' >1<\/a><a href='#2' class='goto-slide' >2<\/a><\/div><\/div><\/div>","protected":false},"excerpt":{"rendered":"","protected":false},"author":1,"featured_media":0,"parent":36,"menu_order":4800,"comment_status":"closed","ping_status":"closed","template":"","meta":{"inline_featured_image":false,"footnotes":""},"class_list":["post-146","page","type-page","status-publish","hentry"],"aioseo_notices":[],"_links":{"self":[{"href":"https:\/\/bsf-ag.ch\/fr\/wp-json\/wp\/v2\/pages\/146","targetHints":{"allow":["GET"]}}],"collection":[{"href":"https:\/\/bsf-ag.ch\/fr\/wp-json\/wp\/v2\/pages"}],"about":[{"href":"https:\/\/bsf-ag.ch\/fr\/wp-json\/wp\/v2\/types\/page"}],"author":[{"embeddable":true,"href":"https:\/\/bsf-ag.ch\/fr\/wp-json\/wp\/v2\/users\/1"}],"replies":[{"embeddable":true,"href":"https:\/\/bsf-ag.ch\/fr\/wp-json\/wp\/v2\/comments?post=146"}],"version-history":[{"count":13,"href":"https:\/\/bsf-ag.ch\/fr\/wp-json\/wp\/v2\/pages\/146\/revisions"}],"predecessor-version":[{"id":1844,"href":"https:\/\/bsf-ag.ch\/fr\/wp-json\/wp\/v2\/pages\/146\/revisions\/1844"}],"up":[{"embeddable":true,"href":"https:\/\/bsf-ag.ch\/fr\/wp-json\/wp\/v2\/pages\/36"}],"wp:attachment":[{"href":"https:\/\/bsf-ag.ch\/fr\/wp-json\/wp\/v2\/media?parent=146"}],"curies":[{"name":"wp","href":"https:\/\/api.w.org\/{rel}","templated":true}]}}