{"id":144,"date":"2022-06-16T12:07:28","date_gmt":"2022-06-16T12:07:28","guid":{"rendered":"https:\/\/bsf-ag.ch\/?page_id=144"},"modified":"2023-06-27T22:59:40","modified_gmt":"2023-06-27T20:59:40","slug":"messen","status":"publish","type":"page","link":"https:\/\/bsf-ag.ch\/fr\/kompetenzen\/messen\/","title":{"rendered":"Foires et salons"},"content":{"rendered":"<style type=\"text\/css\" data-created_by=\"avia_inline_auto\" id=\"style-css-av-awiig-83ef8edcb910e4af0d8a9728157dff19\">\n.avia-section.av-awiig-83ef8edcb910e4af0d8a9728157dff19 .av-parallax .av-parallax-inner{\nbackground-repeat:no-repeat;\nbackground-image:url(https:\/\/bsf-ag.ch\/wp-content\/uploads\/2022\/07\/02BSF-drehen.png);\nbackground-position:100% 50%;\nbackground-attachment:scroll;\n}\n.avia-section.av-awiig-83ef8edcb910e4af0d8a9728157dff19 .av-section-color-overlay{\nopacity:0.4;\nbackground-color:#000000;\n}\n<\/style>\n<div id='av_section_1'  class='avia-section av-awiig-83ef8edcb910e4af0d8a9728157dff19 main_color avia-section-default avia-no-border-styling  avia-builder-el-0  el_before_av_submenu  avia-builder-el-first  av-parallax-section avia-bg-style-parallax av-section-color-overlay-active container_wrap fullsize'  data-section-bg-repeat='no-repeat'><div class='av-parallax' data-avia-parallax-ratio='0.3' ><div class='av-parallax-inner main_color avia-full-stretch'><\/div><\/div><div class=\"av-section-color-overlay-wrap\"><div class=\"av-section-color-overlay\"><\/div><div class='container av-section-cont-open' ><main  role=\"main\" itemprop=\"mainContentOfPage\"  class='template-page content  av-content-full alpha units'><div class='post-entry post-entry-type-page post-entry-144'><div class='entry-content-wrapper clearfix'>\n\n<style type=\"text\/css\" data-created_by=\"avia_inline_auto\" id=\"style-css-av-l5h6ofkz-4244ce7cdc69f58f1df9210f3b30d181\">\n#top .av-special-heading.av-l5h6ofkz-4244ce7cdc69f58f1df9210f3b30d181{\npadding-bottom:10px;\ncolor:#ffffff;\n}\nbody .av-special-heading.av-l5h6ofkz-4244ce7cdc69f58f1df9210f3b30d181 .av-special-heading-tag .heading-char{\nfont-size:25px;\n}\n.av-special-heading.av-l5h6ofkz-4244ce7cdc69f58f1df9210f3b30d181 .special-heading-inner-border{\nborder-color:#ffffff;\n}\n.av-special-heading.av-l5h6ofkz-4244ce7cdc69f58f1df9210f3b30d181 .av-subheading{\nfont-size:15px;\n}\n<\/style>\n<div  class='av-special-heading av-l5h6ofkz-4244ce7cdc69f58f1df9210f3b30d181 av-special-heading-h1 custom-color-heading blockquote modern-quote modern-centered  avia-builder-el-1  avia-builder-el-no-sibling'><h1 class='av-special-heading-tag'  itemprop=\"headline\"  >Foires et salons<\/h1><div class=\"special-heading-border\"><div class=\"special-heading-inner-border\"><\/div><\/div><\/div>\n\n<\/div><\/div><\/main><!-- close content main element --><\/div><\/div><\/div><div class='clear'><\/div><div id='sub_menu1'  class='av-submenu-container av-av_submenu-ef05e9dedff25f735e7e44eaa52b7e56 main_color av-switch-990  avia-builder-el-2  el_after_av_section  el_before_av_one_half  av-sticky-submenu submenu-not-first container_wrap fullsize' style='z-index:301' ><div class='container av-menu-mobile-active av-submenu-pos-center av-submenu-hidden'><a href=\"#\" class=\"mobile_menu_toggle\" aria-hidden='true' data-av_icon='\ue8a5' data-av_iconfont='entypo-fontello'><span class=\"av-current-placeholder\">Menu<\/span><\/a><ul id=\"menu-kompetenzen\" class=\"av-subnav-menu\" role=\"menu\"><li role=\"menuitem\" id=\"menu-item-1582\" class=\"menu-item menu-item-type-post_type menu-item-object-page menu-item-top-level menu-item-top-level-1\"><a href=\"https:\/\/bsf-ag.ch\/fr\/kompetenzen\/konstruktion\/\" itemprop=\"url\" tabindex=\"0\"><span class=\"avia-bullet\"><\/span><span class=\"avia-menu-text\">Construction<\/span><span class=\"avia-menu-fx\"><span class=\"avia-arrow-wrap\"><span class=\"avia-arrow\"><\/span><\/span><\/span><\/a><\/li>\n<li role=\"menuitem\" id=\"menu-item-1583\" class=\"menu-item menu-item-type-post_type menu-item-object-page menu-item-top-level menu-item-top-level-2\"><a href=\"https:\/\/bsf-ag.ch\/fr\/kompetenzen\/lasercusing\/\" itemprop=\"url\" tabindex=\"0\"><span class=\"avia-bullet\"><\/span><span class=\"avia-menu-text\">LaserCUSING<\/span><span class=\"avia-menu-fx\"><span class=\"avia-arrow-wrap\"><span class=\"avia-arrow\"><\/span><\/span><\/span><\/a><\/li>\n<li role=\"menuitem\" id=\"menu-item-1584\" class=\"menu-item menu-item-type-post_type menu-item-object-page menu-item-top-level menu-item-top-level-3\"><a href=\"https:\/\/bsf-ag.ch\/fr\/kompetenzen\/cnc-fraesen\/\" itemprop=\"url\" tabindex=\"0\"><span class=\"avia-bullet\"><\/span><span class=\"avia-menu-text\">Fraisage CNC<\/span><span class=\"avia-menu-fx\"><span class=\"avia-arrow-wrap\"><span class=\"avia-arrow\"><\/span><\/span><\/span><\/a><\/li>\n<li role=\"menuitem\" id=\"menu-item-1585\" class=\"menu-item menu-item-type-post_type menu-item-object-page menu-item-top-level menu-item-top-level-4\"><a href=\"https:\/\/bsf-ag.ch\/fr\/kompetenzen\/cnc-drehen\/\" itemprop=\"url\" tabindex=\"0\"><span class=\"avia-bullet\"><\/span><span class=\"avia-menu-text\">Tournage CNC<\/span><span class=\"avia-menu-fx\"><span class=\"avia-arrow-wrap\"><span class=\"avia-arrow\"><\/span><\/span><\/span><\/a><\/li>\n<li role=\"menuitem\" id=\"menu-item-1586\" class=\"menu-item menu-item-type-post_type menu-item-object-page menu-item-top-level menu-item-top-level-5\"><a href=\"https:\/\/bsf-ag.ch\/fr\/kompetenzen\/schleifen\/\" itemprop=\"url\" tabindex=\"0\"><span class=\"avia-bullet\"><\/span><span class=\"avia-menu-text\">Pon\u00e7age<\/span><span class=\"avia-menu-fx\"><span class=\"avia-arrow-wrap\"><span class=\"avia-arrow\"><\/span><\/span><\/span><\/a><\/li>\n<li role=\"menuitem\" id=\"menu-item-1587\" class=\"menu-item menu-item-type-post_type menu-item-object-page menu-item-top-level menu-item-top-level-6\"><a href=\"https:\/\/bsf-ag.ch\/fr\/kompetenzen\/drahterodieren\/\" itemprop=\"url\" tabindex=\"0\"><span class=\"avia-bullet\"><\/span><span class=\"avia-menu-text\">Electro-\u00e9rosion \u00e0 fil<\/span><span class=\"avia-menu-fx\"><span class=\"avia-arrow-wrap\"><span class=\"avia-arrow\"><\/span><\/span><\/span><\/a><\/li>\n<li role=\"menuitem\" id=\"menu-item-1588\" class=\"menu-item menu-item-type-post_type menu-item-object-page menu-item-top-level menu-item-top-level-7\"><a href=\"https:\/\/bsf-ag.ch\/fr\/kompetenzen\/messen\/\" itemprop=\"url\" tabindex=\"0\"><span class=\"avia-bullet\"><\/span><span class=\"avia-menu-text\">Foires et salons<\/span><span class=\"avia-menu-fx\"><span class=\"avia-arrow-wrap\"><span class=\"avia-arrow\"><\/span><\/span><\/span><\/a><\/li>\n<li role=\"menuitem\" id=\"menu-item-1589\" class=\"menu-item menu-item-type-post_type menu-item-object-page menu-item-top-level menu-item-top-level-8\"><a href=\"https:\/\/bsf-ag.ch\/fr\/kompetenzen\/laserbeschriften\/\" itemprop=\"url\" tabindex=\"0\"><span class=\"avia-bullet\"><\/span><span class=\"avia-menu-text\">Marquage au laser<\/span><span class=\"avia-menu-fx\"><span class=\"avia-arrow-wrap\"><span class=\"avia-arrow\"><\/span><\/span><\/span><\/a><\/li>\n<li role=\"menuitem\" id=\"menu-item-1590\" class=\"menu-item menu-item-type-post_type menu-item-object-page menu-item-top-level menu-item-top-level-9\"><a href=\"https:\/\/bsf-ag.ch\/fr\/kompetenzen\/gleitschleifen\/\" itemprop=\"url\" tabindex=\"0\"><span class=\"avia-bullet\"><\/span><span class=\"avia-menu-text\">Tribofinition<\/span><span class=\"avia-menu-fx\"><span class=\"avia-arrow-wrap\"><span class=\"avia-arrow\"><\/span><\/span><\/span><\/a><\/li>\n<\/ul><\/div><\/div><div class='sticky_placeholder'><\/div><div id='after_submenu_1'  class='main_color av_default_container_wrap container_wrap fullsize'  ><div class='container av-section-cont-open' ><div class='template-page content  av-content-full alpha units'><div class='post-entry post-entry-type-page post-entry-144'><div class='entry-content-wrapper clearfix'>\n<div  class='flex_column av-q4f1s-b95c1ca4235e205d0431fb8f6616ec5d av_one_half  avia-builder-el-3  el_after_av_submenu  el_before_av_one_half  avia-builder-el-first  first flex_column_div'     ><p>\n<style type=\"text\/css\" data-created_by=\"avia_inline_auto\" id=\"style-css-av-l56trxic-4c3e8e622500f1f72f8b369996514ac2\">\n#top .av-special-heading.av-l56trxic-4c3e8e622500f1f72f8b369996514ac2{\npadding-bottom:10px;\n}\nbody .av-special-heading.av-l56trxic-4c3e8e622500f1f72f8b369996514ac2 .av-special-heading-tag .heading-char{\nfont-size:25px;\n}\n.av-special-heading.av-l56trxic-4c3e8e622500f1f72f8b369996514ac2 .av-subheading{\nfont-size:15px;\n}\n<\/style>\n<div  class='av-special-heading av-l56trxic-4c3e8e622500f1f72f8b369996514ac2 av-special-heading-h2 blockquote modern-quote  avia-builder-el-4  el_before_av_hr  avia-builder-el-first'><h2 class='av-special-heading-tag'  itemprop=\"headline\"  >La plus grande pr\u00e9cision. Pour chaque mesure.<\/h2><div class=\"special-heading-border\"><div class=\"special-heading-inner-border\"><\/div><\/div><\/div><br \/>\n\n<style type=\"text\/css\" data-created_by=\"avia_inline_auto\" id=\"style-css-av-l5h6nm49-3989e9dafc0de312d689cbb4b25ef086\">\n#top .hr.av-l5h6nm49-3989e9dafc0de312d689cbb4b25ef086{\nmargin-top:1px;\nmargin-bottom:20px;\n}\n.hr.av-l5h6nm49-3989e9dafc0de312d689cbb4b25ef086 .hr-inner{\nwidth:60px;\nborder-color:#67ad23;\n}\n<\/style>\n<div  class='hr av-l5h6nm49-3989e9dafc0de312d689cbb4b25ef086 hr-custom  avia-builder-el-5  el_after_av_heading  el_before_av_textblock  hr-left hr-icon-no'><span class='hr-inner inner-border-av-border-fat'><span class=\"hr-inner-style\"><\/span><\/span><\/div><br \/>\n<section  class='av_textblock_section av-l4i6syfs-f1a8cf8a4d30fe316293a151b423ae3d'   itemscope=\"itemscope\" itemtype=\"https:\/\/schema.org\/CreativeWork\" ><div class='avia_textblock'  itemprop=\"text\" ><p>Avec la machine \u00e0 mesurer tridimensionnelle de derni\u00e8re g\u00e9n\u00e9ration, BSF B\u00fcnter AG boucle le cycle de fabrication. Car pour garantir des pi\u00e8ces vraiment pr\u00e9cises, il faut pouvoir les mesurer.<\/p>\n<div id=\"text\">\n<p>L\u00e4ngenmasse, Durchmesser, Winkel und auch Form- &amp; Lagetoleranzen sind bis auf wenige Mikrometer ausmessbar. Um auch komplexeste Geometrien zu erreichen, ist die Maschine mit einem schwenkbaren Kopf und vielseitigen Tastervarianten ausgestattet. Im klimatisierten Messraum bieten wir 100% Kontrollen auch f\u00fcr Einzelteile und Prototypen an.<\/p>\n<\/div>\n<\/div><\/section><\/p><\/div>\n<div  class='flex_column av-hp4u8-7826509e2758c00b84635efcaff168bb av_one_half  avia-builder-el-7  el_after_av_one_half  avia-builder-el-last  flex_column_div'     ><div  class='avia-slideshow av-l4i6u81z-5055faed400372d889d1204d58a5e9cc avia-slideshow-large av_slideshow avia-slide-slider  avia-builder-el-8  avia-builder-el-no-sibling  av-slideshow-ui av-control-default av-slideshow-autoplay av-loop-endless av-loop-manual-endless av-default-height-applied avia-slideshow-1' data-slideshow-options=\"{&quot;animation&quot;:&quot;slide&quot;,&quot;autoplay&quot;:true,&quot;loop_autoplay&quot;:&quot;endless&quot;,&quot;interval&quot;:6,&quot;loop_manual&quot;:&quot;manual-endless&quot;,&quot;autoplay_stopper&quot;:false,&quot;noNavigation&quot;:false,&quot;bg_slider&quot;:false,&quot;keep_padding&quot;:false,&quot;hoverpause&quot;:false,&quot;show_slide_delay&quot;:0}\"  itemprop=\"image\" itemscope=\"itemscope\" itemtype=\"https:\/\/schema.org\/ImageObject\" ><ul class='avia-slideshow-inner' style='padding-bottom: 73.106796116505%;'><li  class='avia-slideshow-slide av-l4i6u81z-5055faed400372d889d1204d58a5e9cc__0  slide-1 slide-odd'><div data-rel='slideshow-1' class='avia-slide-wrap'   ><img decoding=\"async\" fetchpriority=\"high\" class=\"wp-image-1491 avia-img-lazy-loading-not-1491\"  src=\"https:\/\/bsf-ag.ch\/wp-content\/uploads\/2022\/09\/BSF-messtisch-1030x753.jpg\" width=\"1030\" height=\"753\" title='MESURES' alt=''  itemprop=\"thumbnailUrl\" srcset=\"https:\/\/bsf-ag.ch\/wp-content\/uploads\/2022\/09\/BSF-messtisch-1030x753.jpg 1030w, https:\/\/bsf-ag.ch\/wp-content\/uploads\/2022\/09\/BSF-messtisch-300x219.jpg 300w, https:\/\/bsf-ag.ch\/wp-content\/uploads\/2022\/09\/BSF-messtisch-768x561.jpg 768w, https:\/\/bsf-ag.ch\/wp-content\/uploads\/2022\/09\/BSF-messtisch-1536x1122.jpg 1536w, https:\/\/bsf-ag.ch\/wp-content\/uploads\/2022\/09\/BSF-messtisch-2048x1496.jpg 2048w, https:\/\/bsf-ag.ch\/wp-content\/uploads\/2022\/09\/BSF-messtisch-1500x1096.jpg 1500w, https:\/\/bsf-ag.ch\/wp-content\/uploads\/2022\/09\/BSF-messtisch-705x515.jpg 705w\" sizes=\"(max-width: 1030px) 100vw, 1030px\" \/><div class=\"av-click-to-play-overlay\"><div class=\"avia_playpause_icon\"><\/div><\/div><\/div><\/li><li  class='avia-slideshow-slide av-l4i6u81z-5055faed400372d889d1204d58a5e9cc__1  slide-2 slide-even'><div data-rel='slideshow-1' class='avia-slide-wrap'   ><img decoding=\"async\" fetchpriority=\"high\" class=\"wp-image-645 avia-img-lazy-loading-not-645\"  src=\"https:\/\/bsf-ag.ch\/wp-content\/uploads\/2022\/06\/195A1016-1030x687.jpg\" width=\"1030\" height=\"687\" title='195A1016' alt=''  itemprop=\"thumbnailUrl\" srcset=\"https:\/\/bsf-ag.ch\/wp-content\/uploads\/2022\/06\/195A1016-1030x687.jpg 1030w, https:\/\/bsf-ag.ch\/wp-content\/uploads\/2022\/06\/195A1016-300x200.jpg 300w, https:\/\/bsf-ag.ch\/wp-content\/uploads\/2022\/06\/195A1016-768x512.jpg 768w, https:\/\/bsf-ag.ch\/wp-content\/uploads\/2022\/06\/195A1016-1536x1025.jpg 1536w, https:\/\/bsf-ag.ch\/wp-content\/uploads\/2022\/06\/195A1016-2048x1366.jpg 2048w, https:\/\/bsf-ag.ch\/wp-content\/uploads\/2022\/06\/195A1016-1500x1000.jpg 1500w, https:\/\/bsf-ag.ch\/wp-content\/uploads\/2022\/06\/195A1016-705x470.jpg 705w\" sizes=\"(max-width: 1030px) 100vw, 1030px\" \/><div class=\"av-click-to-play-overlay\"><div class=\"avia_playpause_icon\"><\/div><\/div><\/div><\/li><li  class='avia-slideshow-slide av-l4i6u81z-5055faed400372d889d1204d58a5e9cc__2  slide-3 slide-odd'><div data-rel='slideshow-1' class='avia-slide-wrap'   ><img decoding=\"async\" fetchpriority=\"high\" class=\"wp-image-249 avia-img-lazy-loading-not-249\"  src=\"https:\/\/bsf-ag.ch\/wp-content\/uploads\/2022\/06\/kmg-messtaster-490x-363.jpeg\" width=\"490\" height=\"605\" title='' alt=''  itemprop=\"thumbnailUrl\" srcset=\"https:\/\/bsf-ag.ch\/wp-content\/uploads\/2022\/06\/kmg-messtaster-490x-363.jpeg 490w, https:\/\/bsf-ag.ch\/wp-content\/uploads\/2022\/06\/kmg-messtaster-490x-363-243x300.jpeg 243w\" sizes=\"(max-width: 490px) 100vw, 490px\" \/><div class=\"av-click-to-play-overlay\"><div class=\"avia_playpause_icon\"><\/div><\/div><\/div><\/li><li  data-controls='' data-mute='aviaTBaviaTBvideo_mute' data-loop='' data-disable-autoplay=''  data-video-ratio='1.7777777777778' class='avia-slideshow-slide av-l4i6u81z-5055faed400372d889d1204d58a5e9cc__4  av-video-slide  av-video-service-youtube  av-mute-video av-mobile-fallback-image  slide-4 slide-even'><div data-rel='slideshow-1' class='avia-slide-wrap'   ><div class='av-click-overlay'><\/div><div class='mejs-mediaelement'  itemprop=\"video\" itemtype=\"https:\/\/schema.org\/VideoObject\" ><div height='1600' width='900' class='av_youtube_frame' id='player_144_1954314108_1383064790'  data-autoplay='0'  data-videoid='eTX01mcvXME'  data-hd='1'  data-rel='0'  data-wmode='opaque'  data-loop='0'  data-version='3'  data-autohide='1'  data-color='white'  data-controls='1'  data-iv_load_policy='3'  data-original_url='https:\/\/youtu.be\/eTX01mcvXME' ><\/div><\/div><div class=\"av-click-to-play-overlay\"><div class=\"avia_playpause_icon\"><\/div><\/div><\/div><\/li><\/ul><div class='avia-slideshow-arrows avia-slideshow-controls' ><a href='#prev' class='prev-slide' aria-hidden='true' data-av_icon='\ue87c' data-av_iconfont='entypo-fontello'  tabindex='-1'>Pr\u00e9c\u00e9dent<\/a><a href='#next' class='next-slide' aria-hidden='true' data-av_icon='\ue87d' data-av_iconfont='entypo-fontello'  tabindex='-1'>Suivant<\/a><\/div><div class='avia-slideshow-dots avia-slideshow-controls'><a href='#1' class='goto-slide active' >1<\/a><a href='#2' class='goto-slide' >2<\/a><a href='#3' class='goto-slide' >3<\/a><\/div><\/div><\/div>","protected":false},"excerpt":{"rendered":"","protected":false},"author":1,"featured_media":0,"parent":36,"menu_order":4700,"comment_status":"closed","ping_status":"closed","template":"","meta":{"inline_featured_image":false,"footnotes":""},"class_list":["post-144","page","type-page","status-publish","hentry"],"aioseo_notices":[],"_links":{"self":[{"href":"https:\/\/bsf-ag.ch\/fr\/wp-json\/wp\/v2\/pages\/144","targetHints":{"allow":["GET"]}}],"collection":[{"href":"https:\/\/bsf-ag.ch\/fr\/wp-json\/wp\/v2\/pages"}],"about":[{"href":"https:\/\/bsf-ag.ch\/fr\/wp-json\/wp\/v2\/types\/page"}],"author":[{"embeddable":true,"href":"https:\/\/bsf-ag.ch\/fr\/wp-json\/wp\/v2\/users\/1"}],"replies":[{"embeddable":true,"href":"https:\/\/bsf-ag.ch\/fr\/wp-json\/wp\/v2\/comments?post=144"}],"version-history":[{"count":32,"href":"https:\/\/bsf-ag.ch\/fr\/wp-json\/wp\/v2\/pages\/144\/revisions"}],"predecessor-version":[{"id":1600,"href":"https:\/\/bsf-ag.ch\/fr\/wp-json\/wp\/v2\/pages\/144\/revisions\/1600"}],"up":[{"embeddable":true,"href":"https:\/\/bsf-ag.ch\/fr\/wp-json\/wp\/v2\/pages\/36"}],"wp:attachment":[{"href":"https:\/\/bsf-ag.ch\/fr\/wp-json\/wp\/v2\/media?parent=144"}],"curies":[{"name":"wp","href":"https:\/\/api.w.org\/{rel}","templated":true}]}}