{"id":142,"date":"2022-06-16T12:07:10","date_gmt":"2022-06-16T12:07:10","guid":{"rendered":"https:\/\/bsf-ag.ch\/?page_id=142"},"modified":"2023-06-27T22:55:53","modified_gmt":"2023-06-27T20:55:53","slug":"drahterodieren","status":"publish","type":"page","link":"https:\/\/bsf-ag.ch\/fr\/kompetenzen\/drahterodieren\/","title":{"rendered":"Electro-\u00e9rosion \u00e0 fil"},"content":{"rendered":"<style type=\"text\/css\" data-created_by=\"avia_inline_auto\" id=\"style-css-av-bjdta-6544b6fd37c6ed8680b528f16621636d\">\n.avia-section.av-bjdta-6544b6fd37c6ed8680b528f16621636d .av-parallax .av-parallax-inner{\nbackground-repeat:no-repeat;\nbackground-image:url(https:\/\/bsf-ag.ch\/wp-content\/uploads\/2022\/07\/02BSF-drehen.png);\nbackground-position:100% 50%;\nbackground-attachment:scroll;\n}\n.avia-section.av-bjdta-6544b6fd37c6ed8680b528f16621636d .av-section-color-overlay{\nopacity:0.4;\nbackground-color:#000000;\n}\n<\/style>\n<div id='av_section_1'  class='avia-section av-bjdta-6544b6fd37c6ed8680b528f16621636d main_color avia-section-default avia-no-border-styling  avia-builder-el-0  el_before_av_submenu  avia-builder-el-first  av-parallax-section avia-bg-style-parallax av-section-color-overlay-active container_wrap fullsize'  data-section-bg-repeat='no-repeat'><div class='av-parallax' data-avia-parallax-ratio='0.3' ><div class='av-parallax-inner main_color avia-full-stretch'><\/div><\/div><div class=\"av-section-color-overlay-wrap\"><div class=\"av-section-color-overlay\"><\/div><div class='container av-section-cont-open' ><main  role=\"main\" itemprop=\"mainContentOfPage\"  class='template-page content  av-content-full alpha units'><div class='post-entry post-entry-type-page post-entry-142'><div class='entry-content-wrapper clearfix'>\n\n<style type=\"text\/css\" data-created_by=\"avia_inline_auto\" id=\"style-css-av-l5h6llgm-dc5abf4cad81df2de80bd4d9df0aabc5\">\n#top .av-special-heading.av-l5h6llgm-dc5abf4cad81df2de80bd4d9df0aabc5{\npadding-bottom:10px;\ncolor:#ffffff;\n}\nbody .av-special-heading.av-l5h6llgm-dc5abf4cad81df2de80bd4d9df0aabc5 .av-special-heading-tag .heading-char{\nfont-size:25px;\n}\n.av-special-heading.av-l5h6llgm-dc5abf4cad81df2de80bd4d9df0aabc5 .special-heading-inner-border{\nborder-color:#ffffff;\n}\n.av-special-heading.av-l5h6llgm-dc5abf4cad81df2de80bd4d9df0aabc5 .av-subheading{\nfont-size:15px;\n}\n<\/style>\n<div  class='av-special-heading av-l5h6llgm-dc5abf4cad81df2de80bd4d9df0aabc5 av-special-heading-h1 custom-color-heading blockquote modern-quote modern-centered  avia-builder-el-1  avia-builder-el-no-sibling'><h1 class='av-special-heading-tag'  itemprop=\"headline\"  >Electro-\u00e9rosion \u00e0 fil<\/h1><div class=\"special-heading-border\"><div class=\"special-heading-inner-border\"><\/div><\/div><\/div>\n\n<\/div><\/div><\/main><!-- close content main element --><\/div><\/div><\/div><div class='clear'><\/div><div id='sub_menu1'  class='av-submenu-container av-av_submenu-ef05e9dedff25f735e7e44eaa52b7e56 main_color av-switch-990  avia-builder-el-2  el_after_av_section  el_before_av_one_half  av-sticky-submenu submenu-not-first container_wrap fullsize' style='z-index:301' ><div class='container av-menu-mobile-active av-submenu-pos-center av-submenu-hidden'><a href=\"#\" class=\"mobile_menu_toggle\" aria-hidden='true' data-av_icon='\ue8a5' data-av_iconfont='entypo-fontello'><span class=\"av-current-placeholder\">Menu<\/span><\/a><ul id=\"menu-kompetenzen\" class=\"av-subnav-menu\" role=\"menu\"><li role=\"menuitem\" id=\"menu-item-1582\" class=\"menu-item menu-item-type-post_type menu-item-object-page menu-item-top-level menu-item-top-level-1\"><a href=\"https:\/\/bsf-ag.ch\/fr\/kompetenzen\/konstruktion\/\" itemprop=\"url\" tabindex=\"0\"><span class=\"avia-bullet\"><\/span><span class=\"avia-menu-text\">Construction<\/span><span class=\"avia-menu-fx\"><span class=\"avia-arrow-wrap\"><span class=\"avia-arrow\"><\/span><\/span><\/span><\/a><\/li>\n<li role=\"menuitem\" id=\"menu-item-1583\" class=\"menu-item menu-item-type-post_type menu-item-object-page menu-item-top-level menu-item-top-level-2\"><a href=\"https:\/\/bsf-ag.ch\/fr\/kompetenzen\/lasercusing\/\" itemprop=\"url\" tabindex=\"0\"><span class=\"avia-bullet\"><\/span><span class=\"avia-menu-text\">LaserCUSING<\/span><span class=\"avia-menu-fx\"><span class=\"avia-arrow-wrap\"><span class=\"avia-arrow\"><\/span><\/span><\/span><\/a><\/li>\n<li role=\"menuitem\" id=\"menu-item-1584\" class=\"menu-item menu-item-type-post_type menu-item-object-page menu-item-top-level menu-item-top-level-3\"><a href=\"https:\/\/bsf-ag.ch\/fr\/kompetenzen\/cnc-fraesen\/\" itemprop=\"url\" tabindex=\"0\"><span class=\"avia-bullet\"><\/span><span class=\"avia-menu-text\">Fraisage CNC<\/span><span class=\"avia-menu-fx\"><span class=\"avia-arrow-wrap\"><span class=\"avia-arrow\"><\/span><\/span><\/span><\/a><\/li>\n<li role=\"menuitem\" id=\"menu-item-1585\" class=\"menu-item menu-item-type-post_type menu-item-object-page menu-item-top-level menu-item-top-level-4\"><a href=\"https:\/\/bsf-ag.ch\/fr\/kompetenzen\/cnc-drehen\/\" itemprop=\"url\" tabindex=\"0\"><span class=\"avia-bullet\"><\/span><span class=\"avia-menu-text\">Tournage CNC<\/span><span class=\"avia-menu-fx\"><span class=\"avia-arrow-wrap\"><span class=\"avia-arrow\"><\/span><\/span><\/span><\/a><\/li>\n<li role=\"menuitem\" id=\"menu-item-1586\" class=\"menu-item menu-item-type-post_type menu-item-object-page menu-item-top-level menu-item-top-level-5\"><a href=\"https:\/\/bsf-ag.ch\/fr\/kompetenzen\/schleifen\/\" itemprop=\"url\" tabindex=\"0\"><span class=\"avia-bullet\"><\/span><span class=\"avia-menu-text\">Pon\u00e7age<\/span><span class=\"avia-menu-fx\"><span class=\"avia-arrow-wrap\"><span class=\"avia-arrow\"><\/span><\/span><\/span><\/a><\/li>\n<li role=\"menuitem\" id=\"menu-item-1587\" class=\"menu-item menu-item-type-post_type menu-item-object-page menu-item-top-level menu-item-top-level-6\"><a href=\"https:\/\/bsf-ag.ch\/fr\/kompetenzen\/drahterodieren\/\" itemprop=\"url\" tabindex=\"0\"><span class=\"avia-bullet\"><\/span><span class=\"avia-menu-text\">Electro-\u00e9rosion \u00e0 fil<\/span><span class=\"avia-menu-fx\"><span class=\"avia-arrow-wrap\"><span class=\"avia-arrow\"><\/span><\/span><\/span><\/a><\/li>\n<li role=\"menuitem\" id=\"menu-item-1588\" class=\"menu-item menu-item-type-post_type menu-item-object-page menu-item-top-level menu-item-top-level-7\"><a href=\"https:\/\/bsf-ag.ch\/fr\/kompetenzen\/messen\/\" itemprop=\"url\" tabindex=\"0\"><span class=\"avia-bullet\"><\/span><span class=\"avia-menu-text\">Foires et salons<\/span><span class=\"avia-menu-fx\"><span class=\"avia-arrow-wrap\"><span class=\"avia-arrow\"><\/span><\/span><\/span><\/a><\/li>\n<li role=\"menuitem\" id=\"menu-item-1589\" class=\"menu-item menu-item-type-post_type menu-item-object-page menu-item-top-level menu-item-top-level-8\"><a href=\"https:\/\/bsf-ag.ch\/fr\/kompetenzen\/laserbeschriften\/\" itemprop=\"url\" tabindex=\"0\"><span class=\"avia-bullet\"><\/span><span class=\"avia-menu-text\">Marquage au laser<\/span><span class=\"avia-menu-fx\"><span class=\"avia-arrow-wrap\"><span class=\"avia-arrow\"><\/span><\/span><\/span><\/a><\/li>\n<li role=\"menuitem\" id=\"menu-item-1590\" class=\"menu-item menu-item-type-post_type menu-item-object-page menu-item-top-level menu-item-top-level-9\"><a href=\"https:\/\/bsf-ag.ch\/fr\/kompetenzen\/gleitschleifen\/\" itemprop=\"url\" tabindex=\"0\"><span class=\"avia-bullet\"><\/span><span class=\"avia-menu-text\">Tribofinition<\/span><span class=\"avia-menu-fx\"><span class=\"avia-arrow-wrap\"><span class=\"avia-arrow\"><\/span><\/span><\/span><\/a><\/li>\n<\/ul><\/div><\/div><div class='sticky_placeholder'><\/div><div id='after_submenu_1'  class='main_color av_default_container_wrap container_wrap fullsize'  ><div class='container av-section-cont-open' ><div class='template-page content  av-content-full alpha units'><div class='post-entry post-entry-type-page post-entry-142'><div class='entry-content-wrapper clearfix'>\n<div  class='flex_column av-ufjxa-2bf71c53b96c60ebb12ac87ac95a827c av_one_half  avia-builder-el-3  el_after_av_submenu  el_before_av_one_half  avia-builder-el-first  first flex_column_div'     ><p>\n<style type=\"text\/css\" data-created_by=\"avia_inline_auto\" id=\"style-css-av-l56tqa2y-84ace0bf7e9cc7b9f172d355469f5f8a\">\n#top .av-special-heading.av-l56tqa2y-84ace0bf7e9cc7b9f172d355469f5f8a{\npadding-bottom:10px;\n}\nbody .av-special-heading.av-l56tqa2y-84ace0bf7e9cc7b9f172d355469f5f8a .av-special-heading-tag .heading-char{\nfont-size:25px;\n}\n.av-special-heading.av-l56tqa2y-84ace0bf7e9cc7b9f172d355469f5f8a .av-subheading{\nfont-size:15px;\n}\n<\/style>\n<div  class='av-special-heading av-l56tqa2y-84ace0bf7e9cc7b9f172d355469f5f8a av-special-heading-h2 blockquote modern-quote  avia-builder-el-4  el_before_av_hr  avia-builder-el-first'><h2 class='av-special-heading-tag'  itemprop=\"headline\"  >Une pr\u00e9cision in\u00e9gal\u00e9e. Gr\u00e2ce \u00e0 une \u00e9quipe qualifi\u00e9e.<\/h2><div class=\"special-heading-border\"><div class=\"special-heading-inner-border\"><\/div><\/div><\/div><br \/>\n\n<style type=\"text\/css\" data-created_by=\"avia_inline_auto\" id=\"style-css-av-l5h6luo4-b936713e8becd9c0c378ae5e4dd35570\">\n#top .hr.av-l5h6luo4-b936713e8becd9c0c378ae5e4dd35570{\nmargin-top:1px;\nmargin-bottom:20px;\n}\n.hr.av-l5h6luo4-b936713e8becd9c0c378ae5e4dd35570 .hr-inner{\nwidth:60px;\nborder-color:#67ad23;\n}\n<\/style>\n<div  class='hr av-l5h6luo4-b936713e8becd9c0c378ae5e4dd35570 hr-custom  avia-builder-el-5  el_after_av_heading  el_before_av_textblock  hr-left hr-icon-no'><span class='hr-inner inner-border-av-border-fat'><span class=\"hr-inner-style\"><\/span><\/span><\/div><br \/>\n<section  class='av_textblock_section av-l4i6p6hq-01a21b30ac73cad764057ca76703e8e0'   itemscope=\"itemscope\" itemtype=\"https:\/\/schema.org\/CreativeWork\" ><div class='avia_textblock'  itemprop=\"text\" ><p>Sur ses propres installations d'\u00e9lectro\u00e9rosion \u00e0 fil, BSF B\u00fcnter AG produit dans les dimensions de d\u00e9placement de 250 mm x 400 mm. Dans ce domaine, elle fabrique avec une pr\u00e9cision et une qualit\u00e9 de surface maximales jusqu'\u00e0 250 mm de hauteur. En outre, les mat\u00e9riaux les plus divers peuvent \u00eatre usin\u00e9s avec une qualit\u00e9 maximale dans les angles et les rayons les plus vari\u00e9s. Le diam\u00e8tre minimal du fil est de 0,05 mm.<\/p>\n<div id=\"text\">\n<p>La toute derni\u00e8re machine int\u00e8gre en outre un axe rotatif. Il permet d'usiner des pi\u00e8ces de plusieurs c\u00f4t\u00e9s en un seul serrage, ce qui am\u00e9liore encore la pr\u00e9cision. Il est en outre possible de faire tourner la pi\u00e8ce et de la faire tourner ou de la rectifier en rond quasiment sur la machine d'\u00e9rosion.<\/p>\n<\/div>\n<div id=\"text\"><\/div>\n<\/div><\/section><\/p><\/div>\n<div  class='flex_column av-s8i8u-369bf427f6cc6edf93ef42103c526c6c av_one_half  avia-builder-el-7  el_after_av_one_half  avia-builder-el-last  flex_column_div'     ><div  class='avia-slideshow av-l4i6pteq-279ee58aba45da0d7645c7111efcb7cd avia-slideshow-large av_slideshow avia-slide-slider  avia-builder-el-8  avia-builder-el-no-sibling  av-slideshow-ui av-control-default av-slideshow-autoplay av-loop-endless av-loop-manual-endless av-default-height-applied avia-slideshow-1' data-slideshow-options=\"{&quot;animation&quot;:&quot;slide&quot;,&quot;autoplay&quot;:true,&quot;loop_autoplay&quot;:&quot;endless&quot;,&quot;interval&quot;:6,&quot;loop_manual&quot;:&quot;manual-endless&quot;,&quot;autoplay_stopper&quot;:false,&quot;noNavigation&quot;:false,&quot;bg_slider&quot;:false,&quot;keep_padding&quot;:false,&quot;hoverpause&quot;:false,&quot;show_slide_delay&quot;:0}\"  itemprop=\"image\" itemscope=\"itemscope\" itemtype=\"https:\/\/schema.org\/ImageObject\" ><ul class='avia-slideshow-inner' style='padding-bottom: 55.825242718447%;'><li  class='avia-slideshow-slide av-l4i6pteq-279ee58aba45da0d7645c7111efcb7cd__0  slide-1 slide-odd'><div data-rel='slideshow-1' class='avia-slide-wrap'   ><img decoding=\"async\" fetchpriority=\"high\" class=\"wp-image-632 avia-img-lazy-loading-not-632\"  src=\"https:\/\/bsf-ag.ch\/wp-content\/uploads\/2022\/06\/BSF-erodieren_b-1030x575.jpg\" width=\"1030\" height=\"575\" title='\u00c9LECTRO-\u00c9ROSION \u00c0 FIL' alt=''  itemprop=\"thumbnailUrl\" srcset=\"https:\/\/bsf-ag.ch\/wp-content\/uploads\/2022\/06\/BSF-erodieren_b-1030x575.jpg 1030w, https:\/\/bsf-ag.ch\/wp-content\/uploads\/2022\/06\/BSF-erodieren_b-300x167.jpg 300w, https:\/\/bsf-ag.ch\/wp-content\/uploads\/2022\/06\/BSF-erodieren_b-768x429.jpg 768w, https:\/\/bsf-ag.ch\/wp-content\/uploads\/2022\/06\/BSF-erodieren_b-1536x857.jpg 1536w, https:\/\/bsf-ag.ch\/wp-content\/uploads\/2022\/06\/BSF-erodieren_b-1500x837.jpg 1500w, https:\/\/bsf-ag.ch\/wp-content\/uploads\/2022\/06\/BSF-erodieren_b-705x393.jpg 705w, https:\/\/bsf-ag.ch\/wp-content\/uploads\/2022\/06\/BSF-erodieren_b.jpg 1754w\" sizes=\"(max-width: 1030px) 100vw, 1030px\" \/><div class=\"av-click-to-play-overlay\"><div class=\"avia_playpause_icon\"><\/div><\/div><\/div><\/li><li  class='avia-slideshow-slide av-l4i6pteq-279ee58aba45da0d7645c7111efcb7cd__1  slide-2 slide-even'><div data-rel='slideshow-1' class='avia-slide-wrap'   ><img decoding=\"async\" fetchpriority=\"high\" class=\"wp-image-244 avia-img-lazy-loading-not-244\"  src=\"https:\/\/bsf-ag.ch\/wp-content\/uploads\/2022\/06\/drahterosion-mit-rundachse-bsf-bu\u0308nter-ag-490x-09c.jpeg\" width=\"490\" height=\"367\" title='\u00e9rosion-fil-axe-rond-bsf-b\u00fcnter-ag-490x-09c' alt=''  itemprop=\"thumbnailUrl\" srcset=\"https:\/\/bsf-ag.ch\/wp-content\/uploads\/2022\/06\/drahterosion-mit-rundachse-bsf-bu\u0308nter-ag-490x-09c.jpeg 490w, https:\/\/bsf-ag.ch\/wp-content\/uploads\/2022\/06\/drahterosion-mit-rundachse-bsf-bu\u0308nter-ag-490x-09c-300x225.jpeg 300w\" sizes=\"(max-width: 490px) 100vw, 490px\" \/><div class=\"av-click-to-play-overlay\"><div class=\"avia_playpause_icon\"><\/div><\/div><\/div><\/li><li  class='avia-slideshow-slide av-l4i6pteq-279ee58aba45da0d7645c7111efcb7cd__2  slide-3 slide-odd'><div data-rel='slideshow-1' class='avia-slide-wrap'   ><img decoding=\"async\" fetchpriority=\"high\" class=\"wp-image-245 avia-img-lazy-loading-not-245\"  src=\"https:\/\/bsf-ag.ch\/wp-content\/uploads\/2022\/06\/drahterosion-bolzen-rundachse-490x-58b.png\" width=\"350\" height=\"263\" title='fil-\u00e9rosion-boulon-axe-rond-490x-58b' alt=''  itemprop=\"thumbnailUrl\" srcset=\"https:\/\/bsf-ag.ch\/wp-content\/uploads\/2022\/06\/drahterosion-bolzen-rundachse-490x-58b.png 350w, https:\/\/bsf-ag.ch\/wp-content\/uploads\/2022\/06\/drahterosion-bolzen-rundachse-490x-58b-300x225.png 300w\" sizes=\"(max-width: 350px) 100vw, 350px\" \/><div class=\"av-click-to-play-overlay\"><div class=\"avia_playpause_icon\"><\/div><\/div><\/div><\/li><li  data-controls='' data-mute='aviaTBaviaTBvideo_mute' data-loop='' data-disable-autoplay=''  data-video-ratio='1.7777777777778' class='avia-slideshow-slide av-l4i6pteq-279ee58aba45da0d7645c7111efcb7cd__3  av-video-slide  av-video-service-youtube  av-mute-video av-mobile-fallback-image  slide-4 slide-even'><div data-rel='slideshow-1' class='avia-slide-wrap'   ><div class='av-click-overlay'><\/div><div class='mejs-mediaelement'  itemprop=\"video\" itemtype=\"https:\/\/schema.org\/VideoObject\" ><div height='1600' width='900' class='av_youtube_frame' id='player_142_510811175_902809327'  data-autoplay='0'  data-videoid='9I2WzAzzFzE'  data-hd='1'  data-rel='0'  data-wmode='opaque'  data-loop='0'  data-version='3'  data-autohide='1'  data-color='white'  data-controls='1'  data-iv_load_policy='3'  data-original_url='https:\/\/youtu.be\/9I2WzAzzFzE' ><\/div><\/div><div class=\"av-click-to-play-overlay\"><div class=\"avia_playpause_icon\"><\/div><\/div><\/div><\/li><\/ul><div class='avia-slideshow-arrows avia-slideshow-controls' ><a href='#prev' class='prev-slide' aria-hidden='true' data-av_icon='\ue87c' data-av_iconfont='entypo-fontello'  tabindex='-1'>Pr\u00e9c\u00e9dent<\/a><a href='#next' class='next-slide' aria-hidden='true' data-av_icon='\ue87d' data-av_iconfont='entypo-fontello'  tabindex='-1'>Suivant<\/a><\/div><div class='avia-slideshow-dots avia-slideshow-controls'><a href='#1' class='goto-slide active' >1<\/a><a href='#2' class='goto-slide' >2<\/a><a href='#3' class='goto-slide' >3<\/a><a href='#4' class='goto-slide' >4<\/a><\/div><\/div><\/div>","protected":false},"excerpt":{"rendered":"","protected":false},"author":1,"featured_media":0,"parent":36,"menu_order":4600,"comment_status":"closed","ping_status":"closed","template":"","meta":{"inline_featured_image":false,"footnotes":""},"class_list":["post-142","page","type-page","status-publish","hentry"],"aioseo_notices":[],"_links":{"self":[{"href":"https:\/\/bsf-ag.ch\/fr\/wp-json\/wp\/v2\/pages\/142","targetHints":{"allow":["GET"]}}],"collection":[{"href":"https:\/\/bsf-ag.ch\/fr\/wp-json\/wp\/v2\/pages"}],"about":[{"href":"https:\/\/bsf-ag.ch\/fr\/wp-json\/wp\/v2\/types\/page"}],"author":[{"embeddable":true,"href":"https:\/\/bsf-ag.ch\/fr\/wp-json\/wp\/v2\/users\/1"}],"replies":[{"embeddable":true,"href":"https:\/\/bsf-ag.ch\/fr\/wp-json\/wp\/v2\/comments?post=142"}],"version-history":[{"count":18,"href":"https:\/\/bsf-ag.ch\/fr\/wp-json\/wp\/v2\/pages\/142\/revisions"}],"predecessor-version":[{"id":1842,"href":"https:\/\/bsf-ag.ch\/fr\/wp-json\/wp\/v2\/pages\/142\/revisions\/1842"}],"up":[{"embeddable":true,"href":"https:\/\/bsf-ag.ch\/fr\/wp-json\/wp\/v2\/pages\/36"}],"wp:attachment":[{"href":"https:\/\/bsf-ag.ch\/fr\/wp-json\/wp\/v2\/media?parent=142"}],"curies":[{"name":"wp","href":"https:\/\/api.w.org\/{rel}","templated":true}]}}