{"id":140,"date":"2022-06-16T12:06:50","date_gmt":"2022-06-16T12:06:50","guid":{"rendered":"https:\/\/bsf-ag.ch\/?page_id=140"},"modified":"2023-06-27T22:51:06","modified_gmt":"2023-06-27T20:51:06","slug":"schleifen","status":"publish","type":"page","link":"https:\/\/bsf-ag.ch\/fr\/kompetenzen\/schleifen\/","title":{"rendered":"Pon\u00e7age"},"content":{"rendered":"<style type=\"text\/css\" data-created_by=\"avia_inline_auto\" id=\"style-css-av-7qj44-ae59a764353759e64d1c16f5b4f7afdb\">\n.avia-section.av-7qj44-ae59a764353759e64d1c16f5b4f7afdb .av-parallax .av-parallax-inner{\nbackground-repeat:no-repeat;\nbackground-image:url(https:\/\/bsf-ag.ch\/wp-content\/uploads\/2022\/07\/02BSF-drehen.png);\nbackground-position:100% 50%;\nbackground-attachment:scroll;\n}\n.avia-section.av-7qj44-ae59a764353759e64d1c16f5b4f7afdb .av-section-color-overlay{\nopacity:0.4;\nbackground-color:#000000;\n}\n<\/style>\n<div id='av_section_1'  class='avia-section av-7qj44-ae59a764353759e64d1c16f5b4f7afdb main_color avia-section-default avia-no-border-styling  avia-builder-el-0  el_before_av_submenu  avia-builder-el-first  av-parallax-section avia-bg-style-parallax av-section-color-overlay-active container_wrap fullsize'  data-section-bg-repeat='no-repeat'><div class='av-parallax' data-avia-parallax-ratio='0.3' ><div class='av-parallax-inner main_color avia-full-stretch'><\/div><\/div><div class=\"av-section-color-overlay-wrap\"><div class=\"av-section-color-overlay\"><\/div><div class='container av-section-cont-open' ><main  role=\"main\" itemprop=\"mainContentOfPage\"  class='template-page content  av-content-full alpha units'><div class='post-entry post-entry-type-page post-entry-140'><div class='entry-content-wrapper clearfix'>\n\n<style type=\"text\/css\" data-created_by=\"avia_inline_auto\" id=\"style-css-av-l5h6kowp-622bff255727e5e6468d631de66b1054\">\n#top .av-special-heading.av-l5h6kowp-622bff255727e5e6468d631de66b1054{\npadding-bottom:10px;\ncolor:#ffffff;\n}\nbody .av-special-heading.av-l5h6kowp-622bff255727e5e6468d631de66b1054 .av-special-heading-tag .heading-char{\nfont-size:25px;\n}\n.av-special-heading.av-l5h6kowp-622bff255727e5e6468d631de66b1054 .special-heading-inner-border{\nborder-color:#ffffff;\n}\n.av-special-heading.av-l5h6kowp-622bff255727e5e6468d631de66b1054 .av-subheading{\nfont-size:15px;\n}\n<\/style>\n<div  class='av-special-heading av-l5h6kowp-622bff255727e5e6468d631de66b1054 av-special-heading-h1 custom-color-heading blockquote modern-quote modern-centered  avia-builder-el-1  avia-builder-el-no-sibling'><h1 class='av-special-heading-tag'  itemprop=\"headline\"  >Pon\u00e7age<\/h1><div class=\"special-heading-border\"><div class=\"special-heading-inner-border\"><\/div><\/div><\/div>\n\n<\/div><\/div><\/main><!-- close content main element --><\/div><\/div><\/div><div class='clear'><\/div><div id='sub_menu1'  class='av-submenu-container av-av_submenu-ef05e9dedff25f735e7e44eaa52b7e56 main_color av-switch-990  avia-builder-el-2  el_after_av_section  el_before_av_one_half  av-sticky-submenu submenu-not-first container_wrap fullsize' style='z-index:301' ><div class='container av-menu-mobile-active av-submenu-pos-center av-submenu-hidden'><a href=\"#\" class=\"mobile_menu_toggle\" aria-hidden='true' data-av_icon='\ue8a5' data-av_iconfont='entypo-fontello'><span class=\"av-current-placeholder\">Menu<\/span><\/a><ul id=\"menu-kompetenzen\" class=\"av-subnav-menu\" role=\"menu\"><li role=\"menuitem\" id=\"menu-item-1582\" class=\"menu-item menu-item-type-post_type menu-item-object-page menu-item-top-level menu-item-top-level-1\"><a href=\"https:\/\/bsf-ag.ch\/fr\/kompetenzen\/konstruktion\/\" itemprop=\"url\" tabindex=\"0\"><span class=\"avia-bullet\"><\/span><span class=\"avia-menu-text\">Construction<\/span><span class=\"avia-menu-fx\"><span class=\"avia-arrow-wrap\"><span class=\"avia-arrow\"><\/span><\/span><\/span><\/a><\/li>\n<li role=\"menuitem\" id=\"menu-item-1583\" class=\"menu-item menu-item-type-post_type menu-item-object-page menu-item-top-level menu-item-top-level-2\"><a href=\"https:\/\/bsf-ag.ch\/fr\/kompetenzen\/lasercusing\/\" itemprop=\"url\" tabindex=\"0\"><span class=\"avia-bullet\"><\/span><span class=\"avia-menu-text\">LaserCUSING<\/span><span class=\"avia-menu-fx\"><span class=\"avia-arrow-wrap\"><span class=\"avia-arrow\"><\/span><\/span><\/span><\/a><\/li>\n<li role=\"menuitem\" id=\"menu-item-1584\" class=\"menu-item menu-item-type-post_type menu-item-object-page menu-item-top-level menu-item-top-level-3\"><a href=\"https:\/\/bsf-ag.ch\/fr\/kompetenzen\/cnc-fraesen\/\" itemprop=\"url\" tabindex=\"0\"><span class=\"avia-bullet\"><\/span><span class=\"avia-menu-text\">Fraisage CNC<\/span><span class=\"avia-menu-fx\"><span class=\"avia-arrow-wrap\"><span class=\"avia-arrow\"><\/span><\/span><\/span><\/a><\/li>\n<li role=\"menuitem\" id=\"menu-item-1585\" class=\"menu-item menu-item-type-post_type menu-item-object-page menu-item-top-level menu-item-top-level-4\"><a href=\"https:\/\/bsf-ag.ch\/fr\/kompetenzen\/cnc-drehen\/\" itemprop=\"url\" tabindex=\"0\"><span class=\"avia-bullet\"><\/span><span class=\"avia-menu-text\">Tournage CNC<\/span><span class=\"avia-menu-fx\"><span class=\"avia-arrow-wrap\"><span class=\"avia-arrow\"><\/span><\/span><\/span><\/a><\/li>\n<li role=\"menuitem\" id=\"menu-item-1586\" class=\"menu-item menu-item-type-post_type menu-item-object-page menu-item-top-level menu-item-top-level-5\"><a href=\"https:\/\/bsf-ag.ch\/fr\/kompetenzen\/schleifen\/\" itemprop=\"url\" tabindex=\"0\"><span class=\"avia-bullet\"><\/span><span class=\"avia-menu-text\">Pon\u00e7age<\/span><span class=\"avia-menu-fx\"><span class=\"avia-arrow-wrap\"><span class=\"avia-arrow\"><\/span><\/span><\/span><\/a><\/li>\n<li role=\"menuitem\" id=\"menu-item-1587\" class=\"menu-item menu-item-type-post_type menu-item-object-page menu-item-top-level menu-item-top-level-6\"><a href=\"https:\/\/bsf-ag.ch\/fr\/kompetenzen\/drahterodieren\/\" itemprop=\"url\" tabindex=\"0\"><span class=\"avia-bullet\"><\/span><span class=\"avia-menu-text\">Electro-\u00e9rosion \u00e0 fil<\/span><span class=\"avia-menu-fx\"><span class=\"avia-arrow-wrap\"><span class=\"avia-arrow\"><\/span><\/span><\/span><\/a><\/li>\n<li role=\"menuitem\" id=\"menu-item-1588\" class=\"menu-item menu-item-type-post_type menu-item-object-page menu-item-top-level menu-item-top-level-7\"><a href=\"https:\/\/bsf-ag.ch\/fr\/kompetenzen\/messen\/\" itemprop=\"url\" tabindex=\"0\"><span class=\"avia-bullet\"><\/span><span class=\"avia-menu-text\">Foires et salons<\/span><span class=\"avia-menu-fx\"><span class=\"avia-arrow-wrap\"><span class=\"avia-arrow\"><\/span><\/span><\/span><\/a><\/li>\n<li role=\"menuitem\" id=\"menu-item-1589\" class=\"menu-item menu-item-type-post_type menu-item-object-page menu-item-top-level menu-item-top-level-8\"><a href=\"https:\/\/bsf-ag.ch\/fr\/kompetenzen\/laserbeschriften\/\" itemprop=\"url\" tabindex=\"0\"><span class=\"avia-bullet\"><\/span><span class=\"avia-menu-text\">Marquage au laser<\/span><span class=\"avia-menu-fx\"><span class=\"avia-arrow-wrap\"><span class=\"avia-arrow\"><\/span><\/span><\/span><\/a><\/li>\n<li role=\"menuitem\" id=\"menu-item-1590\" class=\"menu-item menu-item-type-post_type menu-item-object-page menu-item-top-level menu-item-top-level-9\"><a href=\"https:\/\/bsf-ag.ch\/fr\/kompetenzen\/gleitschleifen\/\" itemprop=\"url\" tabindex=\"0\"><span class=\"avia-bullet\"><\/span><span class=\"avia-menu-text\">Tribofinition<\/span><span class=\"avia-menu-fx\"><span class=\"avia-arrow-wrap\"><span class=\"avia-arrow\"><\/span><\/span><\/span><\/a><\/li>\n<\/ul><\/div><\/div><div class='sticky_placeholder'><\/div><div id='after_submenu_1'  class='main_color av_default_container_wrap container_wrap fullsize'  ><div class='container av-section-cont-open' ><div class='template-page content  av-content-full alpha units'><div class='post-entry post-entry-type-page post-entry-140'><div class='entry-content-wrapper clearfix'>\n<div  class='flex_column av-ric44-e61008584fb8b40e852340a000abb8cc av_one_half  avia-builder-el-3  el_after_av_submenu  el_before_av_one_half  avia-builder-el-first  first flex_column_div'     ><p>\n<style type=\"text\/css\" data-created_by=\"avia_inline_auto\" id=\"style-css-av-l56tok1k-8d746e7009e5b7cbcfd5228684286a5a\">\n#top .av-special-heading.av-l56tok1k-8d746e7009e5b7cbcfd5228684286a5a{\npadding-bottom:10px;\n}\nbody .av-special-heading.av-l56tok1k-8d746e7009e5b7cbcfd5228684286a5a .av-special-heading-tag .heading-char{\nfont-size:25px;\n}\n.av-special-heading.av-l56tok1k-8d746e7009e5b7cbcfd5228684286a5a .av-subheading{\nfont-size:15px;\n}\n<\/style>\n<div  class='av-special-heading av-l56tok1k-8d746e7009e5b7cbcfd5228684286a5a av-special-heading-h2 blockquote modern-quote  avia-builder-el-4  el_before_av_hr  avia-builder-el-first'><h2 class='av-special-heading-tag'  itemprop=\"headline\"  >La plus haute qualit\u00e9. Gr\u00e2ce \u00e0 notre exp\u00e9rience.<\/h2><div class=\"special-heading-border\"><div class=\"special-heading-inner-border\"><\/div><\/div><\/div><br \/>\n\n<style type=\"text\/css\" data-created_by=\"avia_inline_auto\" id=\"style-css-av-l5h6k1r8-94a4cda94fd8a94b1247ba58c3e70d0c\">\n#top .hr.av-l5h6k1r8-94a4cda94fd8a94b1247ba58c3e70d0c{\nmargin-top:1px;\nmargin-bottom:20px;\n}\n.hr.av-l5h6k1r8-94a4cda94fd8a94b1247ba58c3e70d0c .hr-inner{\nwidth:60px;\nborder-color:#67ad23;\n}\n<\/style>\n<div  class='hr av-l5h6k1r8-94a4cda94fd8a94b1247ba58c3e70d0c hr-custom  avia-builder-el-5  el_after_av_heading  el_before_av_textblock  hr-left hr-icon-no'><span class='hr-inner inner-border-av-border-fat'><span class=\"hr-inner-style\"><\/span><\/span><\/div><br \/>\n<section  class='av_textblock_section av-l4i6lz9k-095c31e683fb5dcbf1eeb80f85346525'   itemscope=\"itemscope\" itemtype=\"https:\/\/schema.org\/CreativeWork\" ><div class='avia_textblock'  itemprop=\"text\" ><div id=\"text\">\n<p>En rectification plane, les machines atteignent une plan\u00e9it\u00e9 et un parall\u00e9lisme extr\u00eames. L'usinage sur plusieurs faces et le travail avec les angles les plus divers sont \u00e9galement possibles avec une qualit\u00e9 \u00e9lev\u00e9e. Gr\u00e2ce \u00e0 des machines techniquement \u00e0 jour et \u00e0 une longue exp\u00e9rience, BSF B\u00fcnter AG garantit une qualit\u00e9 de surface parfaite et les meilleurs r\u00e9sultats dans l'acier et l'aluminium.<\/p>\n<p>En f\u00e9vrier 2018, l'atelier de rectification de pr\u00e9cision Bruno Sieber a pu \u00eatre int\u00e9gr\u00e9 \u00e0 BSF B\u00fcnter AG. L'ensemble du savoir-faire, des machines, des \u00e9quipements et des collaborateurs a \u00e9t\u00e9 repris et est d\u00e9sormais pr\u00eat \u00e0 r\u00e9pondre \u00e0 vos commandes. Les technologies de rectification cylindrique et de superfinition permettent de r\u00e9aliser des pi\u00e8ces rondes avec des pr\u00e9cisions de quelques microm\u00e8tres et des surfaces jusqu'\u00e0 Ra 0,05.<\/p>\n<\/div>\n<\/div><\/section><\/p><\/div>\n<div  class='flex_column av-liito-b11a3a0ecd2ca2424c9f22d6f5bcbd44 av_one_half  avia-builder-el-7  el_after_av_one_half  avia-builder-el-last  flex_column_div'     ><div  class='avia-slideshow av-l4i6nar9-a3b42793218dcfd07599f59120e8ab8a avia-slideshow-large av_slideshow avia-slide-slider  avia-builder-el-8  avia-builder-el-no-sibling  av-slideshow-ui av-control-default av-slideshow-autoplay av-loop-endless av-loop-manual-endless av-default-height-applied avia-slideshow-1' data-slideshow-options=\"{&quot;animation&quot;:&quot;slide&quot;,&quot;autoplay&quot;:true,&quot;loop_autoplay&quot;:&quot;endless&quot;,&quot;interval&quot;:6,&quot;loop_manual&quot;:&quot;manual-endless&quot;,&quot;autoplay_stopper&quot;:false,&quot;noNavigation&quot;:false,&quot;bg_slider&quot;:false,&quot;keep_padding&quot;:false,&quot;hoverpause&quot;:false,&quot;show_slide_delay&quot;:0}\"  itemprop=\"image\" itemscope=\"itemscope\" itemtype=\"https:\/\/schema.org\/ImageObject\" ><ul class='avia-slideshow-inner' style='padding-bottom: 55.825242718447%;'><li  class='avia-slideshow-slide av-l4i6nar9-a3b42793218dcfd07599f59120e8ab8a__0  slide-1 slide-odd'><div data-rel='slideshow-1' class='avia-slide-wrap'   ><img decoding=\"async\" fetchpriority=\"high\" class=\"wp-image-631 avia-img-lazy-loading-not-631\"  src=\"https:\/\/bsf-ag.ch\/wp-content\/uploads\/2022\/06\/BSF-flachschleifen_b-1030x575.jpg\" width=\"1030\" height=\"575\" title='RECTIFICATION PLANE' alt=''  itemprop=\"thumbnailUrl\" srcset=\"https:\/\/bsf-ag.ch\/wp-content\/uploads\/2022\/06\/BSF-flachschleifen_b-1030x575.jpg 1030w, https:\/\/bsf-ag.ch\/wp-content\/uploads\/2022\/06\/BSF-flachschleifen_b-300x167.jpg 300w, https:\/\/bsf-ag.ch\/wp-content\/uploads\/2022\/06\/BSF-flachschleifen_b-768x429.jpg 768w, https:\/\/bsf-ag.ch\/wp-content\/uploads\/2022\/06\/BSF-flachschleifen_b-1536x857.jpg 1536w, https:\/\/bsf-ag.ch\/wp-content\/uploads\/2022\/06\/BSF-flachschleifen_b-1500x837.jpg 1500w, https:\/\/bsf-ag.ch\/wp-content\/uploads\/2022\/06\/BSF-flachschleifen_b-705x393.jpg 705w, https:\/\/bsf-ag.ch\/wp-content\/uploads\/2022\/06\/BSF-flachschleifen_b.jpg 1754w\" sizes=\"(max-width: 1030px) 100vw, 1030px\" \/><\/div><\/li><li  class='avia-slideshow-slide av-l4i6nar9-a3b42793218dcfd07599f59120e8ab8a__1  slide-2 slide-even'><div data-rel='slideshow-1' class='avia-slide-wrap'   ><img decoding=\"async\" fetchpriority=\"high\" class=\"wp-image-1486 avia-img-lazy-loading-not-1486\"  src=\"https:\/\/bsf-ag.ch\/wp-content\/uploads\/2022\/09\/BSF-rundschleifen-1-1030x742.jpg\" width=\"1030\" height=\"742\" title='RECTIFICATION CIRCULAIRE' alt=''  itemprop=\"thumbnailUrl\" srcset=\"https:\/\/bsf-ag.ch\/wp-content\/uploads\/2022\/09\/BSF-rundschleifen-1-1030x742.jpg 1030w, https:\/\/bsf-ag.ch\/wp-content\/uploads\/2022\/09\/BSF-rundschleifen-1-300x216.jpg 300w, https:\/\/bsf-ag.ch\/wp-content\/uploads\/2022\/09\/BSF-rundschleifen-1-768x553.jpg 768w, https:\/\/bsf-ag.ch\/wp-content\/uploads\/2022\/09\/BSF-rundschleifen-1-1536x1106.jpg 1536w, https:\/\/bsf-ag.ch\/wp-content\/uploads\/2022\/09\/BSF-rundschleifen-1-2048x1475.jpg 2048w, https:\/\/bsf-ag.ch\/wp-content\/uploads\/2022\/09\/BSF-rundschleifen-1-1500x1080.jpg 1500w, https:\/\/bsf-ag.ch\/wp-content\/uploads\/2022\/09\/BSF-rundschleifen-1-705x508.jpg 705w\" sizes=\"(max-width: 1030px) 100vw, 1030px\" \/><\/div><\/li><li  class='avia-slideshow-slide av-l4i6nar9-a3b42793218dcfd07599f59120e8ab8a__2  slide-3 slide-odd'><div data-rel='slideshow-1' class='avia-slide-wrap'   ><img decoding=\"async\" fetchpriority=\"high\" class=\"wp-image-241 avia-img-lazy-loading-not-241\"  src=\"https:\/\/bsf-ag.ch\/wp-content\/uploads\/2022\/06\/rundschleifen-bsf-bu\u0308nter-ag-490x-436.jpeg\" width=\"490\" height=\"388\" title='rundschleifen-bsf-bu\u0308nter-ag-490x-436' alt=''  itemprop=\"thumbnailUrl\" srcset=\"https:\/\/bsf-ag.ch\/wp-content\/uploads\/2022\/06\/rundschleifen-bsf-bu\u0308nter-ag-490x-436.jpeg 490w, https:\/\/bsf-ag.ch\/wp-content\/uploads\/2022\/06\/rundschleifen-bsf-bu\u0308nter-ag-490x-436-300x238.jpeg 300w\" sizes=\"(max-width: 490px) 100vw, 490px\" \/><\/div><\/li><\/ul><div class='avia-slideshow-arrows avia-slideshow-controls' ><a href='#prev' class='prev-slide' aria-hidden='true' data-av_icon='\ue87c' data-av_iconfont='entypo-fontello'  tabindex='-1'>Pr\u00e9c\u00e9dent<\/a><a href='#next' class='next-slide' aria-hidden='true' data-av_icon='\ue87d' data-av_iconfont='entypo-fontello'  tabindex='-1'>Suivant<\/a><\/div><div class='avia-slideshow-dots avia-slideshow-controls'><a href='#1' class='goto-slide active' >1<\/a><a href='#2' class='goto-slide' >2<\/a><\/div><\/div><\/div>","protected":false},"excerpt":{"rendered":"","protected":false},"author":1,"featured_media":0,"parent":36,"menu_order":4500,"comment_status":"closed","ping_status":"closed","template":"","meta":{"inline_featured_image":false,"footnotes":""},"class_list":["post-140","page","type-page","status-publish","hentry"],"aioseo_notices":[],"_links":{"self":[{"href":"https:\/\/bsf-ag.ch\/fr\/wp-json\/wp\/v2\/pages\/140","targetHints":{"allow":["GET"]}}],"collection":[{"href":"https:\/\/bsf-ag.ch\/fr\/wp-json\/wp\/v2\/pages"}],"about":[{"href":"https:\/\/bsf-ag.ch\/fr\/wp-json\/wp\/v2\/types\/page"}],"author":[{"embeddable":true,"href":"https:\/\/bsf-ag.ch\/fr\/wp-json\/wp\/v2\/users\/1"}],"replies":[{"embeddable":true,"href":"https:\/\/bsf-ag.ch\/fr\/wp-json\/wp\/v2\/comments?post=140"}],"version-history":[{"count":16,"href":"https:\/\/bsf-ag.ch\/fr\/wp-json\/wp\/v2\/pages\/140\/revisions"}],"predecessor-version":[{"id":1841,"href":"https:\/\/bsf-ag.ch\/fr\/wp-json\/wp\/v2\/pages\/140\/revisions\/1841"}],"up":[{"embeddable":true,"href":"https:\/\/bsf-ag.ch\/fr\/wp-json\/wp\/v2\/pages\/36"}],"wp:attachment":[{"href":"https:\/\/bsf-ag.ch\/fr\/wp-json\/wp\/v2\/media?parent=140"}],"curies":[{"name":"wp","href":"https:\/\/api.w.org\/{rel}","templated":true}]}}