{"id":132,"date":"2022-06-16T12:04:56","date_gmt":"2022-06-16T12:04:56","guid":{"rendered":"https:\/\/bsf-ag.ch\/?page_id=132"},"modified":"2023-06-27T22:02:35","modified_gmt":"2023-06-27T20:02:35","slug":"konstruktion","status":"publish","type":"page","link":"https:\/\/bsf-ag.ch\/fr\/kompetenzen\/konstruktion\/","title":{"rendered":"Construction"},"content":{"rendered":"<style type=\"text\/css\" data-created_by=\"avia_inline_auto\" id=\"style-css-av-fyiz0-ca35b1edc134e126766701fe3d7118a7\">\n.avia-section.av-fyiz0-ca35b1edc134e126766701fe3d7118a7 .av-parallax .av-parallax-inner{\nbackground-repeat:no-repeat;\nbackground-image:url(https:\/\/bsf-ag.ch\/wp-content\/uploads\/2022\/07\/02BSF-drehen.png);\nbackground-position:100% 50%;\nbackground-attachment:scroll;\n}\n.avia-section.av-fyiz0-ca35b1edc134e126766701fe3d7118a7 .av-section-color-overlay{\nopacity:0.4;\nbackground-color:#000000;\n}\n<\/style>\n<div id='av_section_1'  class='avia-section av-fyiz0-ca35b1edc134e126766701fe3d7118a7 main_color avia-section-default avia-no-border-styling  avia-builder-el-0  el_before_av_submenu  avia-builder-el-first  av-parallax-section avia-bg-style-parallax av-section-color-overlay-active container_wrap fullsize'  data-section-bg-repeat='no-repeat'><div class='av-parallax' data-avia-parallax-ratio='0.3' ><div class='av-parallax-inner main_color avia-full-stretch'><\/div><\/div><div class=\"av-section-color-overlay-wrap\"><div class=\"av-section-color-overlay\"><\/div><div class='container av-section-cont-open' ><main  role=\"main\" itemprop=\"mainContentOfPage\"  class='template-page content  av-content-full alpha units'><div class='post-entry post-entry-type-page post-entry-132'><div class='entry-content-wrapper clearfix'>\n\n<style type=\"text\/css\" data-created_by=\"avia_inline_auto\" id=\"style-css-av-l5h5xo0s-fddd0199e06f775e11d41ce9bd0ef9d9\">\n#top .av-special-heading.av-l5h5xo0s-fddd0199e06f775e11d41ce9bd0ef9d9{\npadding-bottom:10px;\ncolor:#ffffff;\n}\nbody .av-special-heading.av-l5h5xo0s-fddd0199e06f775e11d41ce9bd0ef9d9 .av-special-heading-tag .heading-char{\nfont-size:25px;\n}\n.av-special-heading.av-l5h5xo0s-fddd0199e06f775e11d41ce9bd0ef9d9 .special-heading-inner-border{\nborder-color:#ffffff;\n}\n.av-special-heading.av-l5h5xo0s-fddd0199e06f775e11d41ce9bd0ef9d9 .av-subheading{\nfont-size:15px;\n}\n<\/style>\n<div  class='av-special-heading av-l5h5xo0s-fddd0199e06f775e11d41ce9bd0ef9d9 av-special-heading-h1 custom-color-heading blockquote modern-quote modern-centered  avia-builder-el-1  avia-builder-el-no-sibling'><h1 class='av-special-heading-tag'  itemprop=\"headline\"  >Construction<\/h1><div class=\"special-heading-border\"><div class=\"special-heading-inner-border\"><\/div><\/div><\/div>\n\n<\/div><\/div><\/main><!-- close content main element --><\/div><\/div><\/div><div class='clear'><\/div><div id='sub_menu1'  class='av-submenu-container av-av_submenu-ef05e9dedff25f735e7e44eaa52b7e56 main_color av-switch-990  avia-builder-el-2  el_after_av_section  el_before_av_one_half  av-sticky-submenu submenu-not-first container_wrap fullsize' style='z-index:301' ><div class='container av-menu-mobile-active av-submenu-pos-center av-submenu-hidden'><a href=\"#\" class=\"mobile_menu_toggle\" aria-hidden='true' data-av_icon='\ue8a5' data-av_iconfont='entypo-fontello'><span class=\"av-current-placeholder\">Menu<\/span><\/a><ul id=\"menu-kompetenzen\" class=\"av-subnav-menu\" role=\"menu\"><li role=\"menuitem\" id=\"menu-item-1582\" class=\"menu-item menu-item-type-post_type menu-item-object-page menu-item-top-level menu-item-top-level-1\"><a href=\"https:\/\/bsf-ag.ch\/fr\/kompetenzen\/konstruktion\/\" itemprop=\"url\" tabindex=\"0\"><span class=\"avia-bullet\"><\/span><span class=\"avia-menu-text\">Construction<\/span><span class=\"avia-menu-fx\"><span class=\"avia-arrow-wrap\"><span class=\"avia-arrow\"><\/span><\/span><\/span><\/a><\/li>\n<li role=\"menuitem\" id=\"menu-item-1583\" class=\"menu-item menu-item-type-post_type menu-item-object-page menu-item-top-level menu-item-top-level-2\"><a href=\"https:\/\/bsf-ag.ch\/fr\/kompetenzen\/lasercusing\/\" itemprop=\"url\" tabindex=\"0\"><span class=\"avia-bullet\"><\/span><span class=\"avia-menu-text\">LaserCUSING<\/span><span class=\"avia-menu-fx\"><span class=\"avia-arrow-wrap\"><span class=\"avia-arrow\"><\/span><\/span><\/span><\/a><\/li>\n<li role=\"menuitem\" id=\"menu-item-1584\" class=\"menu-item menu-item-type-post_type menu-item-object-page menu-item-top-level menu-item-top-level-3\"><a href=\"https:\/\/bsf-ag.ch\/fr\/kompetenzen\/cnc-fraesen\/\" itemprop=\"url\" tabindex=\"0\"><span class=\"avia-bullet\"><\/span><span class=\"avia-menu-text\">Fraisage CNC<\/span><span class=\"avia-menu-fx\"><span class=\"avia-arrow-wrap\"><span class=\"avia-arrow\"><\/span><\/span><\/span><\/a><\/li>\n<li role=\"menuitem\" id=\"menu-item-1585\" class=\"menu-item menu-item-type-post_type menu-item-object-page menu-item-top-level menu-item-top-level-4\"><a href=\"https:\/\/bsf-ag.ch\/fr\/kompetenzen\/cnc-drehen\/\" itemprop=\"url\" tabindex=\"0\"><span class=\"avia-bullet\"><\/span><span class=\"avia-menu-text\">Tournage CNC<\/span><span class=\"avia-menu-fx\"><span class=\"avia-arrow-wrap\"><span class=\"avia-arrow\"><\/span><\/span><\/span><\/a><\/li>\n<li role=\"menuitem\" id=\"menu-item-1586\" class=\"menu-item menu-item-type-post_type menu-item-object-page menu-item-top-level menu-item-top-level-5\"><a href=\"https:\/\/bsf-ag.ch\/fr\/kompetenzen\/schleifen\/\" itemprop=\"url\" tabindex=\"0\"><span class=\"avia-bullet\"><\/span><span class=\"avia-menu-text\">Pon\u00e7age<\/span><span class=\"avia-menu-fx\"><span class=\"avia-arrow-wrap\"><span class=\"avia-arrow\"><\/span><\/span><\/span><\/a><\/li>\n<li role=\"menuitem\" id=\"menu-item-1587\" class=\"menu-item menu-item-type-post_type menu-item-object-page menu-item-top-level menu-item-top-level-6\"><a href=\"https:\/\/bsf-ag.ch\/fr\/kompetenzen\/drahterodieren\/\" itemprop=\"url\" tabindex=\"0\"><span class=\"avia-bullet\"><\/span><span class=\"avia-menu-text\">Electro-\u00e9rosion \u00e0 fil<\/span><span class=\"avia-menu-fx\"><span class=\"avia-arrow-wrap\"><span class=\"avia-arrow\"><\/span><\/span><\/span><\/a><\/li>\n<li role=\"menuitem\" id=\"menu-item-1588\" class=\"menu-item menu-item-type-post_type menu-item-object-page menu-item-top-level menu-item-top-level-7\"><a href=\"https:\/\/bsf-ag.ch\/fr\/kompetenzen\/messen\/\" itemprop=\"url\" tabindex=\"0\"><span class=\"avia-bullet\"><\/span><span class=\"avia-menu-text\">Foires et salons<\/span><span class=\"avia-menu-fx\"><span class=\"avia-arrow-wrap\"><span class=\"avia-arrow\"><\/span><\/span><\/span><\/a><\/li>\n<li role=\"menuitem\" id=\"menu-item-1589\" class=\"menu-item menu-item-type-post_type menu-item-object-page menu-item-top-level menu-item-top-level-8\"><a href=\"https:\/\/bsf-ag.ch\/fr\/kompetenzen\/laserbeschriften\/\" itemprop=\"url\" tabindex=\"0\"><span class=\"avia-bullet\"><\/span><span class=\"avia-menu-text\">Marquage au laser<\/span><span class=\"avia-menu-fx\"><span class=\"avia-arrow-wrap\"><span class=\"avia-arrow\"><\/span><\/span><\/span><\/a><\/li>\n<li role=\"menuitem\" id=\"menu-item-1590\" class=\"menu-item menu-item-type-post_type menu-item-object-page menu-item-top-level menu-item-top-level-9\"><a href=\"https:\/\/bsf-ag.ch\/fr\/kompetenzen\/gleitschleifen\/\" itemprop=\"url\" tabindex=\"0\"><span class=\"avia-bullet\"><\/span><span class=\"avia-menu-text\">Tribofinition<\/span><span class=\"avia-menu-fx\"><span class=\"avia-arrow-wrap\"><span class=\"avia-arrow\"><\/span><\/span><\/span><\/a><\/li>\n<\/ul><\/div><\/div><div class='sticky_placeholder'><\/div><div id='after_submenu_1'  class='main_color av_default_container_wrap container_wrap fullsize'  ><div class='container av-section-cont-open' ><div class='template-page content  av-content-full alpha units'><div class='post-entry post-entry-type-page post-entry-132'><div class='entry-content-wrapper clearfix'>\n<div  class='flex_column av-34xos-d70a644a510411a291a0011330dd4e61 av_one_half  avia-builder-el-3  el_after_av_submenu  el_before_av_one_half  avia-builder-el-first  first flex_column_div'     ><p>\n<style type=\"text\/css\" data-created_by=\"avia_inline_auto\" id=\"style-css-av-l56syy8p-e181956a429a304aea5e11573804def0\">\n#top .av-special-heading.av-l56syy8p-e181956a429a304aea5e11573804def0{\npadding-bottom:15px;\n}\nbody .av-special-heading.av-l56syy8p-e181956a429a304aea5e11573804def0 .av-special-heading-tag .heading-char{\nfont-size:25px;\n}\n.av-special-heading.av-l56syy8p-e181956a429a304aea5e11573804def0 .av-subheading{\nfont-size:15px;\n}\n<\/style>\n<div  class='av-special-heading av-l56syy8p-e181956a429a304aea5e11573804def0 av-special-heading-h2 blockquote modern-quote  avia-builder-el-4  el_before_av_hr  avia-builder-el-first'><h2 class='av-special-heading-tag'  itemprop=\"headline\"  >Faire na\u00eetre des id\u00e9es et des visions. Avec nous comme partenaire.<\/h2><div class=\"special-heading-border\"><div class=\"special-heading-inner-border\"><\/div><\/div><\/div><br \/>\n\n<style type=\"text\/css\" data-created_by=\"avia_inline_auto\" id=\"style-css-av-l5h5y25m-658584c44aa742cb4097d969c88453ee\">\n#top .hr.av-l5h5y25m-658584c44aa742cb4097d969c88453ee{\nmargin-top:1px;\nmargin-bottom:20px;\n}\n.hr.av-l5h5y25m-658584c44aa742cb4097d969c88453ee .hr-inner{\nwidth:60px;\nborder-color:#67ad23;\n}\n<\/style>\n<div  class='hr av-l5h5y25m-658584c44aa742cb4097d969c88453ee hr-custom  avia-builder-el-5  el_after_av_heading  el_before_av_textblock  hr-left hr-icon-no'><span class='hr-inner inner-border-av-border-fat'><span class=\"hr-inner-style\"><\/span><\/span><\/div><br \/>\n<section  class='av_textblock_section av-l4i55fr6-6be05a276069680b6590be42ca904b1e'   itemscope=\"itemscope\" itemtype=\"https:\/\/schema.org\/CreativeWork\" ><div class='avia_textblock'  itemprop=\"text\" ><p>BSF B\u00fcnter AG apporte les id\u00e9es et les visions de ses clients sur la bonne interface de donn\u00e9es pour le traitement ult\u00e9rieur dans le domaine 3D. Gr\u00e2ce \u00e0 la technologie CAD-CAM, l'entreprise dispose d'une interface directe depuis la conception jusqu'\u00e0 la machine CNC, en passant par la programmation, pour l'usinage cubique, rotatif et s\u00e9lectif.<\/p>\n<\/div><\/section><br \/>\n\n<style type=\"text\/css\" data-created_by=\"avia_inline_auto\" id=\"style-css-av-l56t6l17-c71e6b55c17f060ff1918b6abf3ab143\">\n#top .av-special-heading.av-l56t6l17-c71e6b55c17f060ff1918b6abf3ab143{\npadding-bottom:15px;\n}\nbody .av-special-heading.av-l56t6l17-c71e6b55c17f060ff1918b6abf3ab143 .av-special-heading-tag .heading-char{\nfont-size:25px;\n}\n.av-special-heading.av-l56t6l17-c71e6b55c17f060ff1918b6abf3ab143 .av-subheading{\nfont-size:15px;\n}\n<\/style>\n<div  class='av-special-heading av-l56t6l17-c71e6b55c17f060ff1918b6abf3ab143 av-special-heading-h2 blockquote modern-quote  avia-builder-el-7  el_after_av_textblock  el_before_av_hr'><h2 class='av-special-heading-tag'  itemprop=\"headline\"  >Vous avez besoin d'aide pour la conception additive ?<\/h2><div class=\"special-heading-border\"><div class=\"special-heading-inner-border\"><\/div><\/div><\/div><br \/>\n\n<style type=\"text\/css\" data-created_by=\"avia_inline_auto\" id=\"style-css-av-9hwqs-ae3dcef1b6226c1425fbbd54dcf1e422\">\n#top .hr.av-9hwqs-ae3dcef1b6226c1425fbbd54dcf1e422{\nmargin-top:1px;\nmargin-bottom:20px;\n}\n.hr.av-9hwqs-ae3dcef1b6226c1425fbbd54dcf1e422 .hr-inner{\nwidth:60px;\nborder-color:#67ad23;\n}\n<\/style>\n<div  class='hr av-9hwqs-ae3dcef1b6226c1425fbbd54dcf1e422 hr-custom  avia-builder-el-8  el_after_av_heading  el_before_av_textblock  hr-left hr-icon-no'><span class='hr-inner inner-border-av-border-fat'><span class=\"hr-inner-style\"><\/span><\/span><\/div><br \/>\n<section  class='av_textblock_section av-l56t6dsa-1458a879da1779a4fbfecef9508c6c33'   itemscope=\"itemscope\" itemtype=\"https:\/\/schema.org\/CreativeWork\" ><div class='avia_textblock'  itemprop=\"text\" ><p>BSF B\u00fcnter AG aide ses clients \u00e0 concevoir des pi\u00e8ces qui doivent \u00eatre fabriqu\u00e9es par fabrication additive. En effet, pour exploiter au maximum le potentiel de cette technologie innovante, il faut beaucoup d'exp\u00e9rience. La sp\u00e9cialit\u00e9 de notre d\u00e9partement de construction est le refroidissement proche du contour. Les outils de moulage par injection produits par fabrication additive (\u00e9galement connue sous le nom de fabrication g\u00e9n\u00e9rative) peuvent \u00eatre dot\u00e9s de canaux de r\u00e9gulation de temp\u00e9rature parfaitement adapt\u00e9s \u00e0 la cavit\u00e9. Gr\u00e2ce \u00e0 ce refroidissement nettement plus r\u00e9gulier et rapide, la d\u00e9formation de vos pi\u00e8ces moul\u00e9es par injection peut \u00eatre consid\u00e9rablement r\u00e9duite, tout en permettant des temps de cycle plus courts.<\/p>\n<p>30 - 50% des temps de cycle plus courts tout en am\u00e9liorant la qualit\u00e9 - Profitez vous aussi des avantages du refroidissement proche du contour, en collaboration avec votre prestataire de services BSF B\u00fcnter AG. Dans la fen\u00eatre vid\u00e9o suivante, des simulations de refroidissement d'outils conventionnels (avec des trous de refroidissement droits) et de canaux de refroidissement proches du contour (fabriqu\u00e9s par SLM) sont diffus\u00e9es en alternance. On constate que dans le cas du refroidissement conventionnel, c'est principalement l'outil qui est refroidi. En revanche, dans le cas du refroidissement proche du contour, l'attention est port\u00e9e de mani\u00e8re cibl\u00e9e sur la surface de la pi\u00e8ce. D'autres exemples sont pr\u00e9sent\u00e9s dans les graphiques.<\/p>\n<\/div><\/section><\/p><\/div>\n<div  class='flex_column av-qtruk-31e558e362921cb2ec2d971e29991525 av_one_half  avia-builder-el-10  el_after_av_one_half  avia-builder-el-last  flex_column_div'     ><div  class='avia-slideshow av-l4i58cqa-e27326ab8bb8f1735e97149c0e1a0f8c avia-slideshow-large av_slideshow avia-slide-slider  avia-builder-el-11  avia-builder-el-no-sibling  av-slideshow-ui av-control-default av-slideshow-autoplay av-loop-endless av-loop-manual-endless av-default-height-applied avia-slideshow-1' data-slideshow-options=\"{&quot;animation&quot;:&quot;slide&quot;,&quot;autoplay&quot;:true,&quot;loop_autoplay&quot;:&quot;endless&quot;,&quot;interval&quot;:6,&quot;loop_manual&quot;:&quot;manual-endless&quot;,&quot;autoplay_stopper&quot;:false,&quot;noNavigation&quot;:false,&quot;bg_slider&quot;:false,&quot;keep_padding&quot;:false,&quot;hoverpause&quot;:false,&quot;show_slide_delay&quot;:0}\"  itemprop=\"image\" itemscope=\"itemscope\" itemtype=\"https:\/\/schema.org\/ImageObject\" ><ul class='avia-slideshow-inner' style='padding-bottom: 66.21359223301%;'><li  class='avia-slideshow-slide av-l4i58cqa-e27326ab8bb8f1735e97149c0e1a0f8c__0  slide-1 slide-odd'><div data-rel='slideshow-1' class='avia-slide-wrap'   ><img decoding=\"async\" fetchpriority=\"high\" class=\"wp-image-1484 avia-img-lazy-loading-not-1484\"  src=\"https:\/\/bsf-ag.ch\/wp-content\/uploads\/2022\/09\/BSF-konstruktion-1030x682.jpg\" width=\"1030\" height=\"682\" title='CONSTRUCTION' alt=''  itemprop=\"thumbnailUrl\" srcset=\"https:\/\/bsf-ag.ch\/wp-content\/uploads\/2022\/09\/BSF-konstruktion-1030x682.jpg 1030w, https:\/\/bsf-ag.ch\/wp-content\/uploads\/2022\/09\/BSF-konstruktion-300x199.jpg 300w, https:\/\/bsf-ag.ch\/wp-content\/uploads\/2022\/09\/BSF-konstruktion-768x509.jpg 768w, https:\/\/bsf-ag.ch\/wp-content\/uploads\/2022\/09\/BSF-konstruktion-1536x1018.jpg 1536w, https:\/\/bsf-ag.ch\/wp-content\/uploads\/2022\/09\/BSF-konstruktion-2048x1357.jpg 2048w, https:\/\/bsf-ag.ch\/wp-content\/uploads\/2022\/09\/BSF-konstruktion-1500x994.jpg 1500w, https:\/\/bsf-ag.ch\/wp-content\/uploads\/2022\/09\/BSF-konstruktion-705x467.jpg 705w\" sizes=\"(max-width: 1030px) 100vw, 1030px\" \/><div class=\"av-click-to-play-overlay\"><div class=\"avia_playpause_icon\"><\/div><\/div><\/div><\/li><li  class='avia-slideshow-slide av-l4i58cqa-e27326ab8bb8f1735e97149c0e1a0f8c__1  slide-2 slide-even'><div data-rel='slideshow-1' class='avia-slide-wrap'   ><img decoding=\"async\" fetchpriority=\"high\" class=\"wp-image-205 avia-img-lazy-loading-not-205\"  src=\"https:\/\/bsf-ag.ch\/wp-content\/uploads\/2022\/06\/bild-kuehlsimulation-fuer-additiv-gefertigte-spritzgusswerkzeuge-490x-627.jpeg\" width=\"490\" height=\"541\" title='image-simulation-de-cuisson-pour-outils-de-moulage-par-injection-fabriqu\u00e9s-additivement-490x-627' alt=''  itemprop=\"thumbnailUrl\" srcset=\"https:\/\/bsf-ag.ch\/wp-content\/uploads\/2022\/06\/bild-kuehlsimulation-fuer-additiv-gefertigte-spritzgusswerkzeuge-490x-627.jpeg 490w, https:\/\/bsf-ag.ch\/wp-content\/uploads\/2022\/06\/bild-kuehlsimulation-fuer-additiv-gefertigte-spritzgusswerkzeuge-490x-627-272x300.jpeg 272w\" sizes=\"(max-width: 490px) 100vw, 490px\" \/><div class=\"av-click-to-play-overlay\"><div class=\"avia_playpause_icon\"><\/div><\/div><\/div><\/li><li  class='avia-slideshow-slide av-l4i58cqa-e27326ab8bb8f1735e97149c0e1a0f8c__2  slide-3 slide-odd'><div data-rel='slideshow-1' class='avia-slide-wrap'   ><img decoding=\"async\" fetchpriority=\"high\" class=\"wp-image-206 avia-img-lazy-loading-not-206\"  src=\"https:\/\/bsf-ag.ch\/wp-content\/uploads\/2022\/06\/bild-kuehlsimulation-konventionell-490x-cc8.jpeg\" width=\"490\" height=\"316\" title='image-simulation-de-coulisse-conventionnelle-490x-cc8' alt=''  itemprop=\"thumbnailUrl\" srcset=\"https:\/\/bsf-ag.ch\/wp-content\/uploads\/2022\/06\/bild-kuehlsimulation-konventionell-490x-cc8.jpeg 490w, https:\/\/bsf-ag.ch\/wp-content\/uploads\/2022\/06\/bild-kuehlsimulation-konventionell-490x-cc8-300x193.jpeg 300w\" sizes=\"(max-width: 490px) 100vw, 490px\" \/><div class=\"av-click-to-play-overlay\"><div class=\"avia_playpause_icon\"><\/div><\/div><\/div><\/li><li  data-controls='' data-mute='aviaTBaviaTBvideo_mute' data-loop='' data-disable-autoplay=''  data-video-ratio='1.7777777777778' class='avia-slideshow-slide av-l4i58cqa-e27326ab8bb8f1735e97149c0e1a0f8c__3  av-video-slide  av-video-service-youtube  av-mute-video av-mobile-fallback-image  slide-4 slide-even'><div data-rel='slideshow-1' class='avia-slide-wrap'   ><div class='av-click-overlay'><\/div><div class='mejs-mediaelement'  itemprop=\"video\" itemtype=\"https:\/\/schema.org\/VideoObject\" ><div height='1600' width='900' class='av_youtube_frame' id='player_132_1101557383_894821429'  data-autoplay='0'  data-videoid='5sTBTosV8fQ'  data-hd='1'  data-rel='0'  data-wmode='opaque'  data-loop='0'  data-version='3'  data-autohide='1'  data-color='white'  data-controls='1'  data-iv_load_policy='3'  data-original_url='https:\/\/youtu.be\/5sTBTosV8fQ?list=PLMuh97pP7EHDeLmgIZw-ORmxexock_lyg' ><\/div><\/div><div class=\"av-click-to-play-overlay\"><div class=\"avia_playpause_icon\"><\/div><\/div><\/div><\/li><\/ul><div class='avia-slideshow-arrows avia-slideshow-controls' ><a href='#prev' class='prev-slide' aria-hidden='true' data-av_icon='\ue87c' data-av_iconfont='entypo-fontello'  tabindex='-1'>Pr\u00e9c\u00e9dent<\/a><a href='#next' class='next-slide' aria-hidden='true' data-av_icon='\ue87d' data-av_iconfont='entypo-fontello'  tabindex='-1'>Suivant<\/a><\/div><div class='avia-slideshow-dots avia-slideshow-controls'><a href='#1' class='goto-slide active' >1<\/a><a href='#2' class='goto-slide' >2<\/a><a href='#3' class='goto-slide' >3<\/a><a href='#4' class='goto-slide' >4<\/a><\/div><\/div><\/div>","protected":false},"excerpt":{"rendered":"","protected":false},"author":1,"featured_media":0,"parent":36,"menu_order":4100,"comment_status":"closed","ping_status":"closed","template":"","meta":{"inline_featured_image":false,"footnotes":""},"class_list":["post-132","page","type-page","status-publish","hentry"],"aioseo_notices":[],"_links":{"self":[{"href":"https:\/\/bsf-ag.ch\/fr\/wp-json\/wp\/v2\/pages\/132","targetHints":{"allow":["GET"]}}],"collection":[{"href":"https:\/\/bsf-ag.ch\/fr\/wp-json\/wp\/v2\/pages"}],"about":[{"href":"https:\/\/bsf-ag.ch\/fr\/wp-json\/wp\/v2\/types\/page"}],"author":[{"embeddable":true,"href":"https:\/\/bsf-ag.ch\/fr\/wp-json\/wp\/v2\/users\/1"}],"replies":[{"embeddable":true,"href":"https:\/\/bsf-ag.ch\/fr\/wp-json\/wp\/v2\/comments?post=132"}],"version-history":[{"count":28,"href":"https:\/\/bsf-ag.ch\/fr\/wp-json\/wp\/v2\/pages\/132\/revisions"}],"predecessor-version":[{"id":1781,"href":"https:\/\/bsf-ag.ch\/fr\/wp-json\/wp\/v2\/pages\/132\/revisions\/1781"}],"up":[{"embeddable":true,"href":"https:\/\/bsf-ag.ch\/fr\/wp-json\/wp\/v2\/pages\/36"}],"wp:attachment":[{"href":"https:\/\/bsf-ag.ch\/fr\/wp-json\/wp\/v2\/media?parent=132"}],"curies":[{"name":"wp","href":"https:\/\/api.w.org\/{rel}","templated":true}]}}